{"id":99,"date":"2014-02-24T06:17:56","date_gmt":"2014-02-24T06:17:56","guid":{"rendered":"https:\/\/aesthe.ch\/?page_id=99"},"modified":"2016-05-26T15:48:03","modified_gmt":"2016-05-26T13:48:03","slug":"hot-stone-massage","status":"publish","type":"page","link":"https:\/\/aesthe.ch\/de\/treatments\/hot-stone-massage\/","title":{"rendered":"MASSAGEN"},"content":{"rendered":"<p><strong>HOT STONE MASSAGE\u00a0<\/strong><\/p>\n<ul>\n<li>Die Hot Stone Massage dient der Tiefengeweben-Entspannung und der Entgiftung des K\u00f6rpers<\/li>\n<li>Das heisse Vulkangestein hat heilende und entspannende Eigenschaften. Die W\u00e4rme l\u00e4sst die Muskeln entspannen<\/li>\n<li>Die vulkanische Natur des Steins ist bekannt um Energieblockaden im ganzen K\u00f6rper zu l\u00f6sen<\/li>\n<li>Diese tiefenentspannende, heilende Behandlung ist f\u00fcr jeden K\u00f6rper zur Befreiung von Stress und schlechtem Muskelgewebe sowie zur nat\u00fcrlichen Entgiftung des K\u00f6rpers geeignet<\/li>\n<\/ul>\n<p>&nbsp;<\/p>\n<p><strong>STRESSRELEASE BEHANDLUNG<\/strong><\/p>\n<ul>\n<li>\n<p class=\"wsite-content-title\">Stress gilt heute bekanntermassen als eine Hauptursache f\u00fcr vorzeitiges Altern sowie korperliches und seelisches Un-Wohlsein.<\/p>\n<\/li>\n<li>\n<p class=\"wsite-content-title\">Wenn wir Stress erleben, haben wir nur begrenzten Zugang zu unserer Klarheit, Kreativit\u00e4t &#8211; und zu unserer Wahl von mehr Leichtigkeit und Freude!<\/p>\n<\/li>\n<li>Abh\u00e4ngig von Ihnen Zeit, profitieren Sie von die einzige Behandlungen: von Quicky (15 min), durch Relax und Reset (30 min) bis Rechage (60 min)<\/li>\n<\/ul>\n<ul>\n<li><a href=\"http:\/\/www.johan-stressrelease.weebly.com\" target=\"_blank\">Mehr Information \u00fcber die Behandlungen<\/a><\/li>\n<\/ul>\n<p><a href=\"https:\/\/aesthe.ch\/wp-content\/uploads\/2014\/02\/WELLNESS.jpg\"><img decoding=\"async\" loading=\"lazy\" width=\"955\" height=\"532\" class=\"alignnone-left size-medium wp-image-741\" src=\"https:\/\/aesthe.ch\/wp-content\/uploads\/2014\/02\/WELLNESS.jpg\" alt=\"http:\/\/www.dreamstime.com\/royalty-free-stock-photos-man-receiving-hot-stone-massage-young-male-adult-laying-down-image30435588\" srcset=\"https:\/\/aesthe.ch\/wp-content\/uploads\/2014\/02\/WELLNESS.jpg 955w, https:\/\/aesthe.ch\/wp-content\/uploads\/2014\/02\/WELLNESS-300x167.jpg 300w, https:\/\/aesthe.ch\/wp-content\/uploads\/2014\/02\/WELLNESS-600x334.jpg 600w, https:\/\/aesthe.ch\/wp-content\/uploads\/2014\/02\/WELLNESS-215x120.jpg 215w, https:\/\/aesthe.ch\/wp-content\/uploads\/2014\/02\/WELLNESS-120x66.jpg 120w\" sizes=\"(max-width: 955px) 100vw, 955px\" \/><\/a><\/p>","protected":false},"excerpt":{"rendered":"<p>HOT STONE MASSAGE\u00a0 Die Hot Stone Massage dient der Tiefengeweben-Entspannung und der Entgiftung des K\u00f6rpers Das heisse Vulkangestein hat heilende und entspannende Eigenschaften. Die W\u00e4rme&#8230;<\/p>\n","protected":false},"author":2,"featured_media":0,"parent":75,"menu_order":0,"comment_status":"closed","ping_status":"closed","template":"","meta":{"_mi_skip_tracking":false},"yoast_head":"<!-- This site is optimized with the Yoast SEO plugin v19.10 - https:\/\/yoast.com\/wordpress\/plugins\/seo\/ -->\n<title>Hot Stone Massage | Aesthe<\/title>\n<meta name=\"description\" content=\"Experience the proven relaxing and detoxifying effects of the hot stone massage.\" \/>\n<meta name=\"robots\" content=\"index, follow, max-snippet:-1, max-image-preview:large, max-video-preview:-1\" \/>\n<link rel=\"canonical\" href=\"https:\/\/aesthe.ch\/treatments\/hot-stone-massage\/\" \/>\n<meta property=\"og:locale\" content=\"de_DE\" \/>\n<meta property=\"og:type\" content=\"article\" \/>\n<meta property=\"og:title\" content=\"Hot Stone Massage | Aesthe\" \/>\n<meta property=\"og:description\" content=\"Experience the proven relaxing and detoxifying effects of the hot stone massage.\" \/>\n<meta property=\"og:url\" content=\"https:\/\/aesthe.ch\/treatments\/hot-stone-massage\/\" \/>\n<meta property=\"og:site_name\" content=\"Aesthe\" \/>\n<meta property=\"article:publisher\" content=\"https:\/\/www.facebook.com\/pages\/Aesthech\/233269250128188?ref=ts&amp;amp%3bamp%3bamp%3bfref=ts\" \/>\n<meta property=\"article:modified_time\" content=\"2016-05-26T13:48:03+00:00\" \/>\n<meta property=\"og:image\" content=\"https:\/\/aesthe.ch\/wp-content\/uploads\/2014\/02\/WELLNESS.jpg\" \/>\n<meta name=\"twitter:label1\" content=\"Gesch\u00e4tzte Lesezeit\" \/>\n\t<meta name=\"twitter:data1\" content=\"4\u00a0Minuten\" \/>\n<script type=\"application\/ld+json\" class=\"yoast-schema-graph\">{\"@context\":\"https:\/\/schema.org\",\"@graph\":[{\"@type\":\"WebPage\",\"@id\":\"https:\/\/aesthe.ch\/treatments\/hot-stone-massage\/\",\"url\":\"https:\/\/aesthe.ch\/treatments\/hot-stone-massage\/\",\"name\":\"Hot Stone Massage | Aesthe\",\"isPartOf\":{\"@id\":\"https:\/\/aesthe.ch\/de\/#website\"},\"datePublished\":\"2014-02-24T06:17:56+00:00\",\"dateModified\":\"2016-05-26T13:48:03+00:00\",\"description\":\"Experience the proven relaxing and detoxifying effects of the hot stone massage.\",\"breadcrumb\":{\"@id\":\"https:\/\/aesthe.ch\/treatments\/hot-stone-massage\/#breadcrumb\"},\"inLanguage\":\"de\",\"potentialAction\":[{\"@type\":\"ReadAction\",\"target\":[\"https:\/\/aesthe.ch\/treatments\/hot-stone-massage\/\"]}]},{\"@type\":\"BreadcrumbList\",\"@id\":\"https:\/\/aesthe.ch\/treatments\/hot-stone-massage\/#breadcrumb\",\"itemListElement\":[{\"@type\":\"ListItem\",\"position\":1,\"name\":\"Startseite\",\"item\":\"https:\/\/aesthe.ch\/de\/\"},{\"@type\":\"ListItem\",\"position\":2,\"name\":\"BEHANDLUNGEN\",\"item\":\"https:\/\/aesthe.ch\/de\/treatments\/\"},{\"@type\":\"ListItem\",\"position\":3,\"name\":\"MASSAGES\"}]},{\"@type\":\"WebSite\",\"@id\":\"https:\/\/aesthe.ch\/de\/#website\",\"url\":\"https:\/\/aesthe.ch\/de\/\",\"name\":\"Aesthe\",\"description\":\"\",\"potentialAction\":[{\"@type\":\"SearchAction\",\"target\":{\"@type\":\"EntryPoint\",\"urlTemplate\":\"https:\/\/aesthe.ch\/de\/?s={search_term_string}\"},\"query-input\":\"required name=search_term_string\"}],\"inLanguage\":\"de\"}]}<\/script>\n<!-- \/ Yoast SEO plugin. -->","yoast_head_json":{"title":"Hot Stone Massage | Aesthe","description":"Experience the proven relaxing and detoxifying effects of the hot stone massage.","robots":{"index":"index","follow":"follow","max-snippet":"max-snippet:-1","max-image-preview":"max-image-preview:large","max-video-preview":"max-video-preview:-1"},"canonical":"https:\/\/aesthe.ch\/treatments\/hot-stone-massage\/","og_locale":"de_DE","og_type":"article","og_title":"Hot Stone Massage | Aesthe","og_description":"Experience the proven relaxing and detoxifying effects of the hot stone massage.","og_url":"https:\/\/aesthe.ch\/treatments\/hot-stone-massage\/","og_site_name":"Aesthe","article_publisher":"https:\/\/www.facebook.com\/pages\/Aesthech\/233269250128188?ref=ts&amp%3bamp%3bamp%3bfref=ts","article_modified_time":"2016-05-26T13:48:03+00:00","og_image":[{"url":"https:\/\/aesthe.ch\/wp-content\/uploads\/2014\/02\/WELLNESS.jpg"}],"twitter_misc":{"Gesch\u00e4tzte Lesezeit":"4\u00a0Minuten"},"schema":{"@context":"https:\/\/schema.org","@graph":[{"@type":"WebPage","@id":"https:\/\/aesthe.ch\/treatments\/hot-stone-massage\/","url":"https:\/\/aesthe.ch\/treatments\/hot-stone-massage\/","name":"Hot Stone Massage | Aesthe","isPartOf":{"@id":"https:\/\/aesthe.ch\/de\/#website"},"datePublished":"2014-02-24T06:17:56+00:00","dateModified":"2016-05-26T13:48:03+00:00","description":"Experience the proven relaxing and detoxifying effects of the hot stone massage.","breadcrumb":{"@id":"https:\/\/aesthe.ch\/treatments\/hot-stone-massage\/#breadcrumb"},"inLanguage":"de","potentialAction":[{"@type":"ReadAction","target":["https:\/\/aesthe.ch\/treatments\/hot-stone-massage\/"]}]},{"@type":"BreadcrumbList","@id":"https:\/\/aesthe.ch\/treatments\/hot-stone-massage\/#breadcrumb","itemListElement":[{"@type":"ListItem","position":1,"name":"Startseite","item":"https:\/\/aesthe.ch\/de\/"},{"@type":"ListItem","position":2,"name":"BEHANDLUNGEN","item":"https:\/\/aesthe.ch\/de\/treatments\/"},{"@type":"ListItem","position":3,"name":"MASSAGES"}]},{"@type":"WebSite","@id":"https:\/\/aesthe.ch\/de\/#website","url":"https:\/\/aesthe.ch\/de\/","name":"Aesthe","description":"","potentialAction":[{"@type":"SearchAction","target":{"@type":"EntryPoint","urlTemplate":"https:\/\/aesthe.ch\/de\/?s={search_term_string}"},"query-input":"required name=search_term_string"}],"inLanguage":"de"}]}},"_links":{"self":[{"href":"https:\/\/aesthe.ch\/de\/wp-json\/wp\/v2\/pages\/99"}],"collection":[{"href":"https:\/\/aesthe.ch\/de\/wp-json\/wp\/v2\/pages"}],"about":[{"href":"https:\/\/aesthe.ch\/de\/wp-json\/wp\/v2\/types\/page"}],"author":[{"embeddable":true,"href":"https:\/\/aesthe.ch\/de\/wp-json\/wp\/v2\/users\/2"}],"replies":[{"embeddable":true,"href":"https:\/\/aesthe.ch\/de\/wp-json\/wp\/v2\/comments?post=99"}],"version-history":[{"count":30,"href":"https:\/\/aesthe.ch\/de\/wp-json\/wp\/v2\/pages\/99\/revisions"}],"predecessor-version":[{"id":2413,"href":"https:\/\/aesthe.ch\/de\/wp-json\/wp\/v2\/pages\/99\/revisions\/2413"}],"up":[{"embeddable":true,"href":"https:\/\/aesthe.ch\/de\/wp-json\/wp\/v2\/pages\/75"}],"wp:attachment":[{"href":"https:\/\/aesthe.ch\/de\/wp-json\/wp\/v2\/media?parent=99"}],"curies":[{"name":"wp","href":"https:\/\/api.w.org\/{rel}","templated":true}]}}