{"id":75,"date":"2014-02-21T09:18:37","date_gmt":"2014-02-21T09:18:37","guid":{"rendered":"https:\/\/aesthe.ch\/?page_id=75"},"modified":"2017-06-22T11:04:40","modified_gmt":"2017-06-22T09:04:40","slug":"treatments","status":"publish","type":"page","link":"https:\/\/aesthe.ch\/de\/treatments\/","title":{"rendered":"BEHANDLUNGEN"},"content":{"rendered":"<p><\/p>\n<div class=\"row servicesWrapper\">\n<div class=\" col-md-6 col-sm-12 col-xs-12\">\n<article id=\"facialarticle\" class=\"servicePost one\">\n<div id=\"faciallogo\" class=\"icon text-center col-md-6 col-sm-12 col-xs-12\"><img decoding=\"async\" class=\"attachment-service_image wp-post-image\" src=\"https:\/\/aesthe.ch\/wp-content\/uploads\/2016\/04\/1-Body-treatments_transp-e1461987028796.png\" alt=\"for_favicon\" \/><\/div>\n<div class=\"serviceContent col-md-6 col-sm-12 col-xs-12\">\n<h4 style=\"color: #63256b;\">K\u00d6RPERPFLEGE<\/h4>\n<p>Lass deinen Traumk\u00f6rper endlich zur Realit\u00e4t werden. Resistente Fettp\u00f6lsterchen, Cellulite oder schlaffe Haut sind die Problemzonen vieler Menschen. Mit Kombination der modernsten schmerzfreien Methoden wie CoolsShaping-Fettreduktion- Kryolipolyse, akustischer Stosswellentherapie, Lymphdrainage und der formenden Radio-Frequenztherapie sind resistente Fettp\u00f6lsterchen bald Geschichte. Jeder ist einzigartig \u2013 welche Behandlung am besten zu dir passt, erkl\u00e4ren dir unsere Experten in einer kostenlosen Beratung.<\/p>\n<p><a class=\"serviceReadMore\" href=\"https:\/\/aesthe.ch\/de\/treatments\/body-treatments\/\">Weiter lesen<\/a><\/p>\n<\/div>\n<\/article>\n<\/div>\n<div class=\" col-md-6 col-sm-12 col-xs-12\">\n<article id=\"facialarticle\" class=\"servicePost two\">\n<div id=\"faciallogo\" class=\"icon text-center col-md-6 col-sm-12 col-xs-12\"><img decoding=\"async\" class=\"attachment-service_image wp-post-image\" src=\"https:\/\/aesthe.ch\/wp-content\/uploads\/2016\/04\/4-Facials-e1461987647979.png\" alt=\"for_favicon\" width=\"278\" \/><\/div>\n<div class=\"serviceContent col-md-6 col-sm-12 col-xs-12\">\n<h4 style=\"color: #63256b;\">GESICHTSBEHANDLUNGEN<\/h4>\n<p>Gesunde, junge und strahlende Haut ist die Basis Ihrer nat\u00fcrlichen Sch\u00f6nheit.\u00a0Nichtinvasiv und nichtchirurgisch, wir benutzen die modernste Kosmetikwissenschaft f\u00fcr sichtbare und langanhaltende Hautverj\u00fcngung! Speziell auf deine Bed\u00fcrfnisse zugeschnitten, stellen wir dir ein passendes Programm zusammen: Anti-Aging, Lifting und Hautverj\u00fcngung, Tiefenreinigung, Augenkonturkorrektur, Anti-Akne- und Pigmentst\u00f6rungsbehandlung.<\/p>\n<p><a class=\"serviceReadMore\" href=\"https:\/\/aesthe.ch\/de\/treatments\/facial-treatments\/\">Weiter lesen<\/a><\/p>\n<\/div>\n<\/article>\n<\/div>\n<div class=\" col-md-6 col-sm-12 col-xs-12\">\n<article id=\"facialarticle\" class=\"servicePost three\">\n<div id=\"faciallogo\" class=\"icon text-center col-md-6 col-sm-12 col-xs-12\"><img decoding=\"async\" class=\"attachment-service_image wp-post-image\" src=\"https:\/\/aesthe.ch\/wp-content\/uploads\/2016\/04\/2-Permanent-Hair-Removal-e1461987399203.png\" alt=\"for_favicon\" width=\"278\" \/><\/div>\n<div class=\"serviceContent col-md-6 col-sm-12 col-xs-12\">\n<h4 style=\"color: #63256b;\">DAUERHAFTE HAARENTFERNUNG<\/h4>\n<p>Die Zeiten der schmerzhaften und regelm\u00e4ssigen Epilation, Wachsen oder Rasieren oder unsexy behaarte K\u00f6rperstellen sind endlich vorbei! \u00a0Werde immer\u00a0sch\u00f6n, glatt, geschmeidig ohne Haare. Die dauerhafte Haarentfernung\u00a0gibt Dir auch eine Verbesserung des Hautbildes \u2013 keine Unreinheiten, keine entz\u00fcndeten Haarfollikel und bessere Hydration.\u00a0Wie viele Behandlungen notwendig sind, ist sehr individuell und kommt auf deine Haut, Haarfarbe, Dicke der Haare und den Haarwachszyklus an &#8211; keine Sorgen mit Aesthe&#8217;s speziellen Ergebnis Paketen.<\/p>\n<p><a class=\"serviceReadMore\" href=\"https:\/\/aesthe.ch\/de\/treatments\/permanent-hair-removal\/\">Weiter lesen<\/a><\/p>\n<\/div>\n<\/article>\n<\/div>\n<div class=\" col-md-6 col-sm-12 col-xs-12\">\n<article id=\"facialarticle\" class=\"servicePost four\">\n<div id=\"faciallogo\" class=\"icon text-center col-md-6 col-sm-12 col-xs-12\"><img decoding=\"async\" class=\"attachment-service_image wp-post-image\" src=\"https:\/\/aesthe.ch\/wp-content\/uploads\/2016\/04\/5-Eyes-eyebrows-and-permanent-makeup-e1461988773609.png\" alt=\"for_favicon\" width=\"278\" \/><\/div>\n<div class=\"serviceContent col-md-6 col-sm-12 col-xs-12\">\n<h4 style=\"color: #63256b;\">WIMPERN, AUGENBRAUEN UND PERMANENT MAKE UP<\/h4>\n<p>Unterstreicht Deine nat\u00fcrlichen Vorz\u00fcge, l\u00e4sst Dich rund um die Uhr gepflegt aussehen und spart erst noch Zeit. Die Augen sind das Fenster zur Seele, lass Deine besonders herausstechen.\u00a0Heutzutage gibt es bequeme und langanhaltende Behandlungen um deinen Augen den bestm\u00f6glichen Rahmen und eine immer gepflegte Ausstrahlung zu verleihen.\u00a0Kombiniere! Wimpernverl\u00e4ngerung, Wimpern f\u00e4rben, Augenbrauen f\u00e4rben und zupfen oder Permanent Make Up. Nicht sicher was f\u00fcr Dich\u00a0am besten passt? Buch eine gratis Beratung mit Aesthe&#8217;s erfahrene Kosmetikerin.<\/p>\n<p><a class=\"serviceReadMore\" href=\"https:\/\/aesthe.ch\/de\/treatments\/eyelash-extensions\/\">Wieter lesen<\/a><\/p>\n<\/div>\n<\/article>\n<\/div>\n<div class=\" col-md-6 col-sm-12 col-xs-12\">\n<article id=\"facialarticle\" class=\"servicePost five\">\n<div id=\"faciallogo\" class=\"icon text-center col-md-6 col-sm-12 col-xs-12\"><img decoding=\"async\" class=\"attachment-service_image wp-post-image\" src=\"https:\/\/aesthe.ch\/wp-content\/uploads\/2016\/04\/3-Manicure-pedicure-e1461987534433.png\" alt=\"for_favicon\" \/><\/div>\n<div class=\"serviceContent col-md-6 col-sm-12 col-xs-12\">\n<h4 style=\"color: #63256b;\">MANIK\u00dcRE UND PEDIK\u00dcRE<\/h4>\n<p>Gepflegte H\u00e4nde und F\u00fcsse sind ein Ausdruck von Vollkommenheit.\u00a0Es ist ein kleines Detail, aber es verr\u00e4t viel. Du kannst w\u00e4hlen zwischen Aesthe Nude oder Shellac Behandlung. Der dauerhafte Shellac Nagel Lack ist die beste L\u00f6sung f\u00fcr Deinen aktiven Lebensstil &#8211; Perfektion und Bequemlichkeit.<\/p>\n<p><a class=\"serviceReadMore\" href=\"https:\/\/aesthe.ch\/de\/treatments\/manicure-pedicure\/\">Weiter lesen<\/a><\/p>\n<\/div>\n<\/article>\n<\/div>\n<div class=\" col-md-6 col-sm-12 col-xs-12\">\n<article id=\"facialarticle\" class=\"servicePost six\">\n<div id=\"faciallogo\" class=\"icon text-center col-md-6 col-sm-12 col-xs-12\"><img decoding=\"async\" class=\"attachment-service_image wp-post-image\" src=\"https:\/\/aesthe.ch\/wp-content\/uploads\/2016\/04\/6-Wellness-1.png\" alt=\"for_favicon\" \/><\/div>\n<div class=\"serviceContent col-md-6 col-sm-12 col-xs-12\">\n<h4 style=\"color: #63256b;\">WELLNESS<\/h4>\n<p>Erlebe die entspannende Tiefengewebsmassage und die entgiftende Wirkung der Hot Stone-Massage. Oder probiere unsere spezielle Antistressbehandlung zum Relaxen und Auftanken. F\u00fcr alle, die sich eine kurze Auszeit aus dem hektischen Alltag g\u00f6nnen m\u00f6chten.<\/p>\n<p><a class=\"serviceReadMore\" href=\"https:\/\/aesthe.ch\/de\/treatments\/hot-stone-massage\/\">Weiter lesen<\/a><\/p>\n<\/div>\n<\/article>\n<\/div>\n<\/div>\n<p><\/p>","protected":false},"excerpt":{"rendered":"<p>K\u00d6RPERPFLEGE Lass deinen Traumk\u00f6rper endlich zur Realit\u00e4t werden. Resistente Fettp\u00f6lsterchen, Cellulite oder schlaffe Haut sind die Problemzonen vieler Menschen. Mit Kombination der modernsten schmerzfreien Methoden&#8230;<\/p>\n","protected":false},"author":2,"featured_media":0,"parent":0,"menu_order":0,"comment_status":"open","ping_status":"closed","template":"","meta":{"_mi_skip_tracking":false},"yoast_head":"<!-- This site is optimized with the Yoast SEO plugin v19.10 - https:\/\/yoast.com\/wordpress\/plugins\/seo\/ -->\n<title>Treatments | Aesthe<\/title>\n<meta name=\"description\" content=\"The treatments are based on the latest science to enhance your natural assets. Trust our expertise and enjoy the visible and lasting results for your beauty\" \/>\n<meta name=\"robots\" content=\"index, follow, max-snippet:-1, max-image-preview:large, max-video-preview:-1\" \/>\n<link rel=\"canonical\" href=\"https:\/\/aesthe.ch\/de\/treatments\/\" \/>\n<meta property=\"og:locale\" content=\"de_DE\" \/>\n<meta property=\"og:type\" content=\"article\" \/>\n<meta property=\"og:title\" content=\"Treatments | Aesthe\" \/>\n<meta property=\"og:description\" content=\"The treatments are based on the latest science to enhance your natural assets. Trust our expertise and enjoy the visible and lasting results for your beauty\" \/>\n<meta property=\"og:url\" content=\"https:\/\/aesthe.ch\/de\/treatments\/\" \/>\n<meta property=\"og:site_name\" content=\"Aesthe\" \/>\n<meta property=\"article:publisher\" content=\"https:\/\/www.facebook.com\/pages\/Aesthech\/233269250128188?ref=ts&amp;amp%3bamp%3bamp%3bfref=ts\" \/>\n<meta property=\"article:modified_time\" content=\"2017-06-22T09:04:40+00:00\" \/>\n<meta property=\"og:image\" content=\"https:\/\/aesthe.ch\/wp-content\/uploads\/2016\/04\/1-Body-treatments_transp-e1461987028796.png\" \/>\n<meta name=\"twitter:label1\" content=\"Gesch\u00e4tzte Lesezeit\" \/>\n\t<meta name=\"twitter:data1\" content=\"4\u00a0Minuten\" \/>\n<script type=\"application\/ld+json\" class=\"yoast-schema-graph\">{\"@context\":\"https:\/\/schema.org\",\"@graph\":[{\"@type\":\"WebPage\",\"@id\":\"https:\/\/aesthe.ch\/de\/treatments\/\",\"url\":\"https:\/\/aesthe.ch\/de\/treatments\/\",\"name\":\"Treatments | Aesthe\",\"isPartOf\":{\"@id\":\"https:\/\/aesthe.ch\/de\/#website\"},\"datePublished\":\"2014-02-21T09:18:37+00:00\",\"dateModified\":\"2017-06-22T09:04:40+00:00\",\"description\":\"The treatments are based on the latest science to enhance your natural assets. Trust our expertise and enjoy the visible and lasting results for your beauty\",\"breadcrumb\":{\"@id\":\"https:\/\/aesthe.ch\/de\/treatments\/#breadcrumb\"},\"inLanguage\":\"de\",\"potentialAction\":[{\"@type\":\"ReadAction\",\"target\":[\"https:\/\/aesthe.ch\/de\/treatments\/\"]}]},{\"@type\":\"BreadcrumbList\",\"@id\":\"https:\/\/aesthe.ch\/de\/treatments\/#breadcrumb\",\"itemListElement\":[{\"@type\":\"ListItem\",\"position\":1,\"name\":\"Startseite\",\"item\":\"https:\/\/aesthe.ch\/de\/\"},{\"@type\":\"ListItem\",\"position\":2,\"name\":\"BEHANDLUNGEN\"}]},{\"@type\":\"WebSite\",\"@id\":\"https:\/\/aesthe.ch\/de\/#website\",\"url\":\"https:\/\/aesthe.ch\/de\/\",\"name\":\"Aesthe\",\"description\":\"\",\"potentialAction\":[{\"@type\":\"SearchAction\",\"target\":{\"@type\":\"EntryPoint\",\"urlTemplate\":\"https:\/\/aesthe.ch\/de\/?s={search_term_string}\"},\"query-input\":\"required name=search_term_string\"}],\"inLanguage\":\"de\"}]}<\/script>\n<!-- \/ Yoast SEO plugin. -->","yoast_head_json":{"title":"Treatments | Aesthe","description":"The treatments are based on the latest science to enhance your natural assets. Trust our expertise and enjoy the visible and lasting results for your beauty","robots":{"index":"index","follow":"follow","max-snippet":"max-snippet:-1","max-image-preview":"max-image-preview:large","max-video-preview":"max-video-preview:-1"},"canonical":"https:\/\/aesthe.ch\/de\/treatments\/","og_locale":"de_DE","og_type":"article","og_title":"Treatments | Aesthe","og_description":"The treatments are based on the latest science to enhance your natural assets. Trust our expertise and enjoy the visible and lasting results for your beauty","og_url":"https:\/\/aesthe.ch\/de\/treatments\/","og_site_name":"Aesthe","article_publisher":"https:\/\/www.facebook.com\/pages\/Aesthech\/233269250128188?ref=ts&amp%3bamp%3bamp%3bfref=ts","article_modified_time":"2017-06-22T09:04:40+00:00","og_image":[{"url":"https:\/\/aesthe.ch\/wp-content\/uploads\/2016\/04\/1-Body-treatments_transp-e1461987028796.png"}],"twitter_misc":{"Gesch\u00e4tzte Lesezeit":"4\u00a0Minuten"},"schema":{"@context":"https:\/\/schema.org","@graph":[{"@type":"WebPage","@id":"https:\/\/aesthe.ch\/de\/treatments\/","url":"https:\/\/aesthe.ch\/de\/treatments\/","name":"Treatments | Aesthe","isPartOf":{"@id":"https:\/\/aesthe.ch\/de\/#website"},"datePublished":"2014-02-21T09:18:37+00:00","dateModified":"2017-06-22T09:04:40+00:00","description":"The treatments are based on the latest science to enhance your natural assets. Trust our expertise and enjoy the visible and lasting results for your beauty","breadcrumb":{"@id":"https:\/\/aesthe.ch\/de\/treatments\/#breadcrumb"},"inLanguage":"de","potentialAction":[{"@type":"ReadAction","target":["https:\/\/aesthe.ch\/de\/treatments\/"]}]},{"@type":"BreadcrumbList","@id":"https:\/\/aesthe.ch\/de\/treatments\/#breadcrumb","itemListElement":[{"@type":"ListItem","position":1,"name":"Startseite","item":"https:\/\/aesthe.ch\/de\/"},{"@type":"ListItem","position":2,"name":"BEHANDLUNGEN"}]},{"@type":"WebSite","@id":"https:\/\/aesthe.ch\/de\/#website","url":"https:\/\/aesthe.ch\/de\/","name":"Aesthe","description":"","potentialAction":[{"@type":"SearchAction","target":{"@type":"EntryPoint","urlTemplate":"https:\/\/aesthe.ch\/de\/?s={search_term_string}"},"query-input":"required name=search_term_string"}],"inLanguage":"de"}]}},"_links":{"self":[{"href":"https:\/\/aesthe.ch\/de\/wp-json\/wp\/v2\/pages\/75"}],"collection":[{"href":"https:\/\/aesthe.ch\/de\/wp-json\/wp\/v2\/pages"}],"about":[{"href":"https:\/\/aesthe.ch\/de\/wp-json\/wp\/v2\/types\/page"}],"author":[{"embeddable":true,"href":"https:\/\/aesthe.ch\/de\/wp-json\/wp\/v2\/users\/2"}],"replies":[{"embeddable":true,"href":"https:\/\/aesthe.ch\/de\/wp-json\/wp\/v2\/comments?post=75"}],"version-history":[{"count":134,"href":"https:\/\/aesthe.ch\/de\/wp-json\/wp\/v2\/pages\/75\/revisions"}],"predecessor-version":[{"id":3069,"href":"https:\/\/aesthe.ch\/de\/wp-json\/wp\/v2\/pages\/75\/revisions\/3069"}],"wp:attachment":[{"href":"https:\/\/aesthe.ch\/de\/wp-json\/wp\/v2\/media?parent=75"}],"curies":[{"name":"wp","href":"https:\/\/api.w.org\/{rel}","templated":true}]}}