{"id":3531,"date":"2021-09-27T05:18:42","date_gmt":"2021-09-27T03:18:42","guid":{"rendered":"https:\/\/aesthe.ch\/?page_id=3531"},"modified":"2021-11-17T03:44:49","modified_gmt":"2021-11-17T01:44:49","slug":"emslim","status":"publish","type":"page","link":"https:\/\/aesthe.ch\/de\/treatments\/emslim\/","title":{"rendered":"EMSLIM"},"content":{"rendered":"<p><\/p>\n<div class=\"row-flex\" style=\"padding-bottom: 30px;\">\n<div class=\"col-70\" style=\"padding: 15px;\">\n<div style=\"position: relative; width: 100%; height: 0; padding-bottom: 56.25%;\"><iframe style=\"position: absolute; top: 0; left: 0; width: 100%; height: 100%;\" src=\"https:\/\/www.youtube.com\/embed\/SXt06DmpQP0\" frameborder=\"0\" scrolling=\"no\" allowfullscreen=\"allowfullscreen\"><\/iframe><\/div>\n<\/div>\n<div class=\"col-30\" style=\"padding: 15px;\"><img decoding=\"async\" loading=\"lazy\" class=\"alignnone wp-image-3538\" src=\"https:\/\/aesthe.ch\/wp-content\/uploads\/2021\/09\/pic-1_daeyang-722x1024.jpeg\" alt=\"\" width=\"95%\" height=\"auto\" srcset=\"https:\/\/aesthe.ch\/wp-content\/uploads\/2021\/09\/pic-1_daeyang-722x1024.jpeg 722w, https:\/\/aesthe.ch\/wp-content\/uploads\/2021\/09\/pic-1_daeyang-212x300.jpeg 212w, https:\/\/aesthe.ch\/wp-content\/uploads\/2021\/09\/pic-1_daeyang-768x1089.jpeg 768w, https:\/\/aesthe.ch\/wp-content\/uploads\/2021\/09\/pic-1_daeyang-1083x1536.jpeg 1083w, https:\/\/aesthe.ch\/wp-content\/uploads\/2021\/09\/pic-1_daeyang-282x400.jpeg 282w, https:\/\/aesthe.ch\/wp-content\/uploads\/2021\/09\/pic-1_daeyang-85x120.jpeg 85w, https:\/\/aesthe.ch\/wp-content\/uploads\/2021\/09\/pic-1_daeyang.jpeg 1128w\" sizes=\"(max-width: 722px) 100vw, 722px\" \/><\/div>\n<\/div>\n<p style=\"font-weight: bold;\">Was<\/p>\n<p>Das EMSlim von Daeyang Medical aus S\u00fcdkorea ist die neuste HI-EMT Entwicklung und liefert mit 7 Tesla Intensit\u00e4t das st\u00e4rkste HI-EMT-System weltweit. Das fokussierte elektromagnetische Feld durchdringt Haut und Unterhautfettgewebe, um die Muskeln effektiv zu stimulieren und ist ideal f\u00fcr den Muskelaufbau und den Abbau von Fettdepots.<\/p>\n<div class=\"row-flex\" style=\"padding-top: 30px; padding-bottom: 30px;\">\n<div class=\"col-50\" style=\"text-align: center;\"><img decoding=\"async\" loading=\"lazy\" width=\"1024\" height=\"1024\" class=\"alignnone wp-image-3539\" style=\"width: 70%; height: auto; padding: 15px;\" src=\"https:\/\/aesthe.ch\/wp-content\/uploads\/2021\/09\/pic-2_device-1024x1024.png\" alt=\"\" srcset=\"https:\/\/aesthe.ch\/wp-content\/uploads\/2021\/09\/pic-2_device-1024x1024.png 1024w, https:\/\/aesthe.ch\/wp-content\/uploads\/2021\/09\/pic-2_device-300x300.png 300w, https:\/\/aesthe.ch\/wp-content\/uploads\/2021\/09\/pic-2_device-150x150.png 150w, https:\/\/aesthe.ch\/wp-content\/uploads\/2021\/09\/pic-2_device-768x767.png 768w, https:\/\/aesthe.ch\/wp-content\/uploads\/2021\/09\/pic-2_device-400x400.png 400w, https:\/\/aesthe.ch\/wp-content\/uploads\/2021\/09\/pic-2_device-115x115.png 115w, https:\/\/aesthe.ch\/wp-content\/uploads\/2021\/09\/pic-2_device-120x120.png 120w, https:\/\/aesthe.ch\/wp-content\/uploads\/2021\/09\/pic-2_device-156x156.png 156w, https:\/\/aesthe.ch\/wp-content\/uploads\/2021\/09\/pic-2_device.png 1294w\" sizes=\"(max-width: 1024px) 100vw, 1024px\" \/><\/div>\n<div class=\"col-50\">\n<p style=\"font-weight: bold;\">Warum<\/p>\n<p>Die Behandlung mit EMSlim ist absolut schmerzfrei, erfordert keine An\u00e4sthesie und keinen invasiven Eingriff. Sie f\u00fchrt zu keinen Ausfallzeiten. Die Kunden k\u00f6nnen sich zur\u00fccklehnen und entspannen, w\u00e4hrend das Ger\u00e4t ein gezieltes Trainingsprogramm ausf\u00fchrt. W\u00e4hrend des Trainings bewirkt die Stimulation, dass Muskelgewebe aufgebaut und repariert wird, was zu st\u00e4rkeren, festeren Muskeln f\u00fchrt.<\/p>\n<\/div>\n<\/div>\n<div class=\"row-flex\" style=\"padding-top: 30px; padding-bottom: 30px;\">\n<div class=\"col-50\">\n<p style=\"font-weight: bold;\">Wie<\/p>\n<p>EMSlim ist ein HI-EMT-Ger\u00e4t mit verst\u00e4rkter Intensit\u00e4t. Es ist die neueste Technologie in der nichtinvasiven K\u00f6rperkontur-Behandlung, da es nicht nur Fett verbrennt sondern auch Muskeln aufbaut.<\/p>\n<p>Zwei Applikatoren werden auf dem Zielmuskel platziert. Die Applikatoren erzeugen starke elektromagnetische Felder, die zu unwillk\u00fcrlichen Muskelkontraktionen f\u00fchren. Diese Kontraktionen l\u00f6sen die Freisetzung von freien Fetts\u00e4uren aus, was den Abbau des Fettdepots f\u00f6rdert, und steigern Muskeltonus und Muskelkraft, ganz ohne Ausfallzeiten und absolut schmerzfrei.<\/p>\n<p>&nbsp;<\/p>\n<\/div>\n<div class=\"col-50\">\n<div style=\"position: relative; width: 100%; height: 0; padding-bottom: 56.25%;\"><iframe style=\"position: absolute; top: 0; left: 0; width: 100%; height: 100%;\" src=\"https:\/\/www.youtube.com\/embed\/oiUN7yFngu0\" frameborder=\"0\" scrolling=\"no\" allowfullscreen=\"allowfullscreen\"><\/iframe><\/div>\n<\/div>\n<\/div>\n<div class=\"row-flex\" style=\"padding-bottom: 30px;\">\n<div class=\"col-60\"><img decoding=\"async\" loading=\"lazy\" width=\"341\" height=\"159\" class=\"alignnone size-full wp-image-3540\" style=\"width: 80%; height: auto; padding: 15px;\" src=\"https:\/\/aesthe.ch\/wp-content\/uploads\/2021\/09\/pic-3a_applcat.jpeg\" alt=\"\" srcset=\"https:\/\/aesthe.ch\/wp-content\/uploads\/2021\/09\/pic-3a_applcat.jpeg 341w, https:\/\/aesthe.ch\/wp-content\/uploads\/2021\/09\/pic-3a_applcat-300x140.jpeg 300w, https:\/\/aesthe.ch\/wp-content\/uploads\/2021\/09\/pic-3a_applcat-257x120.jpeg 257w, https:\/\/aesthe.ch\/wp-content\/uploads\/2021\/09\/pic-3a_applcat-120x56.jpeg 120w\" sizes=\"(max-width: 341px) 100vw, 341px\" \/><\/div>\n<div class=\"col-40\"><img decoding=\"async\" loading=\"lazy\" width=\"616\" height=\"416\" class=\"alignnone size-full wp-image-3537\" style=\"width: 85%; height: auto; padding: 15px;\" src=\"https:\/\/aesthe.ch\/wp-content\/uploads\/2021\/09\/pic-_3b_waves_.png\" alt=\"\" srcset=\"https:\/\/aesthe.ch\/wp-content\/uploads\/2021\/09\/pic-_3b_waves_.png 616w, https:\/\/aesthe.ch\/wp-content\/uploads\/2021\/09\/pic-_3b_waves_-300x203.png 300w, https:\/\/aesthe.ch\/wp-content\/uploads\/2021\/09\/pic-_3b_waves_-592x400.png 592w, https:\/\/aesthe.ch\/wp-content\/uploads\/2021\/09\/pic-_3b_waves_-224x150.png 224w, https:\/\/aesthe.ch\/wp-content\/uploads\/2021\/09\/pic-_3b_waves_-260x175.png 260w, https:\/\/aesthe.ch\/wp-content\/uploads\/2021\/09\/pic-_3b_waves_-178x120.png 178w, https:\/\/aesthe.ch\/wp-content\/uploads\/2021\/09\/pic-_3b_waves_-120x81.png 120w\" sizes=\"(max-width: 616px) 100vw, 616px\" \/><\/div>\n<\/div>\n<div class=\"row-flex\" style=\"padding-bottom: 30px; padding-top: 30px;\">\n<div class=\"col-50\" style=\"text-align: center;\">\n<div style=\"position: relative; width: 100%; height: 0; padding-bottom: 56.25%;\"><iframe style=\"position: absolute; top: 0; left: 0; width: 100%; height: 100%;\" src=\"https:\/\/www.youtube.com\/embed\/TjlMaIHjZIU\" frameborder=\"0\" scrolling=\"no\" allowfullscreen=\"allowfullscreen\"><\/iframe><\/div>\n<\/div>\n<div class=\"col-50\" style=\"padding-left: 30px;\">\n<p style=\"font-weight: bold;\">Wo<\/p>\n<ul>\n<li>Bauchregion<\/li>\n<li>Ges\u00e4ssbacken<\/li>\n<li>Oberschenkel vorne und hinten<\/li>\n<li>Schultern<\/li>\n<\/ul>\n<\/div>\n<\/div>\n<p style=\"font-weight: bold; padding-top: 30px;\">Ergebnisse<\/p>\n<p>EMSlim ist eine wirksame Behandlung, die sich \u00fcber einen Zeitraum von 10 bis 14 Tagen statt \u00fcber Monate erstreckt und danach innerhalb von zwei bis vier Wochen zu einer relevanten Straffung der behandelten Muskulatur f\u00fchrt.<\/p>\n<p>Der Vorgang verl\u00e4uft \u00e4hnlich wie beim herk\u00f6mmlichen Training. Die Stimulation der Muskeln bewirkt, dass Muskelgewebe wieder aufgebaut und repariert wird, was zu st\u00e4rkeren, festeren Muskeln f\u00fchrt.<\/p>\n<p>In nur einer halben Stunde l\u00e4sst sich ein hoch intensives Muskeltraining durchf\u00fchren, das \u00fcber 20&#8217;000 Sit-ups oder Kniebeugen entspricht.<\/p>\n<p>Mit wenigen Behandlungen wurden eine Fettreduktion von 19% sowie ein Muskelaufbau von 16% festgestellt.<\/p>\n<p>Eine einzelne Behandlung dauert nur 30 Minuten. In den meisten F\u00e4llen reichen 2-3 Behandlungen pro Woche f\u00fcr ein perfektes Ergebnis. Im Allgemeinen werden 4-6 Anwendungen pro Behandlungszyklus empfohlen.<\/p>\n<div class=\"row-flex\" style=\"padding-bottom: 30px; padding-top: 30px;\">\n<div class=\"col-33\"><img decoding=\"async\" loading=\"lazy\" width=\"847\" height=\"1024\" class=\"alignnone size-large wp-image-3542\" style=\"width: 80%; height: auto; padding: 15px;\" src=\"https:\/\/aesthe.ch\/wp-content\/uploads\/2021\/09\/pic-4_woman-1-847x1024.png\" alt=\"\" srcset=\"https:\/\/aesthe.ch\/wp-content\/uploads\/2021\/09\/pic-4_woman-1-847x1024.png 847w, https:\/\/aesthe.ch\/wp-content\/uploads\/2021\/09\/pic-4_woman-1-248x300.png 248w, https:\/\/aesthe.ch\/wp-content\/uploads\/2021\/09\/pic-4_woman-1-768x929.png 768w, https:\/\/aesthe.ch\/wp-content\/uploads\/2021\/09\/pic-4_woman-1-331x400.png 331w, https:\/\/aesthe.ch\/wp-content\/uploads\/2021\/09\/pic-4_woman-1-99x120.png 99w, https:\/\/aesthe.ch\/wp-content\/uploads\/2021\/09\/pic-4_woman-1.png 974w\" sizes=\"(max-width: 847px) 100vw, 847px\" \/><\/div>\n<div class=\"col-33\"><img decoding=\"async\" loading=\"lazy\" width=\"426\" height=\"426\" class=\"alignnone size-full wp-image-3544\" style=\"width: 80%; height: auto; padding: 15px;\" src=\"https:\/\/aesthe.ch\/wp-content\/uploads\/2021\/09\/pic-6-woman-2.jpeg\" alt=\"\" srcset=\"https:\/\/aesthe.ch\/wp-content\/uploads\/2021\/09\/pic-6-woman-2.jpeg 426w, https:\/\/aesthe.ch\/wp-content\/uploads\/2021\/09\/pic-6-woman-2-300x300.jpeg 300w, https:\/\/aesthe.ch\/wp-content\/uploads\/2021\/09\/pic-6-woman-2-150x150.jpeg 150w, https:\/\/aesthe.ch\/wp-content\/uploads\/2021\/09\/pic-6-woman-2-400x400.jpeg 400w, https:\/\/aesthe.ch\/wp-content\/uploads\/2021\/09\/pic-6-woman-2-115x115.jpeg 115w, https:\/\/aesthe.ch\/wp-content\/uploads\/2021\/09\/pic-6-woman-2-120x120.jpeg 120w, https:\/\/aesthe.ch\/wp-content\/uploads\/2021\/09\/pic-6-woman-2-156x156.jpeg 156w\" sizes=\"(max-width: 426px) 100vw, 426px\" \/><\/div>\n<div class=\"col-33\"><img decoding=\"async\" loading=\"lazy\" width=\"845\" height=\"1024\" class=\"alignnone size-large wp-image-3543\" style=\"width: 80%; height: auto; padding: 15px;\" src=\"https:\/\/aesthe.ch\/wp-content\/uploads\/2021\/09\/pic-5_man-845x1024.png\" alt=\"\" srcset=\"https:\/\/aesthe.ch\/wp-content\/uploads\/2021\/09\/pic-5_man-845x1024.png 845w, https:\/\/aesthe.ch\/wp-content\/uploads\/2021\/09\/pic-5_man-248x300.png 248w, https:\/\/aesthe.ch\/wp-content\/uploads\/2021\/09\/pic-5_man-768x930.png 768w, https:\/\/aesthe.ch\/wp-content\/uploads\/2021\/09\/pic-5_man-330x400.png 330w, https:\/\/aesthe.ch\/wp-content\/uploads\/2021\/09\/pic-5_man-99x120.png 99w, https:\/\/aesthe.ch\/wp-content\/uploads\/2021\/09\/pic-5_man.png 974w\" sizes=\"(max-width: 845px) 100vw, 845px\" \/><\/div>\n<\/div>\n<p style=\"font-weight: bold; padding-top: 30px;\">Wichtiges zu Behandlung:<\/p>\n<ul>\n<li>Du kannst eine Zone ausw\u00e4hlen: Bauch, beide Oberschenkel oder Ges\u00e4ss<\/li>\n<li>Es empfiehlt sich, vor der Behandlung 60 Min. (bei der Bauch-Behandlung 90 Min.) nichts zu essen<\/li>\n<li>W\u00e4hrend der Behandlung gilt keine Nutzung von Mobiltelefonen<\/li>\n<\/ul>\n<p style=\"font-weight: bold; padding-top: 30px;\">Komplikationen und Nebenwirkungen<\/p>\n<p>Die Behandlung ist frei von Beschwerden und Nebenwirkungen und f\u00fchrt zu keinen Ausfallzeiten. W\u00e4hrend der Kunde entspannt liegt, induziert EMSlim mehrere tausend intensive Muskelkontraktionen im Anwendungsareal.<\/p>\n<div class=\"row-flex\" style=\"padding-bottom: 30px; padding-top: 30px;\">\n<div class=\"col-50\">\n<p style=\"font-weight: bold;\">Kontraindikationen<\/p>\n<ul>\n<li>Schwangerschaft, Stillzeit<\/li>\n<li>Metall oder elektronische Implantate<\/li>\n<li>Herzschrittmacher, implantierte Defibrillatoren<\/li>\n<li>Implantierte Neurostimulatoren<\/li>\n<li>Medikamentenpumpen<\/li>\n<li>Lungeninsuffizienz, Herzerkrankungen, Epilepsie<\/li>\n<li>b\u00f6sartige Tumore<\/li>\n<li>Fieber<\/li>\n<li>Antikoagulationstherapie (Einnahme von Blutverd\u00fcnner)<\/li>\n<li>K\u00fcrzlich chirurgische Eingriffe im Behandlungsfeld (Muskelkontraktionen k\u00f6nnen die Heilung st\u00f6ren<\/li>\n<\/ul>\n<\/div>\n<div class=\"col-50\"><img decoding=\"async\" loading=\"lazy\" width=\"1024\" height=\"802\" class=\"alignnone size-large wp-image-3545\" style=\"width: 80%; height: auto; padding: 15px;\" src=\"https:\/\/aesthe.ch\/wp-content\/uploads\/2021\/09\/picture-7_device_man_woman_-1024x802.jpeg\" alt=\"\" srcset=\"https:\/\/aesthe.ch\/wp-content\/uploads\/2021\/09\/picture-7_device_man_woman_-1024x802.jpeg 1024w, https:\/\/aesthe.ch\/wp-content\/uploads\/2021\/09\/picture-7_device_man_woman_-300x235.jpeg 300w, https:\/\/aesthe.ch\/wp-content\/uploads\/2021\/09\/picture-7_device_man_woman_-768x602.jpeg 768w, https:\/\/aesthe.ch\/wp-content\/uploads\/2021\/09\/picture-7_device_man_woman_-225x175.jpeg 225w, https:\/\/aesthe.ch\/wp-content\/uploads\/2021\/09\/picture-7_device_man_woman_-511x400.jpeg 511w, https:\/\/aesthe.ch\/wp-content\/uploads\/2021\/09\/picture-7_device_man_woman_-153x120.jpeg 153w, https:\/\/aesthe.ch\/wp-content\/uploads\/2021\/09\/picture-7_device_man_woman_-120x94.jpeg 120w, https:\/\/aesthe.ch\/wp-content\/uploads\/2021\/09\/picture-7_device_man_woman_.jpeg 1200w\" sizes=\"(max-width: 1024px) 100vw, 1024px\" \/><\/div>\n<\/div>\n<p>Weiterf\u00fchrende Informationen zu Produkten sind in unserem Studio oder unter den nachfolgenden links zu finden:<\/p>\n<p><a href=\"https:\/\/www.emslim.club\" target=\"_blank\" rel=\"noopener\">www.emslim.club<\/a><br \/>\n<a href=\"https:\/\/www.cmlsim.com\" target=\"_blank\" rel=\"noopener\">www.cmlsim.com<\/a><br \/>\n<a href=\"https:\/\/www.vskin.ch\" target=\"_blank\" rel=\"noopener\">www.vskin.ch<\/a><\/p>","protected":false},"excerpt":{"rendered":"<p>Was Das EMSlim von Daeyang Medical aus S\u00fcdkorea ist die neuste HI-EMT Entwicklung und liefert mit 7 Tesla Intensit\u00e4t das st\u00e4rkste HI-EMT-System weltweit. Das fokussierte&#8230;<\/p>\n","protected":false},"author":12,"featured_media":0,"parent":75,"menu_order":0,"comment_status":"closed","ping_status":"closed","template":"","meta":{"_mi_skip_tracking":false},"yoast_head":"<!-- This site is optimized with the Yoast SEO plugin v19.10 - https:\/\/yoast.com\/wordpress\/plugins\/seo\/ -->\n<title>EMSLIM<\/title>\n<meta name=\"robots\" content=\"index, follow, max-snippet:-1, max-image-preview:large, max-video-preview:-1\" \/>\n<link rel=\"canonical\" href=\"https:\/\/aesthe.ch\/de\/treatments\/emslim\/\" \/>\n<meta property=\"og:locale\" content=\"de_DE\" \/>\n<meta property=\"og:type\" content=\"article\" \/>\n<meta property=\"og:title\" content=\"EMSLIM\" \/>\n<meta property=\"og:description\" content=\"Was Das EMSlim von Daeyang Medical aus S\u00fcdkorea ist die neuste HI-EMT Entwicklung und liefert mit 7 Tesla Intensit\u00e4t das st\u00e4rkste HI-EMT-System weltweit. Das fokussierte...\" \/>\n<meta property=\"og:url\" content=\"https:\/\/aesthe.ch\/de\/treatments\/emslim\/\" \/>\n<meta property=\"og:site_name\" content=\"Aesthe\" \/>\n<meta property=\"article:publisher\" content=\"https:\/\/www.facebook.com\/pages\/Aesthech\/233269250128188?ref=ts&amp;amp%3bamp%3bamp%3bfref=ts\" \/>\n<meta property=\"article:modified_time\" content=\"2021-11-17T01:44:49+00:00\" \/>\n<meta property=\"og:image\" content=\"https:\/\/aesthe.ch\/wp-content\/uploads\/2021\/09\/pic-1_daeyang-722x1024.jpeg\" \/>\n<meta name=\"twitter:label1\" content=\"Gesch\u00e4tzte Lesezeit\" \/>\n\t<meta name=\"twitter:data1\" content=\"4\u00a0Minuten\" \/>\n<script type=\"application\/ld+json\" class=\"yoast-schema-graph\">{\"@context\":\"https:\/\/schema.org\",\"@graph\":[{\"@type\":\"WebPage\",\"@id\":\"https:\/\/aesthe.ch\/de\/treatments\/emslim\/\",\"url\":\"https:\/\/aesthe.ch\/de\/treatments\/emslim\/\",\"name\":\"EMSLIM\",\"isPartOf\":{\"@id\":\"https:\/\/aesthe.ch\/de\/#website\"},\"datePublished\":\"2021-09-27T03:18:42+00:00\",\"dateModified\":\"2021-11-17T01:44:49+00:00\",\"breadcrumb\":{\"@id\":\"https:\/\/aesthe.ch\/de\/treatments\/emslim\/#breadcrumb\"},\"inLanguage\":\"de\",\"potentialAction\":[{\"@type\":\"ReadAction\",\"target\":[\"https:\/\/aesthe.ch\/de\/treatments\/emslim\/\"]}]},{\"@type\":\"BreadcrumbList\",\"@id\":\"https:\/\/aesthe.ch\/de\/treatments\/emslim\/#breadcrumb\",\"itemListElement\":[{\"@type\":\"ListItem\",\"position\":1,\"name\":\"Startseite\",\"item\":\"https:\/\/aesthe.ch\/de\/\"},{\"@type\":\"ListItem\",\"position\":2,\"name\":\"BEHANDLUNGEN\",\"item\":\"https:\/\/aesthe.ch\/de\/treatments\/\"},{\"@type\":\"ListItem\",\"position\":3,\"name\":\"EMSLIM\"}]},{\"@type\":\"WebSite\",\"@id\":\"https:\/\/aesthe.ch\/de\/#website\",\"url\":\"https:\/\/aesthe.ch\/de\/\",\"name\":\"Aesthe\",\"description\":\"\",\"potentialAction\":[{\"@type\":\"SearchAction\",\"target\":{\"@type\":\"EntryPoint\",\"urlTemplate\":\"https:\/\/aesthe.ch\/de\/?s={search_term_string}\"},\"query-input\":\"required name=search_term_string\"}],\"inLanguage\":\"de\"}]}<\/script>\n<!-- \/ Yoast SEO plugin. -->","yoast_head_json":{"title":"EMSLIM","robots":{"index":"index","follow":"follow","max-snippet":"max-snippet:-1","max-image-preview":"max-image-preview:large","max-video-preview":"max-video-preview:-1"},"canonical":"https:\/\/aesthe.ch\/de\/treatments\/emslim\/","og_locale":"de_DE","og_type":"article","og_title":"EMSLIM","og_description":"Was Das EMSlim von Daeyang Medical aus S\u00fcdkorea ist die neuste HI-EMT Entwicklung und liefert mit 7 Tesla Intensit\u00e4t das st\u00e4rkste HI-EMT-System weltweit. Das fokussierte...","og_url":"https:\/\/aesthe.ch\/de\/treatments\/emslim\/","og_site_name":"Aesthe","article_publisher":"https:\/\/www.facebook.com\/pages\/Aesthech\/233269250128188?ref=ts&amp%3bamp%3bamp%3bfref=ts","article_modified_time":"2021-11-17T01:44:49+00:00","og_image":[{"url":"https:\/\/aesthe.ch\/wp-content\/uploads\/2021\/09\/pic-1_daeyang-722x1024.jpeg"}],"twitter_misc":{"Gesch\u00e4tzte Lesezeit":"4\u00a0Minuten"},"schema":{"@context":"https:\/\/schema.org","@graph":[{"@type":"WebPage","@id":"https:\/\/aesthe.ch\/de\/treatments\/emslim\/","url":"https:\/\/aesthe.ch\/de\/treatments\/emslim\/","name":"EMSLIM","isPartOf":{"@id":"https:\/\/aesthe.ch\/de\/#website"},"datePublished":"2021-09-27T03:18:42+00:00","dateModified":"2021-11-17T01:44:49+00:00","breadcrumb":{"@id":"https:\/\/aesthe.ch\/de\/treatments\/emslim\/#breadcrumb"},"inLanguage":"de","potentialAction":[{"@type":"ReadAction","target":["https:\/\/aesthe.ch\/de\/treatments\/emslim\/"]}]},{"@type":"BreadcrumbList","@id":"https:\/\/aesthe.ch\/de\/treatments\/emslim\/#breadcrumb","itemListElement":[{"@type":"ListItem","position":1,"name":"Startseite","item":"https:\/\/aesthe.ch\/de\/"},{"@type":"ListItem","position":2,"name":"BEHANDLUNGEN","item":"https:\/\/aesthe.ch\/de\/treatments\/"},{"@type":"ListItem","position":3,"name":"EMSLIM"}]},{"@type":"WebSite","@id":"https:\/\/aesthe.ch\/de\/#website","url":"https:\/\/aesthe.ch\/de\/","name":"Aesthe","description":"","potentialAction":[{"@type":"SearchAction","target":{"@type":"EntryPoint","urlTemplate":"https:\/\/aesthe.ch\/de\/?s={search_term_string}"},"query-input":"required name=search_term_string"}],"inLanguage":"de"}]}},"_links":{"self":[{"href":"https:\/\/aesthe.ch\/de\/wp-json\/wp\/v2\/pages\/3531"}],"collection":[{"href":"https:\/\/aesthe.ch\/de\/wp-json\/wp\/v2\/pages"}],"about":[{"href":"https:\/\/aesthe.ch\/de\/wp-json\/wp\/v2\/types\/page"}],"author":[{"embeddable":true,"href":"https:\/\/aesthe.ch\/de\/wp-json\/wp\/v2\/users\/12"}],"replies":[{"embeddable":true,"href":"https:\/\/aesthe.ch\/de\/wp-json\/wp\/v2\/comments?post=3531"}],"version-history":[{"count":44,"href":"https:\/\/aesthe.ch\/de\/wp-json\/wp\/v2\/pages\/3531\/revisions"}],"predecessor-version":[{"id":3597,"href":"https:\/\/aesthe.ch\/de\/wp-json\/wp\/v2\/pages\/3531\/revisions\/3597"}],"up":[{"embeddable":true,"href":"https:\/\/aesthe.ch\/de\/wp-json\/wp\/v2\/pages\/75"}],"wp:attachment":[{"href":"https:\/\/aesthe.ch\/de\/wp-json\/wp\/v2\/media?parent=3531"}],"curies":[{"name":"wp","href":"https:\/\/api.w.org\/{rel}","templated":true}]}}