{"id":3489,"date":"2020-07-02T09:57:03","date_gmt":"2020-07-02T07:57:03","guid":{"rendered":"https:\/\/aesthe.ch\/?page_id=3489"},"modified":"2020-07-05T03:16:59","modified_gmt":"2020-07-05T01:16:59","slug":"divinia-ultra","status":"publish","type":"page","link":"https:\/\/aesthe.ch\/de\/treatments\/divinia-ultra\/","title":{"rendered":"DIVINIA ULTRA"},"content":{"rendered":"<p><img decoding=\"async\" class=\"responsive-img\" style=\"float: none; max-width:100%; width: 100%; height: auto; margin: 0 auto; display: block;\" src=\"https:\/\/aesthe.ch\/wp-content\/uploads\/2020\/07\/Divinia-1.png\" \/><\/p>\n<p style=\"font-weight: bold;\">Was<\/p>\n<p>Mithilfe des \u00abDiViNiA Ultra eLipolyse\u00bb\u00a0 ist es m\u00f6glich, den K\u00f6rper zur\u00fcck in den Idealzustand zu bringen. Dabei bringt das behandelnde Ger\u00e4t den K\u00f6rper dazu, selbst die Fettdepots zu reduzieren und produziert gleichzeitig Stoffwechselenzyme. Diese Revolution in der medizinischen Kosmetik, auf der Basis neuromuskul\u00e4ren Stimulation, gepaart mit dem rechtlich gesch\u00fctzten \u00abPiezo3 Ultraschall\u00bb, erm\u00f6glicht erstmals studienbelegte Ergebnisse.<\/p>\n<p style=\"font-weight: bold;\">Wie<\/p>\n<p>Technik-Intelligenz durch HFT<sup>\u00ae\u00a0 <\/sup>und\u00a0 HRS<sup>\u00ae <\/sup>&amp; Piezo3<sup>\u00ae\u00a0 <\/sup>Technologie.<br \/>\n<img decoding=\"async\" style=\"width: 100%; height: auto; padding: 15px;\" src=\"https:\/\/aesthe.ch\/wp-content\/uploads\/2020\/07\/Divinia-2.png\" \/><br \/>\nDas DiViNiA<sup>\u00ae<\/sup>-System hilft dabei in dem K\u00f6rper zuerst die Fettzellen zu \u00f6ffnen, Die Fettzellen zu leeren und anschliessend werden die Fettzellen verkleinert was dazu f\u00fchrt, dass das Gewicht und der Umfang reduziert wird.<\/p>\n<p style=\"font-weight: bold;\">Warum<\/p>\n<ul>\n<li>weil es effektiver ist als Sport<\/li>\n<li>weil es ohne Nebenwirkungen erfolgt<\/li>\n<li>weil es die R\u00fcckbildung der Cellulite unterst\u00fctzt<\/li>\n<li>weil die Muskulatur dauerhaft aufgebaut wird<\/li>\n<li>weil das Fett dauerhaft abgebaut wird<\/li>\n<li>weil es die Haut und die Bindegewebe st\u00e4rkt<\/li>\n<li>weil es weder ein operativen noch chirurgischen Eingriff ben\u00f6tigt<\/li>\n<li>weil es Schmerzen beseitigt<\/li>\n<li>weil es dermatologisch und medizinisch getestet wurde<\/li>\n<li>weil der Erfolg nach einer Sitzung sofort sichtbar ist<\/li>\n<\/ul>\n<div class=\"row-flex\">\n<div class=\"col-50\" style=\"padding-right: 15px;\">\n<p style=\"font-weight: bold;\">Wo<\/p>\n<ul>\n<li>Bauch<\/li>\n<li>Po<\/li>\n<li>Schenkel<\/li>\n<li>Reithose<\/li>\n<li>R\u00fccken<\/li>\n<li>Schultern<\/li>\n<li>Arme<\/li>\n<li>Beckenboden<\/li>\n<li>Gesicht<\/li>\n<\/ul>\n<\/div>\n<div class=\"col-50\"><img decoding=\"async\" style=\"width: 100%; height: auto; padding: 15px;\" src=\"https:\/\/aesthe.ch\/wp-content\/uploads\/2020\/07\/Divinia-3.png\" \/><\/div>\n<\/div>\n<div class=\"row-flex\">\n<div class=\"col-50\"><img decoding=\"async\" style=\"width: 85%; height: auto; padding: 15px;\" src=\"https:\/\/aesthe.ch\/wp-content\/uploads\/2020\/07\/Divinia-4.png\" \/><\/div>\n<div class=\"col-50\">\n<p style=\"font-weight: bold;\">Ergebnisse<\/p>\n<p>Bei den meisten Benutzern ist bereits nach der ersten Anwendung  eine punktuelle Umfangsreduktion von 2 bis 4 cm messbar. Somit wird das Gewicht und der Umfang reduziert, Gewebe gestrafft, die Muskulatur aufgebaut und Cellulite dauerhaft r\u00fcckgebildet.<\/p>\n<p style=\"font-weight: bold;\">Komplikationen und Nebenwirkungen<\/p>\n<p>Die Behandlung sollte keine Schmerzen verursachen und nur ein leichtes Kribbeln ist zu sp\u00fcren. Die Behandlung erfolgt ohne jegliche Nebenwirkungen.<\/p>\n<p style=\"font-weight: bold;\">Kontraindikationen<\/p>\n<ul>\n<li>Herzschrittmacher<\/li>\n<li>Frischer Herzinfarkt<\/li>\n<li>Akute Thrombosen<\/li>\n<li>Akuter Schlaganfall<\/li>\n<li>Schwangerschaft<\/li>\n<li>Epilepsie<\/li>\n<li>Entz\u00fcndliches \u00d6dem<\/li>\n<\/ul>\n<\/div>\n<\/div>\n<div class=\"row-flex\">\n<div class=\"col-50\">\n<p style=\"font-weight: bold;\">Gut zu Wissen<\/p>\n<p>Es empfiehlt sich vor und nach der Behandlung 90 min nichts zu essen und am Tag der Behandlung \u00fcber den Tag verteilt 2 Liter Wasser zu trinken. Auch nach der Behandlung sollte man 24 stunden sollte man auf seine Ern\u00e4hrung achten um das best m\u00f6gliche Resultat zu erzielen.<\/p>\n<p>Weiterf\u00fchrende Informationen zum System sind in unserem durch Neuro-Meditec AG, Schweiz  zertifiziertem Studio oder unter den nachfolgendem link zu finden: <strong>www.divinia-evolution.de<\/strong>\n<\/div>\n<div class=\"col-50\">\n<img decoding=\"async\" style=\"width: 100%; height: auto; padding: 15px;\" src=\"https:\/\/aesthe.ch\/wp-content\/uploads\/2020\/07\/Divinia-5.png\" \/>\n<\/div>\n<\/div>\n<p><\/p>","protected":false},"excerpt":{"rendered":"<p>Was Mithilfe des \u00abDiViNiA Ultra eLipolyse\u00bb\u00a0 ist es m\u00f6glich, den K\u00f6rper zur\u00fcck in den Idealzustand zu bringen. Dabei bringt das behandelnde Ger\u00e4t den K\u00f6rper dazu,&#8230;<\/p>\n","protected":false},"author":12,"featured_media":0,"parent":75,"menu_order":0,"comment_status":"closed","ping_status":"closed","template":"","meta":{"_mi_skip_tracking":false},"yoast_head":"<!-- This site is optimized with the Yoast SEO plugin v19.10 - https:\/\/yoast.com\/wordpress\/plugins\/seo\/ -->\n<title>DIVINIA ULTRA<\/title>\n<meta name=\"robots\" content=\"index, follow, max-snippet:-1, max-image-preview:large, max-video-preview:-1\" \/>\n<link rel=\"canonical\" href=\"https:\/\/aesthe.ch\/de\/treatments\/divinia-ultra\/\" \/>\n<meta property=\"og:locale\" content=\"de_DE\" \/>\n<meta property=\"og:type\" content=\"article\" \/>\n<meta property=\"og:title\" content=\"DIVINIA ULTRA\" \/>\n<meta property=\"og:description\" content=\"Was Mithilfe des \u00abDiViNiA Ultra eLipolyse\u00bb\u00a0 ist es m\u00f6glich, den K\u00f6rper zur\u00fcck in den Idealzustand zu bringen. Dabei bringt das behandelnde Ger\u00e4t den K\u00f6rper dazu,...\" \/>\n<meta property=\"og:url\" content=\"https:\/\/aesthe.ch\/de\/treatments\/divinia-ultra\/\" \/>\n<meta property=\"og:site_name\" content=\"Aesthe\" \/>\n<meta property=\"article:publisher\" content=\"https:\/\/www.facebook.com\/pages\/Aesthech\/233269250128188?ref=ts&amp;amp%3bamp%3bamp%3bfref=ts\" \/>\n<meta property=\"article:modified_time\" content=\"2020-07-05T01:16:59+00:00\" \/>\n<meta property=\"og:image\" content=\"https:\/\/aesthe.ch\/wp-content\/uploads\/2020\/07\/Divinia-1.png\" \/>\n<meta name=\"twitter:label1\" content=\"Gesch\u00e4tzte Lesezeit\" \/>\n\t<meta name=\"twitter:data1\" content=\"3\u00a0Minuten\" \/>\n<script type=\"application\/ld+json\" class=\"yoast-schema-graph\">{\"@context\":\"https:\/\/schema.org\",\"@graph\":[{\"@type\":\"WebPage\",\"@id\":\"https:\/\/aesthe.ch\/de\/treatments\/divinia-ultra\/\",\"url\":\"https:\/\/aesthe.ch\/de\/treatments\/divinia-ultra\/\",\"name\":\"DIVINIA ULTRA\",\"isPartOf\":{\"@id\":\"https:\/\/aesthe.ch\/de\/#website\"},\"datePublished\":\"2020-07-02T07:57:03+00:00\",\"dateModified\":\"2020-07-05T01:16:59+00:00\",\"breadcrumb\":{\"@id\":\"https:\/\/aesthe.ch\/de\/treatments\/divinia-ultra\/#breadcrumb\"},\"inLanguage\":\"de\",\"potentialAction\":[{\"@type\":\"ReadAction\",\"target\":[\"https:\/\/aesthe.ch\/de\/treatments\/divinia-ultra\/\"]}]},{\"@type\":\"BreadcrumbList\",\"@id\":\"https:\/\/aesthe.ch\/de\/treatments\/divinia-ultra\/#breadcrumb\",\"itemListElement\":[{\"@type\":\"ListItem\",\"position\":1,\"name\":\"Startseite\",\"item\":\"https:\/\/aesthe.ch\/de\/\"},{\"@type\":\"ListItem\",\"position\":2,\"name\":\"BEHANDLUNGEN\",\"item\":\"https:\/\/aesthe.ch\/de\/treatments\/\"},{\"@type\":\"ListItem\",\"position\":3,\"name\":\"DIVINIA ULTRA\"}]},{\"@type\":\"WebSite\",\"@id\":\"https:\/\/aesthe.ch\/de\/#website\",\"url\":\"https:\/\/aesthe.ch\/de\/\",\"name\":\"Aesthe\",\"description\":\"\",\"potentialAction\":[{\"@type\":\"SearchAction\",\"target\":{\"@type\":\"EntryPoint\",\"urlTemplate\":\"https:\/\/aesthe.ch\/de\/?s={search_term_string}\"},\"query-input\":\"required name=search_term_string\"}],\"inLanguage\":\"de\"}]}<\/script>\n<!-- \/ Yoast SEO plugin. -->","yoast_head_json":{"title":"DIVINIA ULTRA","robots":{"index":"index","follow":"follow","max-snippet":"max-snippet:-1","max-image-preview":"max-image-preview:large","max-video-preview":"max-video-preview:-1"},"canonical":"https:\/\/aesthe.ch\/de\/treatments\/divinia-ultra\/","og_locale":"de_DE","og_type":"article","og_title":"DIVINIA ULTRA","og_description":"Was Mithilfe des \u00abDiViNiA Ultra eLipolyse\u00bb\u00a0 ist es m\u00f6glich, den K\u00f6rper zur\u00fcck in den Idealzustand zu bringen. Dabei bringt das behandelnde Ger\u00e4t den K\u00f6rper dazu,...","og_url":"https:\/\/aesthe.ch\/de\/treatments\/divinia-ultra\/","og_site_name":"Aesthe","article_publisher":"https:\/\/www.facebook.com\/pages\/Aesthech\/233269250128188?ref=ts&amp%3bamp%3bamp%3bfref=ts","article_modified_time":"2020-07-05T01:16:59+00:00","og_image":[{"url":"https:\/\/aesthe.ch\/wp-content\/uploads\/2020\/07\/Divinia-1.png"}],"twitter_misc":{"Gesch\u00e4tzte Lesezeit":"3\u00a0Minuten"},"schema":{"@context":"https:\/\/schema.org","@graph":[{"@type":"WebPage","@id":"https:\/\/aesthe.ch\/de\/treatments\/divinia-ultra\/","url":"https:\/\/aesthe.ch\/de\/treatments\/divinia-ultra\/","name":"DIVINIA ULTRA","isPartOf":{"@id":"https:\/\/aesthe.ch\/de\/#website"},"datePublished":"2020-07-02T07:57:03+00:00","dateModified":"2020-07-05T01:16:59+00:00","breadcrumb":{"@id":"https:\/\/aesthe.ch\/de\/treatments\/divinia-ultra\/#breadcrumb"},"inLanguage":"de","potentialAction":[{"@type":"ReadAction","target":["https:\/\/aesthe.ch\/de\/treatments\/divinia-ultra\/"]}]},{"@type":"BreadcrumbList","@id":"https:\/\/aesthe.ch\/de\/treatments\/divinia-ultra\/#breadcrumb","itemListElement":[{"@type":"ListItem","position":1,"name":"Startseite","item":"https:\/\/aesthe.ch\/de\/"},{"@type":"ListItem","position":2,"name":"BEHANDLUNGEN","item":"https:\/\/aesthe.ch\/de\/treatments\/"},{"@type":"ListItem","position":3,"name":"DIVINIA ULTRA"}]},{"@type":"WebSite","@id":"https:\/\/aesthe.ch\/de\/#website","url":"https:\/\/aesthe.ch\/de\/","name":"Aesthe","description":"","potentialAction":[{"@type":"SearchAction","target":{"@type":"EntryPoint","urlTemplate":"https:\/\/aesthe.ch\/de\/?s={search_term_string}"},"query-input":"required name=search_term_string"}],"inLanguage":"de"}]}},"_links":{"self":[{"href":"https:\/\/aesthe.ch\/de\/wp-json\/wp\/v2\/pages\/3489"}],"collection":[{"href":"https:\/\/aesthe.ch\/de\/wp-json\/wp\/v2\/pages"}],"about":[{"href":"https:\/\/aesthe.ch\/de\/wp-json\/wp\/v2\/types\/page"}],"author":[{"embeddable":true,"href":"https:\/\/aesthe.ch\/de\/wp-json\/wp\/v2\/users\/12"}],"replies":[{"embeddable":true,"href":"https:\/\/aesthe.ch\/de\/wp-json\/wp\/v2\/comments?post=3489"}],"version-history":[{"count":12,"href":"https:\/\/aesthe.ch\/de\/wp-json\/wp\/v2\/pages\/3489\/revisions"}],"predecessor-version":[{"id":3511,"href":"https:\/\/aesthe.ch\/de\/wp-json\/wp\/v2\/pages\/3489\/revisions\/3511"}],"up":[{"embeddable":true,"href":"https:\/\/aesthe.ch\/de\/wp-json\/wp\/v2\/pages\/75"}],"wp:attachment":[{"href":"https:\/\/aesthe.ch\/de\/wp-json\/wp\/v2\/media?parent=3489"}],"curies":[{"name":"wp","href":"https:\/\/api.w.org\/{rel}","templated":true}]}}