{"id":3390,"date":"2019-11-20T05:46:43","date_gmt":"2019-11-20T03:46:43","guid":{"rendered":"https:\/\/aesthe.ch\/?page_id=3390"},"modified":"2019-11-22T04:47:08","modified_gmt":"2019-11-22T02:47:08","slug":"seyo-tda","status":"publish","type":"page","link":"https:\/\/aesthe.ch\/de\/treatments\/seyo-tda\/","title":{"rendered":"SEYO TDA"},"content":{"rendered":"<p><img decoding=\"async\" class=\"responsive-img\" style=\"float: none; width: 100%; height: 380px; object-fit: cover; max-width: 100%; margin: 0 auto; display: block;\" src=\"https:\/\/aesthe.ch\/wp-content\/uploads\/2019\/11\/seyo-tda-banner.jpg\" \/><\/p>\n<p style=\"font-weight: bold;\">Was<\/p>\n<p>SEYO TDA (Transdermale Applikation) ist eine innovative \u00e4sthetische Therapie, bei der spezifische Aktivstoffe non-invasiv (ohne Nadel) in tiefste Hautschichten gelangen und dort Wirkdepots bilden.<\/p>\n<p>Die Wirkdepots regen die Zellteilung permanent an und sorgen damit f\u00fcr ein nachhaltiges und verbessertes Hautbild. Die nat\u00fcrliche Struktur der Haut wird dabei sichtbar gefestigt und die Faltentiefe reduziert. Dabei mindert SEYO TDA Gravitationsfalten und die Haut gewinnt an Frische und an Jugend.<\/p>\n<p>Dieses weltweit einzigartige patentierte System wurde in Deutschland entwickelt und hergestellt<\/p>\n<div class=\"row-flex\">\n<div class=\"col-50\">\n<p style=\"font-weight: bold;\">Warum<\/p>\n<ul style=\"padding-left: 30px;\">\n<li>Nachhaltige Straffung der Haut<\/li>\n<li>Reduzierte Faltentiefe<\/li>\n<li>Verbesserung des Hautbildes<\/li>\n<li>Aktivierung der Zellreinigung<\/li>\n<li>Aufbau von Kollagenfasern<\/li>\n<li>Bildung von Wirkdepots<\/li>\n<\/ul>\n<p style=\"font-weight: bold;\">Wie<\/p>\n<p>W\u00e4hrend der Behandlung wird der TDA-Applikator der computergesteuerten Anwendungsstation in einem spezifischen Abstand \u00fcber die Haut hinweg gef\u00fchrt (jedoch ohne direkten Hautkontakt). Die von SEYO exklusiv entwickelte Tr\u00e4gersubstanz LP3, mit reinem Sauerstoff aktiviert, \u00f6ffnet die Epidermis-Struktur zu ca. 65%. und erm\u00f6glicht den wirkaktiven Substanzen (z.b Hyaluron) bis in die tiefste Hautschicht zu gelangen (im Unterschied zu alternativen kosmetischen Anwendungen, die an der Hornhaut \u201escheitern\u201c). Die Haut wird dabei beginnen, sich von innen an selbst zu regenerieren und gewinnt ihre Sch\u00f6nheit zur\u00fcck. Die SEYO TDA Behandlung kann sowohl eigenst\u00e4ndig erfolgen, als auch in eine umfangreiche Gesichtsbehandlung integriert werden.\n  <\/p><\/div>\n<div class=\"col-50\" style=\"text-align: center;\">\n<img decoding=\"async\" src=\"https:\/\/aesthe.ch\/wp-content\/uploads\/2019\/11\/TDA_System.jpg\" style=\"width: 70%; height: auto; padding: 15px;\"\/>\n  <\/div>\n<\/div>\n<div class=\"row-flex\">\n<div class=\"col-50\" style=\"text-align: center;\">\n<img decoding=\"async\" src=\"https:\/\/aesthe.ch\/wp-content\/uploads\/2019\/11\/Applikation3.jpg\" style=\"width: 70%; height: auto; padding: 15px;\"\/>\n  <\/div>\n<div class=\"col-50\">\n<p style=\"font-weight: bold;\">Wo<\/p>\n<p>    H\u00e4nde, Hals, Dekollet\u00e9 oder Gesicht, Augen (Problemzonen: Narben, Pigmentst\u00f6rung, Akne)\n  <\/p><\/div>\n<\/div>\n<div class=\"row-flex\">\n<div class=\"col-50\" style=\"padding-right: 15px;\">\n<p style=\"font-weight: bold;\">Ergebnisse<\/p>\n<p>     Das SEYO TDA verbessert die Feuchtigkeit und die Elastizit\u00e4t der Haut. Es unterst\u00fctzt die nat\u00fcrliche Hautregeneration und sch\u00fctzt sie mit Antioxidantien vor freien Radikalen. Schon nach 1-2 Sitzungen sind die Ergebnisse deutlich sichtbar. F\u00fcr ein wirksames, anhaltendes Ergebnis empfiehlt sich eine Kurbehandlung (3-4 Behandlungen z.B. 1x Woche und anschliessend 1x Monat) Es ist wie beim Sport: Je \u00f6fter die Haut mit der TDA Applikation behandelt wird, desto nachhaltiger und effektiver wird das Ergebnis sein\n  <\/p><\/div>\n<div class=\"col-50\">\n    <iframe loading=\"lazy\" width=\"100%\" height=\"315\" src=\"https:\/\/www.youtube.com\/embed\/GozJFYqX6OQ\" frameborder=\"0\" allow=\"accelerometer; autoplay; encrypted-media; gyroscope; picture-in-picture\" allowfullscreen><\/iframe>\n  <\/div>\n<\/div>\n<p style=\"font-weight: bold;\">Komplikationen und Nebenwirkungen<\/p>\n<p>Die Behandlung erfolgt ohne direkten Hautkontakt, unmittelbar auf der Stelle, bei der man eine Faltenbildung beobachten kann. Sie sp\u00fcren nur einen sanften Massage-Effekt und es ist komplett Schmerzfrei! Es sind keine Nebenwirkungen nach der SEYO-TDA-Behandlung bekannt.<\/p>\n<p style=\"font-weight: bold;\">Kontraindikationen<\/p>\n<p>Grunds\u00e4tzlich eignet sich die Behandlung f\u00fcr alle Altersstufen und Hauttypen. Wenn ihr von Akne geplagte, und unreine Haut habt, ist die TDA- Behandlung genauso gut geeignet, wie wenn man trockene Haut mit ersten Altersf\u00e4ltchen bemerkt.<br \/>\nDennoch raten wir von Behandlungen bei Schwangerschaft und Stillzeit ab.<\/p>\n<p><strong><span class=\"fontstyle0\">Welche Wirkstoffe kommen zum Einsatz?<\/span><\/strong><br \/>\nSEYO TDA erm\u00f6glicht die effektive und nachhaltige Behandlung mit speziellen Anti-Aging-Wirkstoffen f\u00fcr nahezu jeden Hautzustand \u2013 auch bei Problemhaut (Akne, Rosazea und Couperose) Im TDA-Applikator wird die mit Aktivstoffen angereicherte TDATr\u00e4gersubstanz (Hyalurons\u00e4ure-Komplexe) mit Sauerstoff zu Mikroeinheiten kombiniert. In Abh\u00e4ngigkeit von Ihrem Hautzustand wird ein passendes Wirkstoffkomplex ausgew\u00e4hlt und ein entsprechendes Programm in der computergesteuertem Systemapplikation eingestellt um die optimalen Ergebnisse zu erreichen<\/p>\n<p><strong> <span class=\"fontstyle0\">Die Wirkstoffkomplexe:<\/span> <\/strong><\/p>\n<div style=\"text-align: center;\">\n<img decoding=\"async\" src=\"https:\/\/aesthe.ch\/wp-content\/uploads\/2019\/11\/Cartridges.jpg\" style=\"width: 70%; height: auto; padding: 15px;\"\/>\n<\/div>\n<p><strong>Hyal N5 TDA,<\/strong> F\u00dcR JUNGE GES\u00c4TTIGTE HAUT: Sch\u00fctzt die junge Haut vor umweltbedingter Hautalterung, versorgt sie bis in die Tiefe mit wertvoller Feuchtigkeit und Vitaminen und gl\u00e4ttet erste Trockenheitsf\u00e4ltchen. <\/p>\n<p><strong>Hyal N10 TDA,<\/strong> F\u00dcR INTRINSICH GEALTERTE HAUT: Stimuliert die hauteigene Kollagenproduktion, regt die Mikrozirkulation an und aktiviert die Aufnahme von Aktivstoffen in den tiefsten Hautschichten. F\u00fcr einen nat\u00fcrlichen \u201eLifting-Effekt\u201c <\/p>\n<p><strong>Mitocell TDA,<\/strong> F\u00dcR EXTRINSICH GEALTERTE HAUT: Die h\u00f6chste Konzentration von Anti-Aging-Aktivstoffen sorgt f\u00fcr eine tiefe Regeneration der zellgesch\u00e4digten Haut, sichtbar gemilderte Falten und eine j\u00fcngere Ausstrahlung <\/p>\n<p><strong>Canaboost TDA,<\/strong> F\u00dcR REGENERATIONSBED\u00dcRFTIGE HAUT: Wirkt zellaktivierend und bietet der Haut intensive Pflege und nachhaltige Regeneration. Hanf\u00f6l dient der St\u00e4rkung der Zellmembran, polstert das Hautbild und mindert Falten. <\/p>\n<p><strong>Proderm TDA,<\/strong> F\u00dcR DIAGNOSTIZIERTE PROBLEMHAUT: Bek\u00e4mpft Unreinheiten und Entz\u00fcndungen der Haut. Hat einen antibakteriellen Effekt und hilft das Hautbild zu verbessern <\/p>\n<p><strong>Dermacool TDA,<\/strong> F\u00dcR GEREIZTE HAUT: K\u00fchlt, beruhigt und hydratisiert die Haut. Unterst\u00fctzt den k\u00f6rpereigenen Reparaturmechanismus, mindert R\u00f6tungen und reduziert das Spannungsgef\u00fchl strapazierter Haut. Wird als After-Sun-Behandlung oder Nachbehandlung f\u00fcr alle hautreizenden Behandlungen empfohlen. <\/p>\n<p><strong>Polar TDA,<\/strong> F\u00dcR HYPERPIGMENTIERTE HAUT: Sch\u00fctzt die Haut mit seiner aktiven Komplexformulierung vor Umwelteinfl\u00fcssen und beugt Verf\u00e4rbungen und Hautalterung vor. Die einzigartige Formel f\u00f6rdert die Hautabschuppung und tr\u00e4gt so zu einem ebenm\u00e4\u00dfigeren Teint bei. <\/p>\n<p><strong>Peeling+ TDA,<\/strong> REINIGENDE VORBEHANDLUNG: Das AHA Erlebnis f\u00fcr die Haut. Befreit die Haut von abgestorbenen Hautsch\u00fcppchen, macht sie aufnahmef\u00e4higer f\u00fcr die nachfolgende TDA Behandlung und kann deren Wirkung intensivieren. <\/p>\n<p><strong>Fight TDA Men,<\/strong> STRAFFT UND FESTIGT DIE HAUT: Reduziert Falten, n\u00e4hrt die Haut und spendet neue Feuchtigkeit. Die nat\u00fcrliche Schutzfunktion der Haut wird gest\u00e4rkt, die Mikrozirkulation angeregt und die Zellerneuerung gef\u00f6rdert. <\/p>\n<p><strong>Rescue TDA Men,<\/strong> VERBESSERT DAS HAUTBILD: Beruhigt empfindliche, beanspruchte und gereizte Haut \u2013 speziell nach der Rasur \u2013 und unterst\u00fctzt das Abklingen von R\u00f6tungen, Irritationen und leichten Entz\u00fcndungen. Au\u00dferdem wird die Haut nachhaltig mit Feuchtigkeit versorgt<\/p>\n<div class=\"row-flex\">\n<div class=\"col-50\">\n<strong> <span class=\"fontstyle0\">F\u00fcr die Nachbehandlung: <\/span> <\/strong><br \/>\nSEYOCEUTICALS \u2014 DAS BEAUTY DEPOT F\u00dcR ZU HAUSE <\/p>\n<p>SEYO ist \u00fcberzeugt, dass professionelle Pflege nicht mit dem Verlassen des Kosmetikinstituts enden sollte. SEYOCeuticals sind f\u00fcnf dermakosmetische Pflegeserien zur perfekten Erg\u00e4nzung der SEYO TDABehandlung. Sie beugen den Zeichen der Hautalterung vor, korrigieren diese oder verbessern das Erscheinungsbild von Problemhaut. <\/p>\n<p>SEYOCeuticals sind dermatologisch getestet, frei von Paraffin- und Silikon\u00f6len und Farbstoffen.\n  <\/p><\/div>\n<div class=\"col-50\" style=\"text-align: center;\">\n  <img decoding=\"async\" src=\"https:\/\/aesthe.ch\/wp-content\/uploads\/2019\/11\/Seren.jpg\" style=\"width: 70%; height: auto; padding: 15px;\"\/>\n  <\/div>\n<\/div>\n<div style=\"text-align: center;\">\n<img decoding=\"async\" src=\"https:\/\/aesthe.ch\/wp-content\/uploads\/2019\/11\/Still-reduced-8.jpg\" style=\"width: 70%; height: auto; padding: 15px;\"\/>\n<\/div>\n<p>Weiterf\u00fchrende Informationen zum System, Wirkstoffen und Pflegeprodukten sind in unserem durch SEYO GmbH zertifiziertem Studio oder unter den nachfolgendem link zu finden:<br \/>\n<a href=\"https:\/\/www.seyo.de\" target=\"_blank\" rel=\"noopener noreferrer\"><strong>www.seyo.de<\/strong><\/a><br \/>\n<\/p>","protected":false},"excerpt":{"rendered":"<p>Was SEYO TDA (Transdermale Applikation) ist eine innovative \u00e4sthetische Therapie, bei der spezifische Aktivstoffe non-invasiv (ohne Nadel) in tiefste Hautschichten gelangen und dort Wirkdepots bilden&#8230;.<\/p>\n","protected":false},"author":12,"featured_media":0,"parent":75,"menu_order":0,"comment_status":"closed","ping_status":"closed","template":"","meta":{"_mi_skip_tracking":false},"yoast_head":"<!-- This site is optimized with the Yoast SEO plugin v19.10 - https:\/\/yoast.com\/wordpress\/plugins\/seo\/ -->\n<title>SEYO TDA<\/title>\n<meta name=\"robots\" content=\"index, follow, max-snippet:-1, max-image-preview:large, max-video-preview:-1\" \/>\n<link rel=\"canonical\" href=\"https:\/\/aesthe.ch\/de\/treatments\/seyo-tda\/\" \/>\n<meta property=\"og:locale\" content=\"de_DE\" \/>\n<meta property=\"og:type\" content=\"article\" \/>\n<meta property=\"og:title\" content=\"SEYO TDA\" \/>\n<meta property=\"og:description\" content=\"Was SEYO TDA (Transdermale Applikation) ist eine innovative \u00e4sthetische Therapie, bei der spezifische Aktivstoffe non-invasiv (ohne Nadel) in tiefste Hautschichten gelangen und dort Wirkdepots bilden....\" \/>\n<meta property=\"og:url\" content=\"https:\/\/aesthe.ch\/de\/treatments\/seyo-tda\/\" \/>\n<meta property=\"og:site_name\" content=\"Aesthe\" \/>\n<meta property=\"article:publisher\" content=\"https:\/\/www.facebook.com\/pages\/Aesthech\/233269250128188?ref=ts&amp;amp%3bamp%3bamp%3bfref=ts\" \/>\n<meta property=\"article:modified_time\" content=\"2019-11-22T02:47:08+00:00\" \/>\n<meta property=\"og:image\" content=\"https:\/\/aesthe.ch\/wp-content\/uploads\/2019\/11\/seyo-tda-banner.jpg\" \/>\n<meta name=\"twitter:label1\" content=\"Gesch\u00e4tzte Lesezeit\" \/>\n\t<meta name=\"twitter:data1\" content=\"9\u00a0Minuten\" \/>\n<script type=\"application\/ld+json\" class=\"yoast-schema-graph\">{\"@context\":\"https:\/\/schema.org\",\"@graph\":[{\"@type\":\"WebPage\",\"@id\":\"https:\/\/aesthe.ch\/de\/treatments\/seyo-tda\/\",\"url\":\"https:\/\/aesthe.ch\/de\/treatments\/seyo-tda\/\",\"name\":\"SEYO TDA\",\"isPartOf\":{\"@id\":\"https:\/\/aesthe.ch\/de\/#website\"},\"datePublished\":\"2019-11-20T03:46:43+00:00\",\"dateModified\":\"2019-11-22T02:47:08+00:00\",\"breadcrumb\":{\"@id\":\"https:\/\/aesthe.ch\/de\/treatments\/seyo-tda\/#breadcrumb\"},\"inLanguage\":\"de\",\"potentialAction\":[{\"@type\":\"ReadAction\",\"target\":[\"https:\/\/aesthe.ch\/de\/treatments\/seyo-tda\/\"]}]},{\"@type\":\"BreadcrumbList\",\"@id\":\"https:\/\/aesthe.ch\/de\/treatments\/seyo-tda\/#breadcrumb\",\"itemListElement\":[{\"@type\":\"ListItem\",\"position\":1,\"name\":\"Startseite\",\"item\":\"https:\/\/aesthe.ch\/de\/\"},{\"@type\":\"ListItem\",\"position\":2,\"name\":\"BEHANDLUNGEN\",\"item\":\"https:\/\/aesthe.ch\/de\/treatments\/\"},{\"@type\":\"ListItem\",\"position\":3,\"name\":\"SEYO TDA\"}]},{\"@type\":\"WebSite\",\"@id\":\"https:\/\/aesthe.ch\/de\/#website\",\"url\":\"https:\/\/aesthe.ch\/de\/\",\"name\":\"Aesthe\",\"description\":\"\",\"potentialAction\":[{\"@type\":\"SearchAction\",\"target\":{\"@type\":\"EntryPoint\",\"urlTemplate\":\"https:\/\/aesthe.ch\/de\/?s={search_term_string}\"},\"query-input\":\"required name=search_term_string\"}],\"inLanguage\":\"de\"}]}<\/script>\n<!-- \/ Yoast SEO plugin. -->","yoast_head_json":{"title":"SEYO TDA","robots":{"index":"index","follow":"follow","max-snippet":"max-snippet:-1","max-image-preview":"max-image-preview:large","max-video-preview":"max-video-preview:-1"},"canonical":"https:\/\/aesthe.ch\/de\/treatments\/seyo-tda\/","og_locale":"de_DE","og_type":"article","og_title":"SEYO TDA","og_description":"Was SEYO TDA (Transdermale Applikation) ist eine innovative \u00e4sthetische Therapie, bei der spezifische Aktivstoffe non-invasiv (ohne Nadel) in tiefste Hautschichten gelangen und dort Wirkdepots bilden....","og_url":"https:\/\/aesthe.ch\/de\/treatments\/seyo-tda\/","og_site_name":"Aesthe","article_publisher":"https:\/\/www.facebook.com\/pages\/Aesthech\/233269250128188?ref=ts&amp%3bamp%3bamp%3bfref=ts","article_modified_time":"2019-11-22T02:47:08+00:00","og_image":[{"url":"https:\/\/aesthe.ch\/wp-content\/uploads\/2019\/11\/seyo-tda-banner.jpg"}],"twitter_misc":{"Gesch\u00e4tzte Lesezeit":"9\u00a0Minuten"},"schema":{"@context":"https:\/\/schema.org","@graph":[{"@type":"WebPage","@id":"https:\/\/aesthe.ch\/de\/treatments\/seyo-tda\/","url":"https:\/\/aesthe.ch\/de\/treatments\/seyo-tda\/","name":"SEYO TDA","isPartOf":{"@id":"https:\/\/aesthe.ch\/de\/#website"},"datePublished":"2019-11-20T03:46:43+00:00","dateModified":"2019-11-22T02:47:08+00:00","breadcrumb":{"@id":"https:\/\/aesthe.ch\/de\/treatments\/seyo-tda\/#breadcrumb"},"inLanguage":"de","potentialAction":[{"@type":"ReadAction","target":["https:\/\/aesthe.ch\/de\/treatments\/seyo-tda\/"]}]},{"@type":"BreadcrumbList","@id":"https:\/\/aesthe.ch\/de\/treatments\/seyo-tda\/#breadcrumb","itemListElement":[{"@type":"ListItem","position":1,"name":"Startseite","item":"https:\/\/aesthe.ch\/de\/"},{"@type":"ListItem","position":2,"name":"BEHANDLUNGEN","item":"https:\/\/aesthe.ch\/de\/treatments\/"},{"@type":"ListItem","position":3,"name":"SEYO TDA"}]},{"@type":"WebSite","@id":"https:\/\/aesthe.ch\/de\/#website","url":"https:\/\/aesthe.ch\/de\/","name":"Aesthe","description":"","potentialAction":[{"@type":"SearchAction","target":{"@type":"EntryPoint","urlTemplate":"https:\/\/aesthe.ch\/de\/?s={search_term_string}"},"query-input":"required name=search_term_string"}],"inLanguage":"de"}]}},"_links":{"self":[{"href":"https:\/\/aesthe.ch\/de\/wp-json\/wp\/v2\/pages\/3390"}],"collection":[{"href":"https:\/\/aesthe.ch\/de\/wp-json\/wp\/v2\/pages"}],"about":[{"href":"https:\/\/aesthe.ch\/de\/wp-json\/wp\/v2\/types\/page"}],"author":[{"embeddable":true,"href":"https:\/\/aesthe.ch\/de\/wp-json\/wp\/v2\/users\/12"}],"replies":[{"embeddable":true,"href":"https:\/\/aesthe.ch\/de\/wp-json\/wp\/v2\/comments?post=3390"}],"version-history":[{"count":28,"href":"https:\/\/aesthe.ch\/de\/wp-json\/wp\/v2\/pages\/3390\/revisions"}],"predecessor-version":[{"id":3431,"href":"https:\/\/aesthe.ch\/de\/wp-json\/wp\/v2\/pages\/3390\/revisions\/3431"}],"up":[{"embeddable":true,"href":"https:\/\/aesthe.ch\/de\/wp-json\/wp\/v2\/pages\/75"}],"wp:attachment":[{"href":"https:\/\/aesthe.ch\/de\/wp-json\/wp\/v2\/media?parent=3390"}],"curies":[{"name":"wp","href":"https:\/\/api.w.org\/{rel}","templated":true}]}}