{"id":3149,"date":"2018-08-25T09:13:41","date_gmt":"2018-08-25T07:13:41","guid":{"rendered":"https:\/\/aesthe.ch\/?page_id=3149"},"modified":"2020-08-26T09:45:01","modified_gmt":"2020-08-26T07:45:01","slug":"mesotherapy","status":"publish","type":"page","link":"https:\/\/aesthe.ch\/de\/treatments\/mesotherapy\/","title":{"rendered":"Mesotherapie"},"content":{"rendered":"<p><img decoding=\"async\" loading=\"lazy\" width=\"1920\" height=\"1280\" class=\"wp-image-3152 responsive-img\" style=\"float: none; margin: 0 auto; display: block;\" src=\"https:\/\/aesthe.ch\/wp-content\/uploads\/2018\/08\/model-2303361_1920.jpg\" srcset=\"https:\/\/aesthe.ch\/wp-content\/uploads\/2018\/08\/model-2303361_1920.jpg 1920w, https:\/\/aesthe.ch\/wp-content\/uploads\/2018\/08\/model-2303361_1920-300x200.jpg 300w, https:\/\/aesthe.ch\/wp-content\/uploads\/2018\/08\/model-2303361_1920-768x512.jpg 768w, https:\/\/aesthe.ch\/wp-content\/uploads\/2018\/08\/model-2303361_1920-1024x683.jpg 1024w, https:\/\/aesthe.ch\/wp-content\/uploads\/2018\/08\/model-2303361_1920-600x400.jpg 600w, https:\/\/aesthe.ch\/wp-content\/uploads\/2018\/08\/model-2303361_1920-224x150.jpg 224w, https:\/\/aesthe.ch\/wp-content\/uploads\/2018\/08\/model-2303361_1920-180x120.jpg 180w, https:\/\/aesthe.ch\/wp-content\/uploads\/2018\/08\/model-2303361_1920-120x80.jpg 120w\" sizes=\"(max-width: 1920px) 100vw, 1920px\" \/><\/p>\n<p style=\"font-weight: bold;\">Was<\/p>\n<p>Als Mesotherapie bezeichnet man eine schonende Behandlungsmethode, welche die Ursachen der Hautalterung, des Haarausfall oder Cellulite bek\u00e4mpft. Die Therapie wird individuell auf den Hauttyp des Kunden und die Art der Hautver\u00e4nderung abgestimmt<\/p>\n<p style=\"font-weight: bold;\">Warum<\/p>\n<ul>\n<li>weil Mesotherapie die sanfteste Behandlungsform im Bereich der Hautverj\u00fcngung und Hautregeneration ist<\/li>\n<li>weil die Wirkstoffe in minimalen Dosen angewandt werden<\/li>\n<li>weil die Arzneien nur oberfl\u00e4chlich in und unter die Haut gespritzt werden<\/li>\n<li>weil die Organe (Magen, Leber, Niere) nicht belastet werden<\/li>\n<li>weil die Wirkung \u00fcber einen l\u00e4ngeren Zeitraum anh\u00e4lt<\/li>\n<li>weil Mesotherapie nahezu schmerzfrei ist<\/li>\n<li>weil Mesotherapie eine minimalinvasive Therapiemethode ist<\/li>\n<li>weil Mesotherapie individuell auf den Kunden abgestimmt wird<\/li>\n<li>weil Mesotherpie h\u00e4ufig schneller und nachhaltiger Linderung verschafft als eine konservative Therapie<\/li>\n<\/ul>\n<div style=\"float: left; margin: 40px 40px 40px 0;\"><\/div>\n<p style=\"font-weight: bold;\">Wie<\/p>\n<p>Mit dem patentierten Vital Injector MesoSystem werden Vitalstoffe (wie Hyalurons\u00e4ure, Vitaminkomplexe, Pflanzenextrakte) sicher, einfach und nahezu schmerzfrei in die Hautschichten (Stichtiefe bis 0,5mm)\u00a0 injiziert. Dank dem weltweit einmaligen Vakuum-Nadelkopf-System werden die Behandlungen von allen Behandlungskunden sehr gut vertragen. Dieses System steht f\u00fcr die fortschrittlichste Form der Mesotherapie und dem weltweit einzigartigen Vakuum-Injiziersystem.<\/p>\n<p style=\"font-weight: bold;\">Wo<\/p>\n<p>An jeder K\u00f6rperstelle, an denen folgendes beobachtet werden kann:<\/p>\n<ul>\n<li>Kleine F\u00e4ltchen<\/li>\n<li>Hyperpigmentation<\/li>\n<li>Sichtbar dehydrierte Haut<\/li>\n<li>Empfindliche Haut<\/li>\n<li>Verlust der Festigkeit im Gesichtsgewebe, Elastizit\u00e4t<\/li>\n<\/ul>\n<p style=\"font-weight: bold;\">Ergebnisse<\/p>\n<p>Schon nach der ersten Behandlung sind die ersten Resultate deutlich sichtbar wie:<\/p>\n<ul>\n<li>Sichtbarer Lifting Effekt<\/li>\n<li>Tiefe Hauthydration<\/li>\n<li>Reduzieren von F\u00e4ltchen<\/li>\n<li>Die Haut strahlt und hat Glanz<\/li>\n<li>Hyperpigmentierungs Reduktion<\/li>\n<li>F\u00fcr effektive und langanhaltende Ergebnisse empfehlen wir 4 bis 8 Behandlungen im Abstand von 14 Tagen, dann\u00a0 eine Behandlung\u00a0 pro drei bis vier Monate.<\/li>\n<\/ul>\n<p style=\"font-weight: bold;\">Komplikationen und Nebenwirkungen<\/p>\n<p>Moderne Mehrnadel-Vakuumsysteme sind beinahe schmerzfrei und werden auch von schmerzempfindlichen Kunden toleriert.<br \/>\nEs k\u00f6nnen aber weitere Nebenwirkungen, wie R\u00f6tungen, Brennen oder muskelkaterartige Druckempfindlichkeit auftreten.<\/p>\n<p><iframe loading=\"lazy\" class=\"iframe-center\" style=\"float: right; width: 530px; max-width: 100%; margin-bottom: 20px;\" src=\"https:\/\/www.youtube.com\/embed\/iCCYlO-fQpk\" width=\"530\" height=\"315\" frameborder=\"0\" allowfullscreen=\"allowfullscreen\"><\/iframe><\/p>\n<p style=\"font-weight: bold;\">Kontraindikationen<\/p>\n<ul>\n<li>Medikamente zur Blutverd\u00fcnnung<\/li>\n<li>St\u00f6rung der Blutgerinnung<\/li>\n<li>Schwangerschaft<\/li>\n<li>Stillzeit<\/li>\n<li>Krebskrankheit<\/li>\n<li>aktive Hauterkrankungen<\/li>\n<li>allergische Reaktionen auf Wirkstoffe<\/li>\n<li>Herz- und Kreislauf- und Stoffwechselst\u00f6rungen<\/li>\n<li>Neigung zur hypotrophen Narbenbildung<\/li>\n<li>Epilepsie<\/li>\n<\/ul>\n<hr style=\"border-top: 1px solid #fff; clear: both;\" \/>\n<hr style=\"clear: both; margin-top: 20px;\" \/>\n<p><img decoding=\"async\" loading=\"lazy\" class=\"aligncenter wp-image-3239 size-full\" src=\"https:\/\/aesthe.ch\/wp-content\/uploads\/2018\/09\/Welche_Wirkstoffe_kommen_zum_Einsatz-1.jpg\" alt=\"\" width=\"100%\" height=\"auto\" srcset=\"https:\/\/aesthe.ch\/wp-content\/uploads\/2018\/09\/Welche_Wirkstoffe_kommen_zum_Einsatz-1.jpg 1200w, https:\/\/aesthe.ch\/wp-content\/uploads\/2018\/09\/Welche_Wirkstoffe_kommen_zum_Einsatz-1-300x71.jpg 300w, https:\/\/aesthe.ch\/wp-content\/uploads\/2018\/09\/Welche_Wirkstoffe_kommen_zum_Einsatz-1-768x181.jpg 768w, https:\/\/aesthe.ch\/wp-content\/uploads\/2018\/09\/Welche_Wirkstoffe_kommen_zum_Einsatz-1-1024x241.jpg 1024w, https:\/\/aesthe.ch\/wp-content\/uploads\/2018\/09\/Welche_Wirkstoffe_kommen_zum_Einsatz-1-600x142.jpg 600w, https:\/\/aesthe.ch\/wp-content\/uploads\/2018\/09\/Welche_Wirkstoffe_kommen_zum_Einsatz-1-264x62.jpg 264w, https:\/\/aesthe.ch\/wp-content\/uploads\/2018\/09\/Welche_Wirkstoffe_kommen_zum_Einsatz-1-120x28.jpg 120w\" sizes=\"(max-width: 1200px) 100vw, 1200px\" \/><\/p>\n<p><strong><span class=\"fontstyle0\">Welche Wirkstoffe kommen zum Einsatz?<\/span><\/strong><\/p>\n<p><span class=\"fontstyle2\">Die individuell nach Bedarf kombinierbaren Wirkstoffe stammen oft aus der Naturheilkunde. Erreicht wird das Sch\u00f6nheitsziel mit verschiedensten nat\u00fcrlichen Inhaltsstoffen (Ginkgo, Steinklee, Soja, Algen) sowie biologischen Substanzen (Elastin, Kollagen, Vitamine, Aminos\u00e4uren, Mineralien, Antioxidanzien und Koenzyme). Gels mit Hyalurons\u00e4ure oder Cocktails mit Wachstumsfaktoren, Enzymen und Stammzellen. Seren gegen die Glatzenbildung wie Bimatoprost oder Finasteride oder fettaufl\u00f6sende Seren wie Phosphatidylcholin (PPC) oder Aqualix gegen Doppelkinns, Tr\u00e4nens\u00e4cke, Cellulite oder \u00d6deme.<\/span><\/p>\n<div class=\"images-two\"><img decoding=\"async\" loading=\"lazy\" class=\"alignnone wp-image-3246 size-full\" src=\"https:\/\/aesthe.ch\/wp-content\/uploads\/2018\/09\/Welche_Wirkstoffe_kommen_zum_Einsatz-2.jpg\" alt=\"\" width=\"1200\" height=\"760\" srcset=\"https:\/\/aesthe.ch\/wp-content\/uploads\/2018\/09\/Welche_Wirkstoffe_kommen_zum_Einsatz-2.jpg 1200w, https:\/\/aesthe.ch\/wp-content\/uploads\/2018\/09\/Welche_Wirkstoffe_kommen_zum_Einsatz-2-300x190.jpg 300w, https:\/\/aesthe.ch\/wp-content\/uploads\/2018\/09\/Welche_Wirkstoffe_kommen_zum_Einsatz-2-768x486.jpg 768w, https:\/\/aesthe.ch\/wp-content\/uploads\/2018\/09\/Welche_Wirkstoffe_kommen_zum_Einsatz-2-1024x649.jpg 1024w, https:\/\/aesthe.ch\/wp-content\/uploads\/2018\/09\/Welche_Wirkstoffe_kommen_zum_Einsatz-2-600x380.jpg 600w, https:\/\/aesthe.ch\/wp-content\/uploads\/2018\/09\/Welche_Wirkstoffe_kommen_zum_Einsatz-2-189x120.jpg 189w, https:\/\/aesthe.ch\/wp-content\/uploads\/2018\/09\/Welche_Wirkstoffe_kommen_zum_Einsatz-2-120x76.jpg 120w\" sizes=\"(max-width: 1200px) 100vw, 1200px\" \/> <img decoding=\"async\" loading=\"lazy\" class=\"alignnone wp-image-3247 size-full\" style=\"padding-top: 20px; padding-bottom: 20px;\" src=\"https:\/\/aesthe.ch\/wp-content\/uploads\/2018\/09\/Welche_Wirkstoffe_kommen_zum_Einsatz-3.jpg\" alt=\"\" width=\"1200\" height=\"446\" srcset=\"https:\/\/aesthe.ch\/wp-content\/uploads\/2018\/09\/Welche_Wirkstoffe_kommen_zum_Einsatz-3.jpg 1200w, https:\/\/aesthe.ch\/wp-content\/uploads\/2018\/09\/Welche_Wirkstoffe_kommen_zum_Einsatz-3-300x112.jpg 300w, https:\/\/aesthe.ch\/wp-content\/uploads\/2018\/09\/Welche_Wirkstoffe_kommen_zum_Einsatz-3-768x285.jpg 768w, https:\/\/aesthe.ch\/wp-content\/uploads\/2018\/09\/Welche_Wirkstoffe_kommen_zum_Einsatz-3-1024x381.jpg 1024w, https:\/\/aesthe.ch\/wp-content\/uploads\/2018\/09\/Welche_Wirkstoffe_kommen_zum_Einsatz-3-600x223.jpg 600w, https:\/\/aesthe.ch\/wp-content\/uploads\/2018\/09\/Welche_Wirkstoffe_kommen_zum_Einsatz-3-264x98.jpg 264w, https:\/\/aesthe.ch\/wp-content\/uploads\/2018\/09\/Welche_Wirkstoffe_kommen_zum_Einsatz-3-120x45.jpg 120w\" sizes=\"(max-width: 1200px) 100vw, 1200px\" \/><\/div>\n<p><strong> <span class=\"fontstyle0\">Welche Produkte werden verwendet?<\/span> <\/strong><\/p>\n<p><span class=\"fontstyle0\">Wir verwenden die Mesoseren der f\u00fchrende Hersteller insb. Skin Tech Pharma Group und Institute BCN. Diese Sterile, hochverdichtete Wirkstoffe, die mit Nanotechnologie und in Pharmaqualit\u00e4t produziert werden, beziehen wir \u00fcber unseren Partner V-Skin AG, Freienbach. Die Hersteller Skin Tech Pharma Group und Institute BCN haben eine erstklassige Qualit\u00e4t und alle Zertifikate nach der neuen EU-Richtlinie f\u00fcr Kosmetika EU 2017\/1410.<\/span><\/p>\n<div class=\"images-two\"><img decoding=\"async\" loading=\"lazy\" class=\"alignnone wp-image-3251 size-full\" src=\"https:\/\/aesthe.ch\/wp-content\/uploads\/2018\/09\/Welche_Wirkstoffe_kommen_zum_Einsatz-4.jpg\" alt=\"\" width=\"595\" height=\"283\" srcset=\"https:\/\/aesthe.ch\/wp-content\/uploads\/2018\/09\/Welche_Wirkstoffe_kommen_zum_Einsatz-4.jpg 595w, https:\/\/aesthe.ch\/wp-content\/uploads\/2018\/09\/Welche_Wirkstoffe_kommen_zum_Einsatz-4-300x143.jpg 300w, https:\/\/aesthe.ch\/wp-content\/uploads\/2018\/09\/Welche_Wirkstoffe_kommen_zum_Einsatz-4-252x120.jpg 252w, https:\/\/aesthe.ch\/wp-content\/uploads\/2018\/09\/Welche_Wirkstoffe_kommen_zum_Einsatz-4-120x57.jpg 120w\" sizes=\"(max-width: 595px) 100vw, 595px\" \/> <img decoding=\"async\" loading=\"lazy\" class=\"alignnone wp-image-3252 size-full\" src=\"https:\/\/aesthe.ch\/wp-content\/uploads\/2018\/09\/Welche_Wirkstoffe_kommen_zum_Einsatz-5.jpg\" alt=\"\" width=\"552\" height=\"531\" srcset=\"https:\/\/aesthe.ch\/wp-content\/uploads\/2018\/09\/Welche_Wirkstoffe_kommen_zum_Einsatz-5.jpg 552w, https:\/\/aesthe.ch\/wp-content\/uploads\/2018\/09\/Welche_Wirkstoffe_kommen_zum_Einsatz-5-300x289.jpg 300w, https:\/\/aesthe.ch\/wp-content\/uploads\/2018\/09\/Welche_Wirkstoffe_kommen_zum_Einsatz-5-416x400.jpg 416w, https:\/\/aesthe.ch\/wp-content\/uploads\/2018\/09\/Welche_Wirkstoffe_kommen_zum_Einsatz-5-125x120.jpg 125w, https:\/\/aesthe.ch\/wp-content\/uploads\/2018\/09\/Welche_Wirkstoffe_kommen_zum_Einsatz-5-120x115.jpg 120w\" sizes=\"(max-width: 552px) 100vw, 552px\" \/><\/div>\n<p style=\"text-align: center;\">Weiterf\u00fchrende Informationen zu Produkten sind in unserem Studio oder unter den nachfolgenden links zu finden:<br \/>\n<a href=\"http:\/\/www.v-skin.ch\">www.v-skin.ch<\/a><br \/>\n<a href=\"http:\/\/www.institutebcn.com\">www.institutebcn.com<\/a><br \/>\n<a href=\"http:\/\/www.skintechpharmagroup.com\">www.skintechpharmagroup.com<\/a><\/p>\n<p><\/p>","protected":false},"excerpt":{"rendered":"<p>Was Als Mesotherapie bezeichnet man eine schonende Behandlungsmethode, welche die Ursachen der Hautalterung, des Haarausfall oder Cellulite bek\u00e4mpft. Die Therapie wird individuell auf den Hauttyp&#8230;<\/p>\n","protected":false},"author":12,"featured_media":0,"parent":75,"menu_order":0,"comment_status":"closed","ping_status":"closed","template":"","meta":{"_mi_skip_tracking":false},"yoast_head":"<!-- This site is optimized with the Yoast SEO plugin v19.10 - https:\/\/yoast.com\/wordpress\/plugins\/seo\/ -->\n<title>Mesotherapie<\/title>\n<meta name=\"robots\" content=\"index, follow, max-snippet:-1, max-image-preview:large, max-video-preview:-1\" \/>\n<link rel=\"canonical\" href=\"https:\/\/aesthe.ch\/de\/treatments\/mesotherapy\/\" \/>\n<meta property=\"og:locale\" content=\"de_DE\" \/>\n<meta property=\"og:type\" content=\"article\" \/>\n<meta property=\"og:title\" content=\"Mesotherapie\" \/>\n<meta property=\"og:description\" content=\"Was Als Mesotherapie bezeichnet man eine schonende Behandlungsmethode, welche die Ursachen der Hautalterung, des Haarausfall oder Cellulite bek\u00e4mpft. Die Therapie wird individuell auf den Hauttyp...\" \/>\n<meta property=\"og:url\" content=\"https:\/\/aesthe.ch\/de\/treatments\/mesotherapy\/\" \/>\n<meta property=\"og:site_name\" content=\"Aesthe\" \/>\n<meta property=\"article:publisher\" content=\"https:\/\/www.facebook.com\/pages\/Aesthech\/233269250128188?ref=ts&amp;amp%3bamp%3bamp%3bfref=ts\" \/>\n<meta property=\"article:modified_time\" content=\"2020-08-26T07:45:01+00:00\" \/>\n<meta property=\"og:image\" content=\"https:\/\/aesthe.ch\/wp-content\/uploads\/2018\/08\/model-2303361_1920.jpg\" \/>\n<meta name=\"twitter:label1\" content=\"Gesch\u00e4tzte Lesezeit\" \/>\n\t<meta name=\"twitter:data1\" content=\"5\u00a0Minuten\" \/>\n<script type=\"application\/ld+json\" class=\"yoast-schema-graph\">{\"@context\":\"https:\/\/schema.org\",\"@graph\":[{\"@type\":\"WebPage\",\"@id\":\"https:\/\/aesthe.ch\/de\/treatments\/mesotherapy\/\",\"url\":\"https:\/\/aesthe.ch\/de\/treatments\/mesotherapy\/\",\"name\":\"Mesotherapie\",\"isPartOf\":{\"@id\":\"https:\/\/aesthe.ch\/de\/#website\"},\"datePublished\":\"2018-08-25T07:13:41+00:00\",\"dateModified\":\"2020-08-26T07:45:01+00:00\",\"breadcrumb\":{\"@id\":\"https:\/\/aesthe.ch\/de\/treatments\/mesotherapy\/#breadcrumb\"},\"inLanguage\":\"de\",\"potentialAction\":[{\"@type\":\"ReadAction\",\"target\":[\"https:\/\/aesthe.ch\/de\/treatments\/mesotherapy\/\"]}]},{\"@type\":\"BreadcrumbList\",\"@id\":\"https:\/\/aesthe.ch\/de\/treatments\/mesotherapy\/#breadcrumb\",\"itemListElement\":[{\"@type\":\"ListItem\",\"position\":1,\"name\":\"Startseite\",\"item\":\"https:\/\/aesthe.ch\/de\/\"},{\"@type\":\"ListItem\",\"position\":2,\"name\":\"BEHANDLUNGEN\",\"item\":\"https:\/\/aesthe.ch\/de\/treatments\/\"},{\"@type\":\"ListItem\",\"position\":3,\"name\":\"Mesotherapie\"}]},{\"@type\":\"WebSite\",\"@id\":\"https:\/\/aesthe.ch\/de\/#website\",\"url\":\"https:\/\/aesthe.ch\/de\/\",\"name\":\"Aesthe\",\"description\":\"\",\"potentialAction\":[{\"@type\":\"SearchAction\",\"target\":{\"@type\":\"EntryPoint\",\"urlTemplate\":\"https:\/\/aesthe.ch\/de\/?s={search_term_string}\"},\"query-input\":\"required name=search_term_string\"}],\"inLanguage\":\"de\"}]}<\/script>\n<!-- \/ Yoast SEO plugin. -->","yoast_head_json":{"title":"Mesotherapie","robots":{"index":"index","follow":"follow","max-snippet":"max-snippet:-1","max-image-preview":"max-image-preview:large","max-video-preview":"max-video-preview:-1"},"canonical":"https:\/\/aesthe.ch\/de\/treatments\/mesotherapy\/","og_locale":"de_DE","og_type":"article","og_title":"Mesotherapie","og_description":"Was Als Mesotherapie bezeichnet man eine schonende Behandlungsmethode, welche die Ursachen der Hautalterung, des Haarausfall oder Cellulite bek\u00e4mpft. Die Therapie wird individuell auf den Hauttyp...","og_url":"https:\/\/aesthe.ch\/de\/treatments\/mesotherapy\/","og_site_name":"Aesthe","article_publisher":"https:\/\/www.facebook.com\/pages\/Aesthech\/233269250128188?ref=ts&amp%3bamp%3bamp%3bfref=ts","article_modified_time":"2020-08-26T07:45:01+00:00","og_image":[{"url":"https:\/\/aesthe.ch\/wp-content\/uploads\/2018\/08\/model-2303361_1920.jpg"}],"twitter_misc":{"Gesch\u00e4tzte Lesezeit":"5\u00a0Minuten"},"schema":{"@context":"https:\/\/schema.org","@graph":[{"@type":"WebPage","@id":"https:\/\/aesthe.ch\/de\/treatments\/mesotherapy\/","url":"https:\/\/aesthe.ch\/de\/treatments\/mesotherapy\/","name":"Mesotherapie","isPartOf":{"@id":"https:\/\/aesthe.ch\/de\/#website"},"datePublished":"2018-08-25T07:13:41+00:00","dateModified":"2020-08-26T07:45:01+00:00","breadcrumb":{"@id":"https:\/\/aesthe.ch\/de\/treatments\/mesotherapy\/#breadcrumb"},"inLanguage":"de","potentialAction":[{"@type":"ReadAction","target":["https:\/\/aesthe.ch\/de\/treatments\/mesotherapy\/"]}]},{"@type":"BreadcrumbList","@id":"https:\/\/aesthe.ch\/de\/treatments\/mesotherapy\/#breadcrumb","itemListElement":[{"@type":"ListItem","position":1,"name":"Startseite","item":"https:\/\/aesthe.ch\/de\/"},{"@type":"ListItem","position":2,"name":"BEHANDLUNGEN","item":"https:\/\/aesthe.ch\/de\/treatments\/"},{"@type":"ListItem","position":3,"name":"Mesotherapie"}]},{"@type":"WebSite","@id":"https:\/\/aesthe.ch\/de\/#website","url":"https:\/\/aesthe.ch\/de\/","name":"Aesthe","description":"","potentialAction":[{"@type":"SearchAction","target":{"@type":"EntryPoint","urlTemplate":"https:\/\/aesthe.ch\/de\/?s={search_term_string}"},"query-input":"required name=search_term_string"}],"inLanguage":"de"}]}},"_links":{"self":[{"href":"https:\/\/aesthe.ch\/de\/wp-json\/wp\/v2\/pages\/3149"}],"collection":[{"href":"https:\/\/aesthe.ch\/de\/wp-json\/wp\/v2\/pages"}],"about":[{"href":"https:\/\/aesthe.ch\/de\/wp-json\/wp\/v2\/types\/page"}],"author":[{"embeddable":true,"href":"https:\/\/aesthe.ch\/de\/wp-json\/wp\/v2\/users\/12"}],"replies":[{"embeddable":true,"href":"https:\/\/aesthe.ch\/de\/wp-json\/wp\/v2\/comments?post=3149"}],"version-history":[{"count":54,"href":"https:\/\/aesthe.ch\/de\/wp-json\/wp\/v2\/pages\/3149\/revisions"}],"predecessor-version":[{"id":3515,"href":"https:\/\/aesthe.ch\/de\/wp-json\/wp\/v2\/pages\/3149\/revisions\/3515"}],"up":[{"embeddable":true,"href":"https:\/\/aesthe.ch\/de\/wp-json\/wp\/v2\/pages\/75"}],"wp:attachment":[{"href":"https:\/\/aesthe.ch\/de\/wp-json\/wp\/v2\/media?parent=3149"}],"curies":[{"name":"wp","href":"https:\/\/api.w.org\/{rel}","templated":true}]}}