{"id":287,"date":"2014-03-01T10:36:20","date_gmt":"2014-03-01T10:36:20","guid":{"rendered":"https:\/\/aesthe.ch\/?page_id=287"},"modified":"2019-01-02T13:51:47","modified_gmt":"2019-01-02T11:51:47","slug":"thesciencebehind","status":"publish","type":"page","link":"https:\/\/aesthe.ch\/de\/thesciencebehind\/","title":{"rendered":"Die Wissenschaft dahinter"},"content":{"rendered":"<p><\/p>\n<div style=\"font-family: verdana; font-size: 12px; color: #c4c4c4;\">\n<article class=\"servicePost\" style=\"border: none;\">\n<div class=\"frame\">\n<h4 style=\"text-align: center;padding: 20px;\"><span style=\"color: #64256c;\"><strong>ACOUSTISCHE SHOCKWELLENTHERAPIE<\/strong><\/span><\/h4>\n<p><center><img decoding=\"async\" loading=\"lazy\" src=\"https:\/\/aesthe.ch\/wp-content\/uploads\/2014\/03\/1-accoustic-shockwave.png\" alt=\"1-accoustic-shockwave\" class=\"alignnone size-full wp-image-2539\" width=\"896\" height=\"321\" srcset=\"https:\/\/aesthe.ch\/wp-content\/uploads\/2014\/03\/1-accoustic-shockwave.png 896w, https:\/\/aesthe.ch\/wp-content\/uploads\/2014\/03\/1-accoustic-shockwave-300x107.png 300w, https:\/\/aesthe.ch\/wp-content\/uploads\/2014\/03\/1-accoustic-shockwave-768x275.png 768w, https:\/\/aesthe.ch\/wp-content\/uploads\/2014\/03\/1-accoustic-shockwave-600x215.png 600w, https:\/\/aesthe.ch\/wp-content\/uploads\/2014\/03\/1-accoustic-shockwave-264x95.png 264w, https:\/\/aesthe.ch\/wp-content\/uploads\/2014\/03\/1-accoustic-shockwave-120x43.png 120w\" sizes=\"(max-width: 896px) 100vw, 896px\" \/><\/center><\/p>\n<div class=\"fulldv\" style=\"padding: 35px;\">\n<span style=\"color: #333333;\">Die akustische Schockwellentherapie ist die Nummer 1 Behandlung gegen Cellulitis. Bis zu 20 Druckimpulse wirken pro Sekunde auf die zu behandelnde Zone ein. Die Stosswelle dringt bis zu 10mm tief in das Bindegewebe ein und l\u00f6st eine starke Aktivit\u00e4t des Gewebes aus. Die akustischen Wellen st\u00f6ren wirksam das sklerotische Gewebe, welches f\u00fcr das unebene Erscheinungsbild \u2014 Cellulitis \u2014 verantwortlich ist. Durch den Druck auf das Gewebe wird die Blutzirkulation und das Lymphatisches System angeregt.&nbsp; Die unregelm\u00e4ssig verteilten Fettzellen werden somit abtransportiert und die Gr\u00fcbchen der Orangenhaut verschwinden. Es ist m\u00f6glich alle H\u00e4rtegrade von Cellulitis zu behandeln, Resultate sind bereits nach wenigen Behandlungen sichtbar.<\/span><\/div>\n<\/div>\n<div class=\"frame\">\n<h4 style=\"text-align: center;padding: 20px;\"><span style=\"color: #64256c;\"><strong>KRYOLIPOLYSE<\/strong><\/span><\/h4>\n<p><center><img decoding=\"async\" loading=\"lazy\" src=\"https:\/\/aesthe.ch\/wp-content\/uploads\/2014\/03\/3-coolsculpting.png\" alt=\"3-coolsculpting\" class=\"alignnone size-full wp-image-2541\" width=\"764\" height=\"425\" srcset=\"https:\/\/aesthe.ch\/wp-content\/uploads\/2014\/03\/3-coolsculpting.png 764w, https:\/\/aesthe.ch\/wp-content\/uploads\/2014\/03\/3-coolsculpting-300x167.png 300w, https:\/\/aesthe.ch\/wp-content\/uploads\/2014\/03\/3-coolsculpting-600x334.png 600w, https:\/\/aesthe.ch\/wp-content\/uploads\/2014\/03\/3-coolsculpting-216x120.png 216w, https:\/\/aesthe.ch\/wp-content\/uploads\/2014\/03\/3-coolsculpting-120x67.png 120w\" sizes=\"(max-width: 764px) 100vw, 764px\" \/><\/center><\/p>\n<div class=\"fulldv\" style=\"padding: 35px;\">\n<span style=\"color: #333333;\">Kryolipolyse ist eine moderne Methode, deren Hauptziel die Fettreduktion ist. Sie wurde von einem Wissenschaftler aus Harvard entwickelt. Das Prinzip beruht auf der kontrollierten, nicht invasiven, lokalen Reduktion von Fettdepots um die K\u00f6rperkonturen neu zu formen. Die Einwirkung von K\u00e4lte f\u00fchrt dazu, dass die Fettzellen absterben, ohne dabei die dar\u00fcber liegende Haut zu verletzen. Die Behandlung ist eine nichtchirurgische Alternative zur Fettabsaugung. Kryolipolyse reduziert das Fett durch das Herunterk\u00fchlen der Haut auf maximal -5 C\u00ba. Da das Fett die K\u00e4lte nicht gut ertr\u00e4gt, verliert die Fettzelle ihren Zusammenhalt und wird dann auf nat\u00fcrliche Weise vom Lymphsystem eliminiert.  Die Behandlung ist mit einem Unterdruck kombiniert. Zeitgleich zieht der Sauggriff das Fettgewebe zu den K\u00e4lteplatten. Die Saugkraft wird durch eine dynamische Welle verursacht, was zu gezielteren und effizienteren Ergebnissen f\u00fchrt. Diese dynamische Welle stimuliert die behandelte Zone, womit der Durchfluss und die Verteilung von Blut und Fett verbessert wird. Dies ist eine zus\u00e4tzliche Unterst\u00fctzung, das Fett zu den K\u00e4lteplatten zu f\u00fchren. Eine gesunde Ern\u00e4hrung und sportliche Aktivit\u00e4t ist eine notwendige Erg\u00e4nzung zur Therapie. Regelm\u00e4ssiges Training w\u00e4hrend der Behandlungszeit optimiert die Fettreduzierung. Kryolipolyse wirkt sich nur auf die Fettzellen aus, da diese sensibler auf K\u00e4lte reagieren als andere Zellen. Die Fettzellen werden ohne Schaden auf die umliegende Haut, Muskeln und Nerven eliminiert.<\/span><\/div>\n<\/div>\n<div class=\"frame\">\n<h4 style=\"text-align: center;padding: 20px;\"><span style=\"color: #64256c;\"><strong>DIAMANT MIKRODERMABRASION&nbsp;<\/strong><\/span><\/h4>\n<p><center><img decoding=\"async\" loading=\"lazy\" src=\"https:\/\/aesthe.ch\/wp-content\/uploads\/2014\/03\/2-diamond-microdermabrasion.png\" alt=\"2-diamond-microdermabrasion\" class=\"alignnone size-full wp-image-2540\" width=\"584\" height=\"609\" srcset=\"https:\/\/aesthe.ch\/wp-content\/uploads\/2014\/03\/2-diamond-microdermabrasion.png 584w, https:\/\/aesthe.ch\/wp-content\/uploads\/2014\/03\/2-diamond-microdermabrasion-288x300.png 288w, https:\/\/aesthe.ch\/wp-content\/uploads\/2014\/03\/2-diamond-microdermabrasion-384x400.png 384w, https:\/\/aesthe.ch\/wp-content\/uploads\/2014\/03\/2-diamond-microdermabrasion-115x120.png 115w\" sizes=\"(max-width: 584px) 100vw, 584px\" \/><\/center><\/p>\n<div class=\"fulldv\" style=\"padding: 35px;\">\n<span style=\"color: #333333;\">Mikrodermabrasion ist eine Gesichtsbehandlung, welche die \u00e4usserste Schicht der Haut sanft abtr\u00e4gt. Die toten Hautsch\u00fcppchen werden durch eine Maschine, welche mit kleinen Diamantpartikeln best\u00fcckt ist, abgeschliffen und anschliessend mit einem Staubsauger weggesaugt. Die Diamantpartikel \u2014zusammen mit der starken Saugwirkung\u2014 machen es m\u00f6glich, die Haut porentief und gleichzeitig sehr schonend zu reinigen. &nbsp;Die Abtragung und das Absaugen h\u00e4lt die Hautoberfl\u00e4che davon ab weiter Zellteilung betreiben. Weil die Hautzelle sich teilt, wird die fibroblastische Aktivit\u00e4t stimuliert, was wiederrum zu einer erh\u00f6hten Kolagenproduktion f\u00fchrt. Mit dem zunehmendem Alter l\u00f6st sich die Haut langsamer ab. Eine Abtragung kann auch in tiefere Schichten wie die Stratum Corneum (Oberste Schicht der Epidermis) erreichen und die Haut somit frisch und strahlend aussehen lassen. Microdermabrasion ist ein effektiver Weg, \u00fcberm\u00e4ssige Pigmentierung und Lichtsch\u00e4den zu verringern, feine Linien und F\u00e4ltchen zu reduzieren und leichte Aknenarben durch das Verfeinern der Hautoberfl\u00e4che zu gl\u00e4tten.&nbsp;<\/span><\/div>\n<\/div>\n<div class=\"frame\">\n<h4 style=\"text-align: center;padding: 20px;\"><span style=\"color: #64256c;\"><strong>NADELLOSE MESOTHERAPIE<\/strong><\/span><\/h4>\n<p><center><img decoding=\"async\" loading=\"lazy\" src=\"https:\/\/aesthe.ch\/wp-content\/uploads\/2014\/03\/4-Needless-Mesotherapy.png\" alt=\"4-Needless-Mesotherapy\" class=\"alignnone size-full wp-image-2542\" width=\"638\" height=\"453\" srcset=\"https:\/\/aesthe.ch\/wp-content\/uploads\/2014\/03\/4-Needless-Mesotherapy.png 638w, https:\/\/aesthe.ch\/wp-content\/uploads\/2014\/03\/4-Needless-Mesotherapy-300x213.png 300w, https:\/\/aesthe.ch\/wp-content\/uploads\/2014\/03\/4-Needless-Mesotherapy-563x400.png 563w, https:\/\/aesthe.ch\/wp-content\/uploads\/2014\/03\/4-Needless-Mesotherapy-169x120.png 169w, https:\/\/aesthe.ch\/wp-content\/uploads\/2014\/03\/4-Needless-Mesotherapy-120x85.png 120w\" sizes=\"(max-width: 638px) 100vw, 638px\" \/><\/center><\/p>\n<div class=\"fulldv\" style=\"padding: 35px;\">\n<span style=\"color: #333333;\">Die Mesotherapie ist eine neuartige nicht invasive und nicht chirurgische kosmetische L\u00f6sung die Haut zu verj\u00fcngen. Es hilft dabei, das die verschiedenen Pflegeprodukte tief in die Haut einziehen k\u00f6nnen \u2014 und das ganz ohne Nadeln. Dies passiert ohne Sch\u00e4digung der Haut oder dem Risiko von bleibenden Sch\u00e4den im Vergleich zu der alten Mesotherapie, bei welcher Nadeln verwendet wurden. &nbsp;<\/span><\/p>\n<p><span style=\"color: #333333;\">Elektroporation, ist die Technologie, welche der Mesotherapie zugrunde liegt. Es werden kurze, regulierte Stromimpulse verwendet um vor\u00fcbergehend Wasserporen in der Haut hervorzurufen. Die Anwendung von elektrischen Impulsen unterbricht die Zellmembran augenblicklich, damit das Pflegeprodukt eindringen kann. Sobald der Impuls nachl\u00e4sst, geht die Membran in ihre urspr\u00fcngliche Form zur\u00fcck. Das Produkt, welches in das Innere der Zelle eingef\u00fchrt wurde, kann dort seine volle Wirkung entfalten. Dieser Effekt der erh\u00f6hten Durchl\u00e4ssigkeit der Zelle bleibt nur f\u00fcr wenige Sekunden. Somit muss das Produkt in diesem Zeitfenster eingegeben werden.<\/span><\/p>\n<p><span style=\"color: #333333;\">Dieser Prozess stimuliert die Haut, st\u00e4rkt die Muskulatur, transportiert Fl\u00fcssigkeit aus dem Zellkern ab (hilft bei Schwellungen) und regt die Produktion von neuem Kollagen und Elastin an. Jedes Produkt, welches Sie anwenden wirkt mit der Mesotherapie viel effektiver! Ihre Haut wird sich wieder straff und leicht geliftet anf\u00fchlen. Dieses Tor, welches nur f\u00fcr wenige Sekunden ge\u00f6ffnet ist, nimmt alles auf, das wir in die tieferen Schichten senden (wo die chemischen Prozesse im Innern der Zelle ablaufen). Somit k\u00f6nnen intensive Ver\u00e4nderungen der Haut aktiviert werden. Durch diese Methode gelangen die Pflegeprodukte tief in die Haut und wenn sich das Tor wieder schliesst bleiben sie auch dort und bewirken weiterhin positive und korrigierende Effekte. Der Vorteil der Behandlung ist, dass es ohne Schmerzen und ohne Risiko auf Injektionsnarben gemacht werden kann. Durch die kontrollierte Abgabe der Pflegeprodukte werden die Blutgef\u00e4sse nicht verletzt und somit kommt auch kein Pflegemittel in den Blutkreislauf. Das Eindringverm\u00f6gen des Produkts liegt bei 90%.&nbsp;<\/span><\/p>\n<\/div>\n<\/div>\n<div class=\"frame\">\n<h4 style=\"text-align: center;padding: 20px;\">\n<p style=\"color: #63256b;\"><strong>PERMANENTE HAARENTFERNUNG MIT IPL \/ SHR<\/strong><\/p>\n<\/h4>\n<p><center><img decoding=\"async\" loading=\"lazy\" src=\"https:\/\/aesthe.ch\/wp-content\/uploads\/2014\/03\/5-permanent-hair-removal.png\" alt=\"5-permanent-hair-removal\" class=\"alignnone size-full wp-image-2543\" width=\"604\" height=\"407\" srcset=\"https:\/\/aesthe.ch\/wp-content\/uploads\/2014\/03\/5-permanent-hair-removal.png 604w, https:\/\/aesthe.ch\/wp-content\/uploads\/2014\/03\/5-permanent-hair-removal-300x202.png 300w, https:\/\/aesthe.ch\/wp-content\/uploads\/2014\/03\/5-permanent-hair-removal-594x400.png 594w, https:\/\/aesthe.ch\/wp-content\/uploads\/2014\/03\/5-permanent-hair-removal-224x150.png 224w, https:\/\/aesthe.ch\/wp-content\/uploads\/2014\/03\/5-permanent-hair-removal-260x175.png 260w, https:\/\/aesthe.ch\/wp-content\/uploads\/2014\/03\/5-permanent-hair-removal-178x120.png 178w, https:\/\/aesthe.ch\/wp-content\/uploads\/2014\/03\/5-permanent-hair-removal-120x81.png 120w\" sizes=\"(max-width: 604px) 100vw, 604px\" \/><\/center><\/p>\n<div class=\"fulldv\" style=\"padding: 35px;\">\n<span style=\"color: #333333;\">Beide Verfahren sind sicher und gepr\u00fcfte Methoden f\u00fcr die permanente Haarentfernung. Es wird Licht verwendet um W\u00e4rme auf die Haarfollikel zu projizieren. Die W\u00e4rme eliminiert den Haarfollikel in der Wurzel und stoppt den Haarwuchs permanent.&nbsp; &nbsp;<\/span><\/p>\n<p><span style=\"color: #333333;\">IPL: Intense Pulse Light \u2014 hochenergetisches Licht wirkt direkt auf den Haarfollikel ein \u2013 IPL generiert kurze hoch energiegeladene Impulse. Die Energie gelangt durch das Melanin in die Haarwurzel, wo eine W\u00e4rme von 65-72\u00b0 Celsius erzeugt wird.<\/span><\/p>\n<p><span style=\"color: #333333;\">SHR: Super Hair Removal \u2014 die neue Generation der Haarentfernungs-Systeme \u2014 Verstellbare W\u00e4rmestufen \u2014 tieferes Energieniveau, h\u00f6here Frequenz. Das Haarmelanin sowie das Gewebe der Stammzellen werden mit tieferer Energie erw\u00e4rmt, mit langsamerer Geschwindigkeit und \u00fcber einen l\u00e4ngeren Zeitraum (90 Sekunden), auf eine angenehme Temperatur von 45\u00b0 Grad Celsius. Es ist praktisch schmerzlos und sogar feinere Haare k\u00f6nnen mit behandelt werden.<\/span><\/p>\n<p><span style=\"color: #333333;\">Die Behandlung entfernt zuverl\u00e4ssig Haare aus allen K\u00f6rperregionen (Unterarme, Gesicht, Bikinizone, Beine). Dabei wird das umliegende Gewebe nicht verletzt. SHR kann bei fast allen Haut- und Haartypen angewendet werden.<\/span><\/p>\n<\/div>\n<\/div>\n<div class=\"frame\">\n<h4 style=\"text-align: center;padding: 20px;\"><span style=\"color: #64256c;\"><strong>PRESSOTHERAPIE &#8211; LYMPHATISCHE DRAINAGE<\/strong><\/span><\/h4>\n<p><center><img decoding=\"async\" loading=\"lazy\" src=\"https:\/\/aesthe.ch\/wp-content\/uploads\/2014\/03\/6-pressotherapy.png\" alt=\"6-pressotherapy\" class=\"alignnone size-full wp-image-2544\" width=\"512\" height=\"725\" srcset=\"https:\/\/aesthe.ch\/wp-content\/uploads\/2014\/03\/6-pressotherapy.png 512w, https:\/\/aesthe.ch\/wp-content\/uploads\/2014\/03\/6-pressotherapy-212x300.png 212w, https:\/\/aesthe.ch\/wp-content\/uploads\/2014\/03\/6-pressotherapy-282x400.png 282w, https:\/\/aesthe.ch\/wp-content\/uploads\/2014\/03\/6-pressotherapy-85x120.png 85w\" sizes=\"(max-width: 512px) 100vw, 512px\" \/><\/center><\/p>\n<div class=\"fulldv\" style=\"padding: 35px;\">\n<span style=\"color: #333333;\">Die Pressotherapie ist eine entgiftende Therapie, welche durch die Aktvierung des Lymphsystems dem K\u00f6rper wieder zu seinem nat\u00fcrlichen Reinigungsprozess verhilft. Die Revitalisierung und die Sauerstoffzufuhr des Gewebes hilft dabei Gewicht zu verlieren und die Beine, den Bauch und die Arme neu zu definieren. Gleichzeitig wird das Hautbild verbessert. Die Behandlung besteht aus einem von Computern kontrolliertem Drucksystem, das mit aufblasbaren Pumpen arbeitet. Das Ger\u00e4t hat verschiedene Kammern, welche an den Gliedern angebracht werden. Diese f\u00f6rdern den Venen- und Lymphdr\u00fcsenfluss, beginnend bei den Fusskn\u00f6cheln bis hin zu den Oberschenkeln. Entwickelt um den Blutfluss und den Lymphdr\u00fcsenfluss anzukurbeln, verst\u00e4rkt es zudem den Abtransport von extrazellul\u00e4rer Fl\u00fcssigkeit. Blasenbildung, Schwellungen und \u00d6deme werden reduziert, Schmerzen bei m\u00fcden F\u00fcssen werden gelindert und der Sauerstofffluss durch den gesamten K\u00f6rper wird gesteigert.<\/span><\/div>\n<\/div>\n<div class=\"frame\">\n<h4 style=\"text-align: center;padding: 20px;\"><span style=\"color: #64256c;\"><strong>RADIO FREQUENZ THERAPIE<\/strong><\/span><\/h4>\n<p><center><img decoding=\"async\" loading=\"lazy\" src=\"https:\/\/aesthe.ch\/wp-content\/uploads\/2014\/03\/7-radiofrequenz-treatment.png\" alt=\"7-radiofrequenz-treatment\" class=\"alignnone size-full wp-image-2545\" width=\"530\" height=\"359\" srcset=\"https:\/\/aesthe.ch\/wp-content\/uploads\/2014\/03\/7-radiofrequenz-treatment.png 530w, https:\/\/aesthe.ch\/wp-content\/uploads\/2014\/03\/7-radiofrequenz-treatment-300x203.png 300w, https:\/\/aesthe.ch\/wp-content\/uploads\/2014\/03\/7-radiofrequenz-treatment-260x175.png 260w, https:\/\/aesthe.ch\/wp-content\/uploads\/2014\/03\/7-radiofrequenz-treatment-177x120.png 177w, https:\/\/aesthe.ch\/wp-content\/uploads\/2014\/03\/7-radiofrequenz-treatment-120x81.png 120w\" sizes=\"(max-width: 530px) 100vw, 530px\" \/><\/center><\/p>\n<div class=\"fulldv\" style=\"padding: 35px;\">\n<span style=\"color: #333333;\">Mit zunehmendem Alter verliert unsere Haut an Elastizit\u00e4t und Spannkraft, da das Bindegewebe in sich zusammenf\u00e4llt. Die multipolare Radio Frequenz verwendet verschiedene Frequenzen, die durch W\u00e4rme die verschiedenen Zellen (Fett und Hautzellen) stimuliert.<\/span><\/p>\n<p><span style=\"color: #333333;\">Die Behandlung ist eine nicht chirurgische Straffung um den ersten Anzeichen von loser und herunterh\u00e4ngender Haut entgegenzuwirken; Ideal f\u00fcr alle, die sich nicht unters Messer legen wollen. Die Therapie wird meistens auf der Stirn, unter den Augen, an den Wangen, in der mittleren Partie des Gesichts, bei den Wangenknochen und beim Hals angewendet.<\/span><\/p>\n<p><span style=\"color: #333333;\">Technisch gesehen beutet Radiofrequenz die Anzahl Schwingungen (oder Wellen) pro Sekunde auf einem elektrischen und magnetischen Feld innerhalb des Radiowellenanteils eines elektromagnetischen Spektrums. Das RF-Ger\u00e4t wird direkt auf die Haut der Problemzonen platziert, ca. 15 bis 30 Minuten lang. Sobald die Wellen das Gewebe erreichen, in welchen die Kollagenfasern eingebettet sind, verursacht der W\u00e4rmeprozess schnelle Kontraktionen. Die RF Energie dringt tief in die Haut ein und erreicht die Lederhaut (Dermis) und die Unterhaut (Subkutis). Dort wird das Bindegewebe verbessert und gestrafft. Parallel bewirkt die gesteigerte Temperatur eine Beschleunigung des Stoffwechsels der Fibroblasten, was wiederum zu geschmeidigerer und j\u00fcngerer Haut f\u00fchrt.&nbsp;<\/span><\/p>\n<\/div>\n<\/div>\n<div class=\"frame\">\n<h4 style=\"text-align: center;padding: 20px;\"><span style=\"color: #64256c;\"><strong>MESOTHERAPIE<\/strong><\/span><\/h4>\n<p><center><img decoding=\"async\" loading=\"lazy\" src=\"https:\/\/aesthe.ch\/wp-content\/uploads\/2018\/08\/meso-how-it-works-.png\" alt=\"\" class=\"aligncenter size-full wp-image-3200\" width=\"1016\" height=\"339\" srcset=\"https:\/\/aesthe.ch\/wp-content\/uploads\/2018\/08\/meso-how-it-works-.png 1016w, https:\/\/aesthe.ch\/wp-content\/uploads\/2018\/08\/meso-how-it-works--300x100.png 300w, https:\/\/aesthe.ch\/wp-content\/uploads\/2018\/08\/meso-how-it-works--768x256.png 768w, https:\/\/aesthe.ch\/wp-content\/uploads\/2018\/08\/meso-how-it-works--600x200.png 600w, https:\/\/aesthe.ch\/wp-content\/uploads\/2018\/08\/meso-how-it-works--264x88.png 264w, https:\/\/aesthe.ch\/wp-content\/uploads\/2018\/08\/meso-how-it-works--120x40.png 120w\" sizes=\"(max-width: 1016px) 100vw, 1016px\" \/><br \/>\n<\/center><\/p>\n<div class=\"fulldv\" style=\"padding: 35px;\">\n<span style=\"color: #333333;\">Vital Injector2 ist das innovative Upgrade-Produkt des Original Vital Injector, einem Aqua Lifting Automatic Injector.Es besitzt die neueste Technik, mit der man 5 Nadeln gleichzeitig verwenden kann, die den Effekt maximiert und die Zeit der Behandlung verkuerzt.Es ist auch mit dem Wegwerfiltersystems ausgestatten, das sichere Behandlungen in einer hygienischen Umgebung anbietet<\/span><\/p>\n<\/div>\n<\/div>\n<div class=\"frame\">\n<h4 style=\"text-align: center;padding: 20px;\"><span style=\"color: #64256c;\"><strong>ULTRASCHALLPEELING<\/strong><\/span><\/h4>\n<p><center><img decoding=\"async\" loading=\"lazy\" src=\"https:\/\/aesthe.ch\/wp-content\/uploads\/2014\/03\/8-ultrasonic-peeling.png\" alt=\"8-ultrasonic-peeling\" class=\"alignnone size-full wp-image-2546\" width=\"623\" height=\"531\" srcset=\"https:\/\/aesthe.ch\/wp-content\/uploads\/2014\/03\/8-ultrasonic-peeling.png 623w, https:\/\/aesthe.ch\/wp-content\/uploads\/2014\/03\/8-ultrasonic-peeling-300x256.png 300w, https:\/\/aesthe.ch\/wp-content\/uploads\/2014\/03\/8-ultrasonic-peeling-469x400.png 469w, https:\/\/aesthe.ch\/wp-content\/uploads\/2014\/03\/8-ultrasonic-peeling-141x120.png 141w, https:\/\/aesthe.ch\/wp-content\/uploads\/2014\/03\/8-ultrasonic-peeling-120x102.png 120w\" sizes=\"(max-width: 623px) 100vw, 623px\" \/><\/center><\/p>\n<div class=\"fulldv\" style=\"padding: 35px;\">\n<span style=\"color: #333333;\">Der Ultraschallpeeling verursacht piezoelektrische Vibrationen (27,000 Vibrationen pro Sekunde) auf der Hautoberfl\u00e4che. Durch diese schnellen Vibrationsbewegungen gelangen Unreinheiten an die Oberfl\u00e4che, jede abgestorbene Zelle wird entfernt und die Poren werden ge\u00f6ffnet. Der n\u00e4chste Schritt ist eine Tiefenreinigung und leichtes Abschuppen der Epidermisschicht. Durch die schnellen Kontraktionen des vibrierenden Hangriffes werden auch Bakterien effektiv abget\u00f6tet, welche bekannterweise einen grossen Anteil an der Wirksamkeit der Anti-Akne Behandlung haben. Die Vibration dient auch als Massage und f\u00f6rdert die Kollagenproduktion. Der Ultraschallpeeling ist unter Experten als die sanfteste Gesichtsbehandlung zur Bek\u00e4mpfung von Akne bekannt. Es reduziert signifikant Akne, verstopfte Poren, leichte F\u00e4ltchen und liefert Feuchtigkeit bis in die tieferen Schichten der Haut, ohne die Haut dabei zu besch\u00e4digen. Die Behandlung regt den Kreislauf an und versorgt die Zellen mit gen\u00fcgend Sauerstoff und N\u00e4hrstoffen.<\/span><\/div>\n<\/div>\n<p>&nbsp;<\/p>\n<\/article>\n<\/div>\n<p><\/p>","protected":false},"excerpt":{"rendered":"<p>ACOUSTISCHE SHOCKWELLENTHERAPIE Die akustische Schockwellentherapie ist die Nummer 1 Behandlung gegen Cellulitis. Bis zu 20 Druckimpulse wirken pro Sekunde auf die zu behandelnde Zone ein&#8230;.<\/p>\n","protected":false},"author":2,"featured_media":0,"parent":0,"menu_order":0,"comment_status":"open","ping_status":"open","template":"","meta":{"_mi_skip_tracking":false},"yoast_head":"<!-- This site is optimized with the Yoast SEO plugin v19.10 - https:\/\/yoast.com\/wordpress\/plugins\/seo\/ -->\n<title>The Science Behind | Aesthe<\/title>\n<meta name=\"description\" content=\"Learn the science behind our beauty treatments.\" \/>\n<meta name=\"robots\" content=\"index, follow, max-snippet:-1, max-image-preview:large, max-video-preview:-1\" \/>\n<link rel=\"canonical\" href=\"https:\/\/aesthe.ch\/thesciencebehind\/\" \/>\n<meta property=\"og:locale\" content=\"de_DE\" \/>\n<meta property=\"og:type\" content=\"article\" \/>\n<meta property=\"og:title\" content=\"The Science Behind | Aesthe\" \/>\n<meta property=\"og:description\" content=\"Learn the science behind our beauty treatments.\" \/>\n<meta property=\"og:url\" content=\"https:\/\/aesthe.ch\/thesciencebehind\/\" \/>\n<meta property=\"og:site_name\" content=\"Aesthe\" \/>\n<meta property=\"article:publisher\" content=\"https:\/\/www.facebook.com\/pages\/Aesthech\/233269250128188?ref=ts&amp;amp%3bamp%3bamp%3bfref=ts\" \/>\n<meta property=\"article:modified_time\" content=\"2019-01-02T11:51:47+00:00\" \/>\n<meta property=\"og:image\" content=\"https:\/\/aesthe.ch\/wp-content\/uploads\/2014\/03\/1-accoustic-shockwave.png\" \/>\n<meta name=\"twitter:label1\" content=\"Gesch\u00e4tzte Lesezeit\" \/>\n\t<meta name=\"twitter:data1\" content=\"15\u00a0Minuten\" \/>\n<script type=\"application\/ld+json\" class=\"yoast-schema-graph\">{\"@context\":\"https:\/\/schema.org\",\"@graph\":[{\"@type\":\"WebPage\",\"@id\":\"https:\/\/aesthe.ch\/thesciencebehind\/\",\"url\":\"https:\/\/aesthe.ch\/thesciencebehind\/\",\"name\":\"The Science Behind | Aesthe\",\"isPartOf\":{\"@id\":\"https:\/\/aesthe.ch\/de\/#website\"},\"datePublished\":\"2014-03-01T10:36:20+00:00\",\"dateModified\":\"2019-01-02T11:51:47+00:00\",\"description\":\"Learn the science behind our beauty treatments.\",\"breadcrumb\":{\"@id\":\"https:\/\/aesthe.ch\/thesciencebehind\/#breadcrumb\"},\"inLanguage\":\"de\",\"potentialAction\":[{\"@type\":\"ReadAction\",\"target\":[\"https:\/\/aesthe.ch\/thesciencebehind\/\"]}]},{\"@type\":\"BreadcrumbList\",\"@id\":\"https:\/\/aesthe.ch\/thesciencebehind\/#breadcrumb\",\"itemListElement\":[{\"@type\":\"ListItem\",\"position\":1,\"name\":\"Startseite\",\"item\":\"https:\/\/aesthe.ch\/de\/\"},{\"@type\":\"ListItem\",\"position\":2,\"name\":\"The science behind\"}]},{\"@type\":\"WebSite\",\"@id\":\"https:\/\/aesthe.ch\/de\/#website\",\"url\":\"https:\/\/aesthe.ch\/de\/\",\"name\":\"Aesthe\",\"description\":\"\",\"potentialAction\":[{\"@type\":\"SearchAction\",\"target\":{\"@type\":\"EntryPoint\",\"urlTemplate\":\"https:\/\/aesthe.ch\/de\/?s={search_term_string}\"},\"query-input\":\"required name=search_term_string\"}],\"inLanguage\":\"de\"}]}<\/script>\n<!-- \/ Yoast SEO plugin. -->","yoast_head_json":{"title":"The Science Behind | Aesthe","description":"Learn the science behind our beauty treatments.","robots":{"index":"index","follow":"follow","max-snippet":"max-snippet:-1","max-image-preview":"max-image-preview:large","max-video-preview":"max-video-preview:-1"},"canonical":"https:\/\/aesthe.ch\/thesciencebehind\/","og_locale":"de_DE","og_type":"article","og_title":"The Science Behind | Aesthe","og_description":"Learn the science behind our beauty treatments.","og_url":"https:\/\/aesthe.ch\/thesciencebehind\/","og_site_name":"Aesthe","article_publisher":"https:\/\/www.facebook.com\/pages\/Aesthech\/233269250128188?ref=ts&amp%3bamp%3bamp%3bfref=ts","article_modified_time":"2019-01-02T11:51:47+00:00","og_image":[{"url":"https:\/\/aesthe.ch\/wp-content\/uploads\/2014\/03\/1-accoustic-shockwave.png"}],"twitter_misc":{"Gesch\u00e4tzte Lesezeit":"15\u00a0Minuten"},"schema":{"@context":"https:\/\/schema.org","@graph":[{"@type":"WebPage","@id":"https:\/\/aesthe.ch\/thesciencebehind\/","url":"https:\/\/aesthe.ch\/thesciencebehind\/","name":"The Science Behind | Aesthe","isPartOf":{"@id":"https:\/\/aesthe.ch\/de\/#website"},"datePublished":"2014-03-01T10:36:20+00:00","dateModified":"2019-01-02T11:51:47+00:00","description":"Learn the science behind our beauty treatments.","breadcrumb":{"@id":"https:\/\/aesthe.ch\/thesciencebehind\/#breadcrumb"},"inLanguage":"de","potentialAction":[{"@type":"ReadAction","target":["https:\/\/aesthe.ch\/thesciencebehind\/"]}]},{"@type":"BreadcrumbList","@id":"https:\/\/aesthe.ch\/thesciencebehind\/#breadcrumb","itemListElement":[{"@type":"ListItem","position":1,"name":"Startseite","item":"https:\/\/aesthe.ch\/de\/"},{"@type":"ListItem","position":2,"name":"The science behind"}]},{"@type":"WebSite","@id":"https:\/\/aesthe.ch\/de\/#website","url":"https:\/\/aesthe.ch\/de\/","name":"Aesthe","description":"","potentialAction":[{"@type":"SearchAction","target":{"@type":"EntryPoint","urlTemplate":"https:\/\/aesthe.ch\/de\/?s={search_term_string}"},"query-input":"required name=search_term_string"}],"inLanguage":"de"}]}},"_links":{"self":[{"href":"https:\/\/aesthe.ch\/de\/wp-json\/wp\/v2\/pages\/287"}],"collection":[{"href":"https:\/\/aesthe.ch\/de\/wp-json\/wp\/v2\/pages"}],"about":[{"href":"https:\/\/aesthe.ch\/de\/wp-json\/wp\/v2\/types\/page"}],"author":[{"embeddable":true,"href":"https:\/\/aesthe.ch\/de\/wp-json\/wp\/v2\/users\/2"}],"replies":[{"embeddable":true,"href":"https:\/\/aesthe.ch\/de\/wp-json\/wp\/v2\/comments?post=287"}],"version-history":[{"count":63,"href":"https:\/\/aesthe.ch\/de\/wp-json\/wp\/v2\/pages\/287\/revisions"}],"predecessor-version":[{"id":3303,"href":"https:\/\/aesthe.ch\/de\/wp-json\/wp\/v2\/pages\/287\/revisions\/3303"}],"wp:attachment":[{"href":"https:\/\/aesthe.ch\/de\/wp-json\/wp\/v2\/media?parent=287"}],"curies":[{"name":"wp","href":"https:\/\/api.w.org\/{rel}","templated":true}]}}