{"id":2642,"date":"2016-09-15T07:53:14","date_gmt":"2016-09-15T05:53:14","guid":{"rendered":"https:\/\/aesthe.ch\/?page_id=2642"},"modified":"2020-01-30T03:14:13","modified_gmt":"2020-01-30T01:14:13","slug":"beauty-abo","status":"publish","type":"page","link":"https:\/\/aesthe.ch\/de\/beauty-abo\/","title":{"rendered":"Aesthe Beauty Abo"},"content":{"rendered":"<p><\/p>\n<div class=\"main-beauty-abo main-beauty-abo-1\">\n<div class=\"text-wrapper\">\n<p><img decoding=\"async\" loading=\"lazy\" style=\"float: right;\" src=\"https:\/\/aesthe.ch\/wp-content\/uploads\/2016\/09\/chainimage-business-woman-business-woman-white-paper-creator2.jpg\" alt=\"chainimage-business-woman-business-woman-white-paper-creator2\" width=\"500\" height=\"649\" \/><\/p>\n<div class=\"beauty-text-2\">\n<p><strong>Wissen Sie, was das Nr. 1 Geheimnis f\u00fcr ein junges, straffes und gesundes Aussehen ist?<\/strong><\/p>\n<p>Nein , &#8230;. es ist nicht die eine oder die andere magische Kreme<\/p>\n<p>Nein, &#8230;. es ist sicher nicht die Botox oder die Hyaluron Spritze (die eigentlich nur Ihre Mimik und Ihre Muskulatur zerst\u00f6ren)<\/p>\n<p>Nein, &#8230; es sind nicht die Thausenden Franken, die man f\u00fcr den letzten Kosmetischen &#8222;Schlager&#8220; ausgibt<\/p>\n<p><strong>Das Nr. 1 Geheimnis wurde bereits nicht bekannt,<\/strong>&#8230;&#8230;weil es eigentlich nicht viel Geld f\u00fcr die Kosmetischen Firmen bringt.<\/p>\n<p>Und wir haben einen exclusiven Jahresbehandlungsplan erstellt,<\/p>\n<p>der in einer Stunde pro Monat alle wesentlichen K\u00f6rper- und Gesichtspflegen kombiniert.<\/p>\n<p>Nach jahrelanger Erfahrung und Zusammenarbeit mit Dermatologen und\u00a0Kosmetikhersteller,\u00a0haben wir entdeckt, was die <strong>#1 Geheimnis so gut wie\u00a0m\u00f6glich auszusehen ist \u2013 regelm\u00e4ssige Pflege!\u00a0So einfach\u00a0ist das!<\/strong><\/p>\n<p style=\"text-align: justify;\">Wir wissen, dass f\u00fcr besch\u00e4ftigte Leute wie Sie, ist es nicht immer einfach,\u00a0Zeit f\u00fcr Ihre Pflege und Behandlungen zu finden. Das Jahresabo gibt Ihnen ein Pflegepaket, das f\u00fcr Ihre Haut und Ihren Lebensstil geeignet ist.<\/p>\n<\/div>\n<div style=\"display: block; overflow: hidden;\">\n<div class=\"book-btn\" style=\"width: auto !important; margin: 20px 0; float: left;\"><a href=\"http:\/\/www.secure-booker.com\/aesthe\/BookOnlineStart.aspx?TreatmentID=2236763&amp;StaffID=253628\">PROBE BEHANDLUNG BUCHEN\u00a0<\/a><\/div>\n<\/div>\n<h3 class=\"text-description\">ERGEBNIS<\/h3>\n<ul>\n<li><strong>Strafferer K\u00f6rper:\u00a0<\/strong>durch die regelm\u00e4ssige Detox oder Hot Stone Antistress Massage stimulieren wir Ihren Metabolismus und Ihre\u00a0Kollagen Produktion<\/li>\n<li><strong>J\u00fcngere Haut:\u00a0<\/strong>ohne Invasive Eingriffe und chemische Stoffe unsere kombinierte Gesichtsbehandlung reinigt, strafft und ern\u00e4hrt regelm\u00e4ssig die Haut um Alterungsprozes\u00a0zu vermeiden und st\u00e4ndig\u00a0eine gesunde, gleich get\u00f6nte und strahlende Haut haben<\/li>\n<li><strong>Wohlf\u00fchlen:\u00a0<\/strong>abh\u00e4ngig davon, was Sie brauchen \u2013 bekommen Sie regelm\u00e4ssig Detox oder Antistress Massage jeden Monat<\/li>\n<li><strong>Immer gepflegt aussehen:\u00a0<\/strong>mit regelm\u00e4ssiger Gesichtspflege kann man sehr viel erreichen um\u00a0immer frisch und modern auszusehen. Kleine Details wie\u00a0Augenbrauen\u00a0formen, Falten, Unreinigkeiten &#8211;\u00a0sind zwar\u00a0klein \u2013 aber sagen viel.<\/li>\n<\/ul>\n<h3>F\u00fcr Wen?<\/h3>\n<p>Besch\u00e4ftigte und engagierte M\u00e4nner und Frauen, die am besten aussehen und f\u00fcr sich sorgen\u00a0m\u00f6chten.<\/p>\n<h3>Sie bekommen<\/h3>\n<ul>\n<li>6x straffende und tiefreinigende Gesichtsbehandlung inkl. mit gleichzeitiger Detox Massage und Augenbrauen formen ( CHF 1800 )<\/li>\n<li>6x Anti Stress oder Detox Massagen (CHF 900)<\/li>\n<li>Gr\u00fcndliche Hautanalyse (CHF 50)<\/li>\n<li>Business Make-up Beratung (CHF 50)<\/li>\n<li>Passendes Evenswiss Jahres-Hautpflegepaket (CHF 580\/Basis Evenswiss Retail prices 2019)<\/li>\n<li>2 \u00fcbertragbare Behandlungen (falls verhindert) \u2013 dann haben Sie ein sch\u00f6nes Geschenk\u00a0f\u00fcr Ihre Familie oder Freunde<\/li>\n<li>VIP Priorit\u00e4tsbuchung<\/li>\n<li>15% Rabatt auf alle weiteren AESTHE Behandlungen<\/li>\n<\/ul>\n<\/div>\n<p>Der Wert: CHF 3380<\/p>\n<p>Ihr spezieller Preis: monatlich nur CHF 133: total CHF 1.599<\/p>\n<p>mehr als 50% Fr\u00fchbuch Rabatt<\/p>\n<div class=\"text-wrapper\">\n<div class=\"beauty-text-2\">\n<div style=\"display: block; overflow: hidden;\">\n<div class=\"book-btn\" style=\"width: auto !important; margin: 20px 0; float: left;\"><a href=\"http:\/\/www.secure-booker.com\/aesthe\/BookOnlineStart.aspx?TreatmentID=2236763&amp;StaffID=253628\">PROBE BEHANDLUNG BUCHEN<\/a><\/div>\n<\/div>\n<\/div>\n<\/div>\n<\/div>\n<div class=\"main-beauty-abo main-beauty-abo-2\">\n<div class=\"clearfix\">\n<p>&nbsp;<\/p>\n<p>Und nach der Probe entscheiden ob Sie profitieren m\u00f6chten<\/p>\n<p>Limitierte Probe Gesichtsbehandlung Rabatt 50% off &#8211; 99 CHF*<\/p>\n<p>Wir glauben, dass Sie am besten erst die Qualit\u00e4t und Ergebnis selbst erfahren.<\/p>\n<h6><strong><em>*f\u00fcr erste 30 Kunden<\/em><\/strong><\/h6>\n<\/div>\n<\/div>\n<p><script type=\"text\/javascript\"> jQuery(document).ready(function() {\t\t   jQuery(\".testimonial_slider_fouc .testimonial_slider_set\").show();\t\t});jQuery(document).ready(function() {jQuery(\"head\").append(\"<style type=\\\"text\/css\\\">.testimonial_slider_set.testimonial_slider{width:100% !important;max-width:750px;display:block;}.testimonial_slider_set img{max-width:90% !important;}.testimonial_side{width:100% !important;}<\/style>\");});jQuery(document).ready(function() {\t\t\tjQuery(\"#testimonial_slider_recent\").testiMonial({\t\t\t\tresponsive: true,\t\t\t\titems: \t{\t\t\t\t\twidth: 500,\t\t\t\t\tvisible     : {\tmin: 1,\tmax: 1}\t\t\t\t},\t\t\t\tpagination  : { container: \"#testimonial_slider_recent_nav\",\t\t\tanchorBuilder: function( nr ) {\t\t\t\treturn '<div class=\"inner_nav\" style=\"width:16px;height:16px;\"><a href=\"#\" ><\/a><\/div>';\t\t\t} },\t\t\t\tauto: 5000, \t\t\t\tscroll: {\t\t\t\t\t\titems:1,\t\t\t\t\t\tfx: \"scroll\",\t\t\t\t\t\teasing: \"easeInQuad\",\t\t\t\t\t\tduration: 600,\t\t\t\t\t\tpauseOnHover: true\t\t\t\t\t}\t\t\t});\t\t\tjQuery(\"head\").append(\"<style type=\\\"text\/css\\\">#testimonial_slider_recent_nav a.selected{background-position:-16px 0 !important;}.testimonial_slider__textonly .testimonial_content_wrap:after {border-top-color: transparent!important;} .testimonial_slider__textonly .testimonial_nav-fillup .inner_nav a { border: 2px solid #999999 !important;}.testimonial_slider__textonly .testimonial_nav-fillup .inner_nav.selected a:after { background-color: #999999 !important; }<\/style>\");\t\t\tjQuery(\"#testimonial_slider_recent_wrap\").hover( \t\t\t\tfunction() { jQuery(this).find(\".testimonial_nav_arrow_wrap\").show();}, \t\t\t\tfunction() { jQuery(this).find(\".testimonial_nav_arrow_wrap\").hide();} );\t\t\tjQuery(\"#testimonial_slider_recent\").touchwipe({\t\t\t\t\twipeLeft: function() {\t\t\t\t\t\tjQuery(\"#testimonial_slider_recent\").trigger(\"next\", 1);\t\t\t\t\t},\t\t\t\t\twipeRight: function() {\t\t\t\t\t\tjQuery(\"#testimonial_slider_recent\").trigger(\"prev\", 1);\t\t\t\t\t},\t\t\t\t\tpreventDefaultEvents: false\t\t\t});\t\t\t\t\t\t});<\/script> \t<noscript><p><strong>This page is having a slideshow that uses Javascript. Your browser either doesn't support Javascript or you have it turned off. To see this page as it is meant to appear please use a Javascript enabled browser.<\/strong><\/p><\/noscript>\t<div id=\"testimonial_slider_recent_wrap\" class=\"testimonial_slider testimonial_slider_set testimonial_slider__textonly\" style=\"width:750px;\">\t\t\t\t<div id=\"testimonial_slider_recent\" class=\"testimonial_slider_instance\">\t\t\t<div class=\"testimonial_slideri\" style=\"width:500px;height:300px;\">\t\t\t<!-- testimonial_slideri --><div class=\"testimonial_content_wrap\" style=\"background-color:transparent;border:1px solid #dddddd;\"><div class=\"testimonial_content\" style=\"font-family:'Lucida Sans Unicode', 'Lucida Grand', sans-serif;;font-size:14px;font-weight:normal;font-style:italic;color:#737373;\"><span > <img src=\"https:\/\/aesthe.ch\/wp-content\/uploads\/2017\/05\/General-FB-A-mi-manera.png\" alt=\"1\" \/><\/span><\/div><\/div><div class=\"testimonial_by_wrap\" ><div class=\"testimonial_by_inner\"><span class=\"testimonial_by\" style=\"line-height:21px;font-family:'Lucida Sans Unicode', 'Lucida Grand', sans-serif;;font-size:18px;font-weight:normal;font-style:normal;color:#222;\"><\/span><span class=\"testimonial_site\" style=\"line-height:17px;font-family:Arial,Helvetica,sans-serif;font-size:14px;font-weight:normal;font-style:normal;color:#666;\"><\/span><\/div><\/div>\t<div class=\"sldr_clearlt\"><\/div><div class=\"sldr_clearrt\"><\/div><!-- \/testimonial_slideri -->\t\t<\/div><div class=\"testimonial_slideri\" style=\"width:500px;height:300px;\">\t\t\t<!-- testimonial_slideri --><div class=\"testimonial_content_wrap\" style=\"background-color:transparent;border:1px solid #dddddd;\"><div class=\"testimonial_content\" style=\"font-family:'Lucida Sans Unicode', 'Lucida Grand', sans-serif;;font-size:14px;font-weight:normal;font-style:italic;color:#737373;\"><span > <img src=\"https:\/\/aesthe.ch\/wp-content\/uploads\/2017\/05\/General-FB-Catharina-Chimidio.png\" alt=\"2\" \/><\/span><\/div><\/div><div class=\"testimonial_by_wrap\" ><div class=\"testimonial_by_inner\"><span class=\"testimonial_by\" style=\"line-height:21px;font-family:'Lucida Sans Unicode', 'Lucida Grand', sans-serif;;font-size:18px;font-weight:normal;font-style:normal;color:#222;\"><\/span><span class=\"testimonial_site\" style=\"line-height:17px;font-family:Arial,Helvetica,sans-serif;font-size:14px;font-weight:normal;font-style:normal;color:#666;\"><\/span><\/div><\/div>\t<div class=\"sldr_clearlt\"><\/div><div class=\"sldr_clearrt\"><\/div><!-- \/testimonial_slideri -->\t\t<\/div><div class=\"testimonial_slideri\" style=\"width:500px;height:300px;\">\t\t\t<!-- testimonial_slideri --><div class=\"testimonial_content_wrap\" style=\"background-color:transparent;border:1px solid #dddddd;\"><div class=\"testimonial_content\" style=\"font-family:'Lucida Sans Unicode', 'Lucida Grand', sans-serif;;font-size:14px;font-weight:normal;font-style:italic;color:#737373;\"><span > <img src=\"https:\/\/aesthe.ch\/wp-content\/uploads\/2017\/05\/Body-FB-Flurin-Laubi.png\" alt=\"1\" \/><\/span><\/div><\/div><div class=\"testimonial_by_wrap\" ><div class=\"testimonial_by_inner\"><span class=\"testimonial_by\" style=\"line-height:21px;font-family:'Lucida Sans Unicode', 'Lucida Grand', sans-serif;;font-size:18px;font-weight:normal;font-style:normal;color:#222;\"><\/span><span class=\"testimonial_site\" style=\"line-height:17px;font-family:Arial,Helvetica,sans-serif;font-size:14px;font-weight:normal;font-style:normal;color:#666;\"><\/span><\/div><\/div>\t<div class=\"sldr_clearlt\"><\/div><div class=\"sldr_clearrt\"><\/div><!-- \/testimonial_slideri -->\t\t<\/div><div class=\"testimonial_slideri\" style=\"width:500px;height:300px;\">\t\t\t<!-- testimonial_slideri --><div class=\"testimonial_content_wrap\" style=\"background-color:transparent;border:1px solid #dddddd;\"><div class=\"testimonial_content\" style=\"font-family:'Lucida Sans Unicode', 'Lucida Grand', sans-serif;;font-size:14px;font-weight:normal;font-style:italic;color:#737373;\"><span > <img src=\"https:\/\/aesthe.ch\/wp-content\/uploads\/2017\/05\/General-FB-Sarah-Niederer.png\" alt=\"1\" \/><\/span><\/div><\/div><div class=\"testimonial_by_wrap\" ><div class=\"testimonial_by_inner\"><span class=\"testimonial_by\" style=\"line-height:21px;font-family:'Lucida Sans Unicode', 'Lucida Grand', sans-serif;;font-size:18px;font-weight:normal;font-style:normal;color:#222;\"><\/span><span class=\"testimonial_site\" style=\"line-height:17px;font-family:Arial,Helvetica,sans-serif;font-size:14px;font-weight:normal;font-style:normal;color:#666;\"><\/span><\/div><\/div>\t<div class=\"sldr_clearlt\"><\/div><div class=\"sldr_clearrt\"><\/div><!-- \/testimonial_slideri -->\t\t<\/div><div class=\"testimonial_slideri\" style=\"width:500px;height:300px;\">\t\t\t<!-- testimonial_slideri --><div class=\"testimonial_content_wrap\" style=\"background-color:transparent;border:1px solid #dddddd;\"><div class=\"testimonial_content\" style=\"font-family:'Lucida Sans Unicode', 'Lucida Grand', sans-serif;;font-size:14px;font-weight:normal;font-style:italic;color:#737373;\"><span > <img src=\"https:\/\/aesthe.ch\/wp-content\/uploads\/2017\/05\/General-FB-Nicole-Sandys.png\" alt=\"1\" \/><\/span><\/div><\/div><div class=\"testimonial_by_wrap\" ><div class=\"testimonial_by_inner\"><span class=\"testimonial_by\" style=\"line-height:21px;font-family:'Lucida Sans Unicode', 'Lucida Grand', sans-serif;;font-size:18px;font-weight:normal;font-style:normal;color:#222;\"><\/span><span class=\"testimonial_site\" style=\"line-height:17px;font-family:Arial,Helvetica,sans-serif;font-size:14px;font-weight:normal;font-style:normal;color:#666;\"><\/span><\/div><\/div>\t<div class=\"sldr_clearlt\"><\/div><div class=\"sldr_clearrt\"><\/div><!-- \/testimonial_slideri -->\t\t<\/div><div class=\"testimonial_slideri\" style=\"width:500px;height:300px;\">\t\t\t<!-- testimonial_slideri --><div class=\"testimonial_content_wrap\" style=\"background-color:transparent;border:1px solid #dddddd;\"><div class=\"testimonial_content\" style=\"font-family:'Lucida Sans Unicode', 'Lucida Grand', sans-serif;;font-size:14px;font-weight:normal;font-style:italic;color:#737373;\"><span > <img src=\"https:\/\/aesthe.ch\/wp-content\/uploads\/2017\/05\/General-FB-Mia-Umer.png\" alt=\"1\" \/><\/span><\/div><\/div><div class=\"testimonial_by_wrap\" ><div class=\"testimonial_by_inner\"><span class=\"testimonial_by\" style=\"line-height:21px;font-family:'Lucida Sans Unicode', 'Lucida Grand', sans-serif;;font-size:18px;font-weight:normal;font-style:normal;color:#222;\"><\/span><span class=\"testimonial_site\" style=\"line-height:17px;font-family:Arial,Helvetica,sans-serif;font-size:14px;font-weight:normal;font-style:normal;color:#666;\"><\/span><\/div><\/div>\t<div class=\"sldr_clearlt\"><\/div><div class=\"sldr_clearrt\"><\/div><!-- \/testimonial_slideri -->\t\t<\/div><div class=\"testimonial_slideri\" style=\"width:500px;height:300px;\">\t\t\t<!-- testimonial_slideri --><div class=\"testimonial_content_wrap\" style=\"background-color:transparent;border:1px solid #dddddd;\"><div class=\"testimonial_content\" style=\"font-family:'Lucida Sans Unicode', 'Lucida Grand', sans-serif;;font-size:14px;font-weight:normal;font-style:italic;color:#737373;\"><span > <img src=\"https:\/\/aesthe.ch\/wp-content\/uploads\/2017\/05\/General-FB-Eveline-Lonoce.png\" alt=\"1\" \/><\/span><\/div><\/div><div class=\"testimonial_by_wrap\" ><div class=\"testimonial_by_inner\"><span class=\"testimonial_by\" style=\"line-height:21px;font-family:'Lucida Sans Unicode', 'Lucida Grand', sans-serif;;font-size:18px;font-weight:normal;font-style:normal;color:#222;\"><\/span><span class=\"testimonial_site\" style=\"line-height:17px;font-family:Arial,Helvetica,sans-serif;font-size:14px;font-weight:normal;font-style:normal;color:#666;\"><\/span><\/div><\/div>\t<div class=\"sldr_clearlt\"><\/div><div class=\"sldr_clearrt\"><\/div><!-- \/testimonial_slideri -->\t\t<\/div><div class=\"testimonial_slideri\" style=\"width:500px;height:300px;\">\t\t\t<!-- testimonial_slideri --><div class=\"testimonial_content_wrap\" style=\"background-color:transparent;border:1px solid #dddddd;\"><div class=\"testimonial_content\" style=\"font-family:'Lucida Sans Unicode', 'Lucida Grand', sans-serif;;font-size:14px;font-weight:normal;font-style:italic;color:#737373;\"><span > <img src=\"https:\/\/aesthe.ch\/wp-content\/uploads\/2017\/05\/Body-FB-Lee-Wyser.png\" alt=\"1\" \/><\/span><\/div><\/div><div class=\"testimonial_by_wrap\" ><div class=\"testimonial_by_inner\"><span class=\"testimonial_by\" style=\"line-height:21px;font-family:'Lucida Sans Unicode', 'Lucida Grand', sans-serif;;font-size:18px;font-weight:normal;font-style:normal;color:#222;\"><\/span><span class=\"testimonial_site\" style=\"line-height:17px;font-family:Arial,Helvetica,sans-serif;font-size:14px;font-weight:normal;font-style:normal;color:#666;\"><\/span><\/div><\/div>\t<div class=\"sldr_clearlt\"><\/div><div class=\"sldr_clearrt\"><\/div><!-- \/testimonial_slideri -->\t\t<\/div><div class=\"testimonial_slideri\" style=\"width:500px;height:300px;\">\t\t\t<!-- testimonial_slideri --><div class=\"testimonial_content_wrap\" style=\"background-color:transparent;border:1px solid #dddddd;\"><div class=\"testimonial_content\" style=\"font-family:'Lucida Sans Unicode', 'Lucida Grand', sans-serif;;font-size:14px;font-weight:normal;font-style:italic;color:#737373;\"><span > <p class=\"qtranxs-available-languages-message qtranxs-available-languages-message-de\">Leider ist der Eintrag nur auf <a href=\"https:\/\/aesthe.ch\/en\/wp-json\/wp\/v2\/pages\/2642\" class=\"qtranxs-available-language-link qtranxs-available-language-link-en\" title=\"English\">Amerikanisches Englisch<\/a> verf\u00fcgbar.<\/p><\/span><\/div><\/div><div class=\"testimonial_by_wrap\" ><div class=\"testimonial_by_inner\"><span class=\"testimonial_by\" style=\"line-height:21px;font-family:'Lucida Sans Unicode', 'Lucida Grand', sans-serif;;font-size:18px;font-weight:normal;font-style:normal;color:#222;\"><\/span><span class=\"testimonial_site\" style=\"line-height:17px;font-family:Arial,Helvetica,sans-serif;font-size:14px;font-weight:normal;font-style:normal;color:#666;\"><\/span><\/div><\/div>\t<div class=\"sldr_clearlt\"><\/div><div class=\"sldr_clearrt\"><\/div><!-- \/testimonial_slideri -->\t\t<\/div><div class=\"testimonial_slideri\" style=\"width:500px;height:300px;\">\t\t\t<!-- testimonial_slideri --><div class=\"testimonial_content_wrap\" style=\"background-color:transparent;border:1px solid #dddddd;\"><div class=\"testimonial_content\" style=\"font-family:'Lucida Sans Unicode', 'Lucida Grand', sans-serif;;font-size:14px;font-weight:normal;font-style:italic;color:#737373;\"><span > <p class=\"qtranxs-available-languages-message qtranxs-available-languages-message-de\">Leider ist der Eintrag nur auf <a href=\"https:\/\/aesthe.ch\/en\/wp-json\/wp\/v2\/pages\/2642\" class=\"qtranxs-available-language-link qtranxs-available-language-link-en\" title=\"English\">Amerikanisches Englisch<\/a> verf\u00fcgbar.<\/p><\/span><\/div><\/div><div class=\"testimonial_by_wrap\" ><div class=\"testimonial_by_inner\"><span class=\"testimonial_by\" style=\"line-height:21px;font-family:'Lucida Sans Unicode', 'Lucida Grand', sans-serif;;font-size:18px;font-weight:normal;font-style:normal;color:#222;\"><\/span><span class=\"testimonial_site\" style=\"line-height:17px;font-family:Arial,Helvetica,sans-serif;font-size:14px;font-weight:normal;font-style:normal;color:#666;\"><\/span><\/div><\/div>\t<div class=\"sldr_clearlt\"><\/div><div class=\"sldr_clearrt\"><\/div><!-- \/testimonial_slideri -->\t\t<\/div>\t\t<\/div>\t\t<div id=\"testimonial_slider_recent_nav\" class=\"testimonial_nav  testimonial_nav-fillup\" style=\"width:210px;margin: 0 auto;\"><\/div>\t\t<div class=\"testimonial_nav_arrow_wrap\">\t\t\t<a class=\"testimonial_prev\" id=\"testimonial_slider_recent_prev\" href=\"#\" ><span>prev<\/span><\/a>\t\t\t<a class=\"testimonial_next\" id=\"testimonial_slider_recent_next\" href=\"#\" ><span>next<\/span><\/a>\t\t<\/div>\t<\/div><script type=\"text\/javascript\">jQuery(\"html\").addClass(\"testimonial_slider_fouc\");jQuery(\".testimonial_slider_fouc .testimonial_slider_set\").hide();<\/script><\/p>","protected":false},"excerpt":{"rendered":"<p>Wissen Sie, was das Nr. 1 Geheimnis f\u00fcr ein junges, straffes und gesundes Aussehen ist? Nein , &#8230;. es ist nicht die eine oder die&#8230;<\/p>\n","protected":false},"author":2,"featured_media":0,"parent":0,"menu_order":0,"comment_status":"closed","ping_status":"closed","template":"","meta":{"_mi_skip_tracking":false},"yoast_head":"<!-- This site is optimized with the Yoast SEO plugin v19.10 - https:\/\/yoast.com\/wordpress\/plugins\/seo\/ -->\n<title>Aesthe Beauty Abo<\/title>\n<meta name=\"robots\" content=\"index, follow, max-snippet:-1, max-image-preview:large, max-video-preview:-1\" \/>\n<link rel=\"canonical\" href=\"https:\/\/aesthe.ch\/de\/beauty-abo\/\" \/>\n<meta property=\"og:locale\" content=\"de_DE\" \/>\n<meta property=\"og:type\" content=\"article\" \/>\n<meta property=\"og:title\" content=\"Aesthe Beauty Abo\" \/>\n<meta property=\"og:description\" content=\"Wissen Sie, was das Nr. 1 Geheimnis f\u00fcr ein junges, straffes und gesundes Aussehen ist? Nein , &#8230;. es ist nicht die eine oder die...\" \/>\n<meta property=\"og:url\" content=\"https:\/\/aesthe.ch\/de\/beauty-abo\/\" \/>\n<meta property=\"og:site_name\" content=\"Aesthe\" \/>\n<meta property=\"article:publisher\" content=\"https:\/\/www.facebook.com\/pages\/Aesthech\/233269250128188?ref=ts&amp;amp%3bamp%3bamp%3bfref=ts\" \/>\n<meta property=\"article:modified_time\" content=\"2020-01-30T01:14:13+00:00\" \/>\n<meta property=\"og:image\" content=\"https:\/\/aesthe.ch\/wp-content\/uploads\/2016\/09\/chainimage-business-woman-business-woman-white-paper-creator2.jpg\" \/>\n<meta name=\"twitter:label1\" content=\"Gesch\u00e4tzte Lesezeit\" \/>\n\t<meta name=\"twitter:data1\" content=\"5\u00a0Minuten\" \/>\n<script type=\"application\/ld+json\" class=\"yoast-schema-graph\">{\"@context\":\"https:\/\/schema.org\",\"@graph\":[{\"@type\":\"WebPage\",\"@id\":\"https:\/\/aesthe.ch\/de\/beauty-abo\/\",\"url\":\"https:\/\/aesthe.ch\/de\/beauty-abo\/\",\"name\":\"Aesthe Beauty Abo\",\"isPartOf\":{\"@id\":\"https:\/\/aesthe.ch\/de\/#website\"},\"datePublished\":\"2016-09-15T05:53:14+00:00\",\"dateModified\":\"2020-01-30T01:14:13+00:00\",\"breadcrumb\":{\"@id\":\"https:\/\/aesthe.ch\/de\/beauty-abo\/#breadcrumb\"},\"inLanguage\":\"de\",\"potentialAction\":[{\"@type\":\"ReadAction\",\"target\":[\"https:\/\/aesthe.ch\/de\/beauty-abo\/\"]}]},{\"@type\":\"BreadcrumbList\",\"@id\":\"https:\/\/aesthe.ch\/de\/beauty-abo\/#breadcrumb\",\"itemListElement\":[{\"@type\":\"ListItem\",\"position\":1,\"name\":\"Startseite\",\"item\":\"https:\/\/aesthe.ch\/de\/\"},{\"@type\":\"ListItem\",\"position\":2,\"name\":\"Aesthe Beauty Abo\"}]},{\"@type\":\"WebSite\",\"@id\":\"https:\/\/aesthe.ch\/de\/#website\",\"url\":\"https:\/\/aesthe.ch\/de\/\",\"name\":\"Aesthe\",\"description\":\"\",\"potentialAction\":[{\"@type\":\"SearchAction\",\"target\":{\"@type\":\"EntryPoint\",\"urlTemplate\":\"https:\/\/aesthe.ch\/de\/?s={search_term_string}\"},\"query-input\":\"required name=search_term_string\"}],\"inLanguage\":\"de\"}]}<\/script>\n<!-- \/ Yoast SEO plugin. -->","yoast_head_json":{"title":"Aesthe Beauty Abo","robots":{"index":"index","follow":"follow","max-snippet":"max-snippet:-1","max-image-preview":"max-image-preview:large","max-video-preview":"max-video-preview:-1"},"canonical":"https:\/\/aesthe.ch\/de\/beauty-abo\/","og_locale":"de_DE","og_type":"article","og_title":"Aesthe Beauty Abo","og_description":"Wissen Sie, was das Nr. 1 Geheimnis f\u00fcr ein junges, straffes und gesundes Aussehen ist? Nein , &#8230;. es ist nicht die eine oder die...","og_url":"https:\/\/aesthe.ch\/de\/beauty-abo\/","og_site_name":"Aesthe","article_publisher":"https:\/\/www.facebook.com\/pages\/Aesthech\/233269250128188?ref=ts&amp%3bamp%3bamp%3bfref=ts","article_modified_time":"2020-01-30T01:14:13+00:00","og_image":[{"url":"https:\/\/aesthe.ch\/wp-content\/uploads\/2016\/09\/chainimage-business-woman-business-woman-white-paper-creator2.jpg"}],"twitter_misc":{"Gesch\u00e4tzte Lesezeit":"5\u00a0Minuten"},"schema":{"@context":"https:\/\/schema.org","@graph":[{"@type":"WebPage","@id":"https:\/\/aesthe.ch\/de\/beauty-abo\/","url":"https:\/\/aesthe.ch\/de\/beauty-abo\/","name":"Aesthe Beauty Abo","isPartOf":{"@id":"https:\/\/aesthe.ch\/de\/#website"},"datePublished":"2016-09-15T05:53:14+00:00","dateModified":"2020-01-30T01:14:13+00:00","breadcrumb":{"@id":"https:\/\/aesthe.ch\/de\/beauty-abo\/#breadcrumb"},"inLanguage":"de","potentialAction":[{"@type":"ReadAction","target":["https:\/\/aesthe.ch\/de\/beauty-abo\/"]}]},{"@type":"BreadcrumbList","@id":"https:\/\/aesthe.ch\/de\/beauty-abo\/#breadcrumb","itemListElement":[{"@type":"ListItem","position":1,"name":"Startseite","item":"https:\/\/aesthe.ch\/de\/"},{"@type":"ListItem","position":2,"name":"Aesthe Beauty Abo"}]},{"@type":"WebSite","@id":"https:\/\/aesthe.ch\/de\/#website","url":"https:\/\/aesthe.ch\/de\/","name":"Aesthe","description":"","potentialAction":[{"@type":"SearchAction","target":{"@type":"EntryPoint","urlTemplate":"https:\/\/aesthe.ch\/de\/?s={search_term_string}"},"query-input":"required name=search_term_string"}],"inLanguage":"de"}]}},"_links":{"self":[{"href":"https:\/\/aesthe.ch\/de\/wp-json\/wp\/v2\/pages\/2642"}],"collection":[{"href":"https:\/\/aesthe.ch\/de\/wp-json\/wp\/v2\/pages"}],"about":[{"href":"https:\/\/aesthe.ch\/de\/wp-json\/wp\/v2\/types\/page"}],"author":[{"embeddable":true,"href":"https:\/\/aesthe.ch\/de\/wp-json\/wp\/v2\/users\/2"}],"replies":[{"embeddable":true,"href":"https:\/\/aesthe.ch\/de\/wp-json\/wp\/v2\/comments?post=2642"}],"version-history":[{"count":101,"href":"https:\/\/aesthe.ch\/de\/wp-json\/wp\/v2\/pages\/2642\/revisions"}],"predecessor-version":[{"id":3457,"href":"https:\/\/aesthe.ch\/de\/wp-json\/wp\/v2\/pages\/2642\/revisions\/3457"}],"wp:attachment":[{"href":"https:\/\/aesthe.ch\/de\/wp-json\/wp\/v2\/media?parent=2642"}],"curies":[{"name":"wp","href":"https:\/\/api.w.org\/{rel}","templated":true}]}}