{"id":2567,"date":"2016-06-27T14:33:42","date_gmt":"2016-06-27T12:33:42","guid":{"rendered":"https:\/\/aesthe.ch\/?page_id=2567"},"modified":"2020-02-21T03:47:27","modified_gmt":"2020-02-21T01:47:27","slug":"2567-2","status":"publish","type":"page","link":"https:\/\/aesthe.ch\/de\/2567-2\/","title":{"rendered":"ALLGEMEINE GESCH\u00c4FTSBEDINGUNGEN"},"content":{"rendered":"<p><\/p>\n<h3><\/h3>\n<h5><strong>1 ALLGEMEIN<\/strong><\/h5>\n<p>Die folgenden \u201eAllgemeine Gesch\u00e4ftsbedingungen\u201c (AGB) erkennt der Kunde durch Erstellung seines Auftrages als verbindlich an. Sonderabsprachen bed\u00fcrfen der schriftlichen Form. Unsere Bedingungen gelten auch f\u00fcr alle Folgegesch\u00e4fte, selbst dann, wenn bei denen Abschluss nicht nochmals darauf hingewiesen wird. Diese AGB k\u00f6nnen einseitig von Aesthe jederzeit ver\u00e4ndert werden. Die g\u00fcltige und verbindliche Version ist die Version, die publiziert ist an www.aesthe.ch.<\/p>\n<h5><strong>2 AESTHE WEBSEITE<\/strong><\/h5>\n<p>Alle Informationen auf Aesthe Webseite sind nur informativ und sind in keinem Fall eine medizinische oder therapeutische Beratung. Es ist f\u00fcr die Aesthe Webseite Besucher eine Information und generelle Orientierung und Erkl\u00e4rung \u00fcber die Methoden.<\/p>\n<h5><strong>3 PREISE G\u00dcLTIGKEIT<\/strong><\/h5>\n<p>Lieferungen werden stets zu unseren jeweils g\u00fcltigen Preisen ausgef\u00fchrt. Mit der Herausgabe neuer Preise verlieren alle fr\u00fcheren Preisangaben, auch auf \u00e4lteren Bestellscheinen ihre G\u00fcltigkeit.<\/p>\n<h5><strong>4 BEHANDLUNGEN<\/strong><\/h5>\n<p>Aesthe Kosmetikerinnen haben alle notwendigen Qualifikationen und jahrelange Erfahrung mit den Behandlungen. Wir gebrauchen Schweizer Qualit\u00e4t Ger\u00e4te und Produkte und haben sehr gute Ergebnisse und Erfahrungen.<\/p>\n<p>F\u00fcr viele von den Behandlungen sind die Ergebnisse direkt abh\u00e4ngig von dem Kunden &#8211; von Zusammenarbeit, Gesundheit, Ern\u00e4hrung und Bewegung, und nachfolgend von der individuellen Nachbehandlungspflege. Jeder ist individuell und wir k\u00f6nnen keine Ergebnisse garantieren.<\/p>\n<h5><strong>5 TERMINABSAGE UND VERSP\u00c4TUNGEN<\/strong><\/h5>\n<p>5.1 Bedingungen f\u00fcr die Terminabsage \u2013 von Ihrer Seite:<br \/>\nFalls Sie Ihren Termin in weniger als\u00a024 Stunden\u00a0vor dem geplanten Termin absagen, wird Ihnen eine Geb\u00fchr von\u00a050 CHF\u00a0f\u00fcr die Absage verrechnet. Wenn Sie uns die Terminabsage nicht mitteilen oder nicht erscheinen,\u00a0wird Ihnen eine Geb\u00fchr von\u00a050 CHF\u00a0f\u00fcr die Absage verrechnet.<br \/>\n5.2 Bedingungen f\u00fcr die Terminabsage &#8211; von unserer Seite:<br \/>\nFalls wir gezwungen sind, Ihren Termin in weniger als\u00a024 Stunden\u00a0vorher abzusagen und wir nicht imstande sind, Ihnen einen anderen, f\u00fcr Sie passenden Termin zu vereinbaren, bieten wir Ihnen eine Erm\u00e4\u00dfigung von\u00a050 CHF auf den Preis\u00a0der Behandlung.<br \/>\n5.3 Versp\u00e4tung bei geplantem Termin<br \/>\nFalls Sie mehr als 5 Minuten zu sp\u00e4t zu Ihrem vereinbarten Termin erscheinen, k\u00f6nnen wir Ihnen nicht garantieren, die Behandlung durchzuf\u00fchren.\u00a0Sofern die M\u00f6glichkeit besteht Sie umzubuchen, werden wir dies selbstverst\u00e4ndlich tun. Ist der Terminkalender aber voll und Sie kommen zu sp\u00e4t, gelten dieselben Bedingungen wie bei der Terminabsage in weniger als 24 Stunden. Wenn wir Sie nicht behandeln k\u00f6nnen, wird Ihnen eine Geb\u00fchr von 50 CHF verrechnet.<br \/>\nVielen Dank f\u00fcr Ihr Verst\u00e4ndnis \u2013 wir m\u00f6chten allen unseren Kunden denselben exzellenten Service anbieten, weshalb wir die Kunden, die nach Ihnen kommen, nicht verschieben.<\/p>\n<h5><strong>6 ZAHLUNG<\/strong><\/h5>\n<p>Unsere Rechnungen sind sofort zahlbar. Sie k\u00f6nnen direkt mit Kredit Karte (Visa, Mastercard, American Express) oder Debit Karte (Maestro, Postfinance) bezahlen. Keine Zahlung wird zur\u00fcckgegeben.<\/p>\n<h5><strong>7 DATENSCHUTZ<\/strong><\/h5>\n<p>Wir sch\u00e4tzen Ihr Vertrauen und setzen sich f\u00fcr den Schutz und die Achtung Ihrer Privatsph\u00e4re ein. Wenn Sie Ihr Benutzerkonto bei Aesthe registrieren, Ihre Anmeldedaten aktualisieren, kann Aesthe die folgenden Arten von personenbezogenen Daten erfassen, speichern und nutzen: diese sind inklusive Ihrer Namen, E-Mail-Adresse, Telefon und Geburtstagsdatum. Aesthe wird Ihre personenbezogenen Daten au\u00dferhalb des kommerziellen Zwecks und Aktivit\u00e4ten nicht an Dritten vermieten, verkaufen oder weitergeben. Aesthe ergreift s\u00e4mtliche zumutbaren Ma\u00dfnahmen, um zu gew\u00e4hrleisten, dass Ihre pers\u00f6nlichen Daten sicher aufbewahrt werden. Zur Verbesserung unseres Angebotes gebrauchen wir Cookies. Die von Cookies erfassten Daten sind anonym.<\/p>\n<h5><strong>8 KONTAKT<\/strong><\/h5>\n<p>Fragen, Kommentare und Anfragen sind willkommen an info@aesthe.ch.<\/p>","protected":false},"excerpt":{"rendered":"<p>1 ALLGEMEIN Die folgenden \u201eAllgemeine Gesch\u00e4ftsbedingungen\u201c (AGB) erkennt der Kunde durch Erstellung seines Auftrages als verbindlich an. Sonderabsprachen bed\u00fcrfen der schriftlichen Form. Unsere Bedingungen gelten&#8230;<\/p>\n","protected":false},"author":2,"featured_media":0,"parent":0,"menu_order":0,"comment_status":"closed","ping_status":"closed","template":"","meta":{"_mi_skip_tracking":false},"yoast_head":"<!-- This site is optimized with the Yoast SEO plugin v19.10 - https:\/\/yoast.com\/wordpress\/plugins\/seo\/ -->\n<title>ALLGEMEINE GESCH\u00c4FTSBEDINGUNGEN<\/title>\n<meta name=\"robots\" content=\"index, follow, max-snippet:-1, max-image-preview:large, max-video-preview:-1\" \/>\n<link rel=\"canonical\" href=\"https:\/\/aesthe.ch\/de\/2567-2\/\" \/>\n<meta property=\"og:locale\" content=\"de_DE\" \/>\n<meta property=\"og:type\" content=\"article\" \/>\n<meta property=\"og:title\" content=\"ALLGEMEINE GESCH\u00c4FTSBEDINGUNGEN\" \/>\n<meta property=\"og:description\" content=\"1 ALLGEMEIN Die folgenden \u201eAllgemeine Gesch\u00e4ftsbedingungen\u201c (AGB) erkennt der Kunde durch Erstellung seines Auftrages als verbindlich an. Sonderabsprachen bed\u00fcrfen der schriftlichen Form. Unsere Bedingungen gelten...\" \/>\n<meta property=\"og:url\" content=\"https:\/\/aesthe.ch\/de\/2567-2\/\" \/>\n<meta property=\"og:site_name\" content=\"Aesthe\" \/>\n<meta property=\"article:publisher\" content=\"https:\/\/www.facebook.com\/pages\/Aesthech\/233269250128188?ref=ts&amp;amp%3bamp%3bamp%3bfref=ts\" \/>\n<meta property=\"article:modified_time\" content=\"2020-02-21T01:47:27+00:00\" \/>\n<meta name=\"twitter:label1\" content=\"Gesch\u00e4tzte Lesezeit\" \/>\n\t<meta name=\"twitter:data1\" content=\"5\u00a0Minuten\" \/>\n<script type=\"application\/ld+json\" class=\"yoast-schema-graph\">{\"@context\":\"https:\/\/schema.org\",\"@graph\":[{\"@type\":\"WebPage\",\"@id\":\"https:\/\/aesthe.ch\/de\/2567-2\/\",\"url\":\"https:\/\/aesthe.ch\/de\/2567-2\/\",\"name\":\"ALLGEMEINE GESCH\u00c4FTSBEDINGUNGEN\",\"isPartOf\":{\"@id\":\"https:\/\/aesthe.ch\/de\/#website\"},\"datePublished\":\"2016-06-27T12:33:42+00:00\",\"dateModified\":\"2020-02-21T01:47:27+00:00\",\"breadcrumb\":{\"@id\":\"https:\/\/aesthe.ch\/de\/2567-2\/#breadcrumb\"},\"inLanguage\":\"de\",\"potentialAction\":[{\"@type\":\"ReadAction\",\"target\":[\"https:\/\/aesthe.ch\/de\/2567-2\/\"]}]},{\"@type\":\"BreadcrumbList\",\"@id\":\"https:\/\/aesthe.ch\/de\/2567-2\/#breadcrumb\",\"itemListElement\":[{\"@type\":\"ListItem\",\"position\":1,\"name\":\"Startseite\",\"item\":\"https:\/\/aesthe.ch\/de\/\"},{\"@type\":\"ListItem\",\"position\":2,\"name\":\"ALLGEMEINE GESCH\u00c4FTSBEDINGUNGEN\"}]},{\"@type\":\"WebSite\",\"@id\":\"https:\/\/aesthe.ch\/de\/#website\",\"url\":\"https:\/\/aesthe.ch\/de\/\",\"name\":\"Aesthe\",\"description\":\"\",\"potentialAction\":[{\"@type\":\"SearchAction\",\"target\":{\"@type\":\"EntryPoint\",\"urlTemplate\":\"https:\/\/aesthe.ch\/de\/?s={search_term_string}\"},\"query-input\":\"required name=search_term_string\"}],\"inLanguage\":\"de\"}]}<\/script>\n<!-- \/ Yoast SEO plugin. -->","yoast_head_json":{"title":"ALLGEMEINE GESCH\u00c4FTSBEDINGUNGEN","robots":{"index":"index","follow":"follow","max-snippet":"max-snippet:-1","max-image-preview":"max-image-preview:large","max-video-preview":"max-video-preview:-1"},"canonical":"https:\/\/aesthe.ch\/de\/2567-2\/","og_locale":"de_DE","og_type":"article","og_title":"ALLGEMEINE GESCH\u00c4FTSBEDINGUNGEN","og_description":"1 ALLGEMEIN Die folgenden \u201eAllgemeine Gesch\u00e4ftsbedingungen\u201c (AGB) erkennt der Kunde durch Erstellung seines Auftrages als verbindlich an. Sonderabsprachen bed\u00fcrfen der schriftlichen Form. Unsere Bedingungen gelten...","og_url":"https:\/\/aesthe.ch\/de\/2567-2\/","og_site_name":"Aesthe","article_publisher":"https:\/\/www.facebook.com\/pages\/Aesthech\/233269250128188?ref=ts&amp%3bamp%3bamp%3bfref=ts","article_modified_time":"2020-02-21T01:47:27+00:00","twitter_misc":{"Gesch\u00e4tzte Lesezeit":"5\u00a0Minuten"},"schema":{"@context":"https:\/\/schema.org","@graph":[{"@type":"WebPage","@id":"https:\/\/aesthe.ch\/de\/2567-2\/","url":"https:\/\/aesthe.ch\/de\/2567-2\/","name":"ALLGEMEINE GESCH\u00c4FTSBEDINGUNGEN","isPartOf":{"@id":"https:\/\/aesthe.ch\/de\/#website"},"datePublished":"2016-06-27T12:33:42+00:00","dateModified":"2020-02-21T01:47:27+00:00","breadcrumb":{"@id":"https:\/\/aesthe.ch\/de\/2567-2\/#breadcrumb"},"inLanguage":"de","potentialAction":[{"@type":"ReadAction","target":["https:\/\/aesthe.ch\/de\/2567-2\/"]}]},{"@type":"BreadcrumbList","@id":"https:\/\/aesthe.ch\/de\/2567-2\/#breadcrumb","itemListElement":[{"@type":"ListItem","position":1,"name":"Startseite","item":"https:\/\/aesthe.ch\/de\/"},{"@type":"ListItem","position":2,"name":"ALLGEMEINE GESCH\u00c4FTSBEDINGUNGEN"}]},{"@type":"WebSite","@id":"https:\/\/aesthe.ch\/de\/#website","url":"https:\/\/aesthe.ch\/de\/","name":"Aesthe","description":"","potentialAction":[{"@type":"SearchAction","target":{"@type":"EntryPoint","urlTemplate":"https:\/\/aesthe.ch\/de\/?s={search_term_string}"},"query-input":"required name=search_term_string"}],"inLanguage":"de"}]}},"_links":{"self":[{"href":"https:\/\/aesthe.ch\/de\/wp-json\/wp\/v2\/pages\/2567"}],"collection":[{"href":"https:\/\/aesthe.ch\/de\/wp-json\/wp\/v2\/pages"}],"about":[{"href":"https:\/\/aesthe.ch\/de\/wp-json\/wp\/v2\/types\/page"}],"author":[{"embeddable":true,"href":"https:\/\/aesthe.ch\/de\/wp-json\/wp\/v2\/users\/2"}],"replies":[{"embeddable":true,"href":"https:\/\/aesthe.ch\/de\/wp-json\/wp\/v2\/comments?post=2567"}],"version-history":[{"count":11,"href":"https:\/\/aesthe.ch\/de\/wp-json\/wp\/v2\/pages\/2567\/revisions"}],"predecessor-version":[{"id":3459,"href":"https:\/\/aesthe.ch\/de\/wp-json\/wp\/v2\/pages\/2567\/revisions\/3459"}],"wp:attachment":[{"href":"https:\/\/aesthe.ch\/de\/wp-json\/wp\/v2\/media?parent=2567"}],"curies":[{"name":"wp","href":"https:\/\/api.w.org\/{rel}","templated":true}]}}