{"id":239,"date":"2014-02-25T07:03:04","date_gmt":"2014-02-25T07:03:04","guid":{"rendered":"https:\/\/aesthe.ch\/?page_id=239"},"modified":"2016-05-09T13:23:28","modified_gmt":"2016-05-09T11:23:28","slug":"about-us","status":"publish","type":"page","link":"https:\/\/aesthe.ch\/de\/about-us\/","title":{"rendered":"\u00dcber uns"},"content":{"rendered":"<p><\/p>\n<section class=\"fluidMasonry hasMargin layout_multi isotope\">\n<div id=\"post-309\" class=\"post-309 post type-post status-publish format-standard hentry category-posts\">\n<article id=\"externalheightforabout\" class=\"Posts col-md-3 bucketCoulumn bucket imagePost isotope-item\">\n<div class=\"contentText\">\n<h3>UNSERE MISSION<\/h3>\n<p>Sie sind sch\u00f6n &#8211; zeigen Sie es. Unsere Behandlungen werden mit den neuesten wissenschaftlichen und nicht-invasiven Methoden konzipiert, um Ihre nat\u00fcrliche Sch\u00f6nheit zum Gl\u00e4nzen zu bringen.<br \/>\n<a href=\"?page_id=241\"><span class=\"postType\">MEHR LESEN<\/span><\/a><\/p>\n<\/div>\n<\/article>\n<\/div>\n<div id=\"post-309\" class=\"post-309 post type-post status-publish format-standard hentry category-posts\">\n<article id=\"externalheightforabout\" class=\"Posts col-md-3 bucketCoulumn bucket imagePost isotope-item\">\n<div class=\"contentText\">\n<h3>UNSER TEAM<\/h3>\n<p>Unser Team von sehr erfahrenen Therapeuten freut sich darauf, Sie mit individueller Beratung und Behandlung dabei zu unterst\u00fctzen, Ihr gew\u00fcnschtes Aussehen zu erreichen.<br \/>\n<a href=\"?page_id=4\"><span class=\"postType\">MEHR LESEN<\/span><\/a><\/p>\n<\/div>\n<\/article>\n<\/div>\n<div id=\"post-309\" class=\"post-309 post type-post status-publish format-standard hentry category-posts\">\n<article id=\"externalheightforabout\" class=\"Posts col-md-3 bucketCoulumn bucket imagePost isotope-item\">\n<div class=\"contentText\">\n<h3>KONTAKT<\/h3>\n<p>M\u00f6chten Sie uns etwas mitteilen? Kontaktieren Sie uns.<\/p>\n<p><a href=\"?page_id=6\"><span class=\"postType\">MEHR LESEN<\/span><\/a><\/p>\n<\/div>\n<\/article>\n<\/div>\n<div id=\"post-309\" class=\"post-309 post type-post status-publish format-standard hentry category-posts\"><\/div>\n<\/section>\n<p><\/p>","protected":false},"excerpt":{"rendered":"<p>UNSERE MISSION Sie sind sch\u00f6n &#8211; zeigen Sie es. Unsere Behandlungen werden mit den neuesten wissenschaftlichen und nicht-invasiven Methoden konzipiert, um Ihre nat\u00fcrliche Sch\u00f6nheit zum&#8230;<\/p>\n","protected":false},"author":2,"featured_media":0,"parent":0,"menu_order":0,"comment_status":"open","ping_status":"open","template":"","meta":{"_mi_skip_tracking":false},"yoast_head":"<!-- This site is optimized with the Yoast SEO plugin v19.10 - https:\/\/yoast.com\/wordpress\/plugins\/seo\/ -->\n<title>About Us | Aesthe<\/title>\n<meta name=\"description\" content=\"We are a small intimate beauty salon offering non-surgical, non-invasive beauty treatments to enhance your natural assets.\" \/>\n<meta name=\"robots\" content=\"index, follow, max-snippet:-1, max-image-preview:large, max-video-preview:-1\" \/>\n<link rel=\"canonical\" href=\"https:\/\/aesthe.ch\/about-us\/\" \/>\n<meta property=\"og:locale\" content=\"de_DE\" \/>\n<meta property=\"og:type\" content=\"article\" \/>\n<meta property=\"og:title\" content=\"About Us | Aesthe\" \/>\n<meta property=\"og:description\" content=\"We are a small intimate beauty salon offering non-surgical, non-invasive beauty treatments to enhance your natural assets.\" \/>\n<meta property=\"og:url\" content=\"https:\/\/aesthe.ch\/about-us\/\" \/>\n<meta property=\"og:site_name\" content=\"Aesthe\" \/>\n<meta property=\"article:publisher\" content=\"https:\/\/www.facebook.com\/pages\/Aesthech\/233269250128188?ref=ts&amp;amp%3bamp%3bamp%3bfref=ts\" \/>\n<meta property=\"article:modified_time\" content=\"2016-05-09T11:23:28+00:00\" \/>\n<meta name=\"twitter:label1\" content=\"Gesch\u00e4tzte Lesezeit\" \/>\n\t<meta name=\"twitter:data1\" content=\"1\u00a0Minute\" \/>\n<script type=\"application\/ld+json\" class=\"yoast-schema-graph\">{\"@context\":\"https:\/\/schema.org\",\"@graph\":[{\"@type\":\"WebPage\",\"@id\":\"https:\/\/aesthe.ch\/about-us\/\",\"url\":\"https:\/\/aesthe.ch\/about-us\/\",\"name\":\"About Us | Aesthe\",\"isPartOf\":{\"@id\":\"https:\/\/aesthe.ch\/de\/#website\"},\"datePublished\":\"2014-02-25T07:03:04+00:00\",\"dateModified\":\"2016-05-09T11:23:28+00:00\",\"description\":\"We are a small intimate beauty salon offering non-surgical, non-invasive beauty treatments to enhance your natural assets.\",\"breadcrumb\":{\"@id\":\"https:\/\/aesthe.ch\/about-us\/#breadcrumb\"},\"inLanguage\":\"de\",\"potentialAction\":[{\"@type\":\"ReadAction\",\"target\":[\"https:\/\/aesthe.ch\/about-us\/\"]}]},{\"@type\":\"BreadcrumbList\",\"@id\":\"https:\/\/aesthe.ch\/about-us\/#breadcrumb\",\"itemListElement\":[{\"@type\":\"ListItem\",\"position\":1,\"name\":\"Startseite\",\"item\":\"https:\/\/aesthe.ch\/de\/\"},{\"@type\":\"ListItem\",\"position\":2,\"name\":\"About Us\"}]},{\"@type\":\"WebSite\",\"@id\":\"https:\/\/aesthe.ch\/de\/#website\",\"url\":\"https:\/\/aesthe.ch\/de\/\",\"name\":\"Aesthe\",\"description\":\"\",\"potentialAction\":[{\"@type\":\"SearchAction\",\"target\":{\"@type\":\"EntryPoint\",\"urlTemplate\":\"https:\/\/aesthe.ch\/de\/?s={search_term_string}\"},\"query-input\":\"required name=search_term_string\"}],\"inLanguage\":\"de\"}]}<\/script>\n<!-- \/ Yoast SEO plugin. -->","yoast_head_json":{"title":"About Us | Aesthe","description":"We are a small intimate beauty salon offering non-surgical, non-invasive beauty treatments to enhance your natural assets.","robots":{"index":"index","follow":"follow","max-snippet":"max-snippet:-1","max-image-preview":"max-image-preview:large","max-video-preview":"max-video-preview:-1"},"canonical":"https:\/\/aesthe.ch\/about-us\/","og_locale":"de_DE","og_type":"article","og_title":"About Us | Aesthe","og_description":"We are a small intimate beauty salon offering non-surgical, non-invasive beauty treatments to enhance your natural assets.","og_url":"https:\/\/aesthe.ch\/about-us\/","og_site_name":"Aesthe","article_publisher":"https:\/\/www.facebook.com\/pages\/Aesthech\/233269250128188?ref=ts&amp%3bamp%3bamp%3bfref=ts","article_modified_time":"2016-05-09T11:23:28+00:00","twitter_misc":{"Gesch\u00e4tzte Lesezeit":"1\u00a0Minute"},"schema":{"@context":"https:\/\/schema.org","@graph":[{"@type":"WebPage","@id":"https:\/\/aesthe.ch\/about-us\/","url":"https:\/\/aesthe.ch\/about-us\/","name":"About Us | Aesthe","isPartOf":{"@id":"https:\/\/aesthe.ch\/de\/#website"},"datePublished":"2014-02-25T07:03:04+00:00","dateModified":"2016-05-09T11:23:28+00:00","description":"We are a small intimate beauty salon offering non-surgical, non-invasive beauty treatments to enhance your natural assets.","breadcrumb":{"@id":"https:\/\/aesthe.ch\/about-us\/#breadcrumb"},"inLanguage":"de","potentialAction":[{"@type":"ReadAction","target":["https:\/\/aesthe.ch\/about-us\/"]}]},{"@type":"BreadcrumbList","@id":"https:\/\/aesthe.ch\/about-us\/#breadcrumb","itemListElement":[{"@type":"ListItem","position":1,"name":"Startseite","item":"https:\/\/aesthe.ch\/de\/"},{"@type":"ListItem","position":2,"name":"About Us"}]},{"@type":"WebSite","@id":"https:\/\/aesthe.ch\/de\/#website","url":"https:\/\/aesthe.ch\/de\/","name":"Aesthe","description":"","potentialAction":[{"@type":"SearchAction","target":{"@type":"EntryPoint","urlTemplate":"https:\/\/aesthe.ch\/de\/?s={search_term_string}"},"query-input":"required name=search_term_string"}],"inLanguage":"de"}]}},"_links":{"self":[{"href":"https:\/\/aesthe.ch\/de\/wp-json\/wp\/v2\/pages\/239"}],"collection":[{"href":"https:\/\/aesthe.ch\/de\/wp-json\/wp\/v2\/pages"}],"about":[{"href":"https:\/\/aesthe.ch\/de\/wp-json\/wp\/v2\/types\/page"}],"author":[{"embeddable":true,"href":"https:\/\/aesthe.ch\/de\/wp-json\/wp\/v2\/users\/2"}],"replies":[{"embeddable":true,"href":"https:\/\/aesthe.ch\/de\/wp-json\/wp\/v2\/comments?post=239"}],"version-history":[{"count":42,"href":"https:\/\/aesthe.ch\/de\/wp-json\/wp\/v2\/pages\/239\/revisions"}],"predecessor-version":[{"id":2223,"href":"https:\/\/aesthe.ch\/de\/wp-json\/wp\/v2\/pages\/239\/revisions\/2223"}],"wp:attachment":[{"href":"https:\/\/aesthe.ch\/de\/wp-json\/wp\/v2\/media?parent=239"}],"curies":[{"name":"wp","href":"https:\/\/api.w.org\/{rel}","templated":true}]}}