{"id":2097,"date":"2016-04-27T12:18:25","date_gmt":"2016-04-27T10:18:25","guid":{"rendered":"https:\/\/aesthe.ch\/?page_id=2097"},"modified":"2018-12-12T03:19:10","modified_gmt":"2018-12-12T01:19:10","slug":"manicure-pedicure","status":"publish","type":"page","link":"https:\/\/aesthe.ch\/de\/treatments\/manicure-pedicure\/","title":{"rendered":"Aesthe Manik\u00fcre und Pedik\u00fcre"},"content":{"rendered":"<p><\/p>\n<div class=\"image-content\">\n<p><img decoding=\"async\" loading=\"lazy\" class=\"alignright wp-image-2098\" title=\"Aesthe Manicure &amp; Pedicure \" src=\"https:\/\/aesthe.ch\/wp-content\/uploads\/2016\/04\/istock-nails-1024x740.jpg\" width=\"600\" height=\"434\" srcset=\"https:\/\/aesthe.ch\/wp-content\/uploads\/2016\/04\/istock-nails-1024x740.jpg 1024w, https:\/\/aesthe.ch\/wp-content\/uploads\/2016\/04\/istock-nails-300x217.jpg 300w, https:\/\/aesthe.ch\/wp-content\/uploads\/2016\/04\/istock-nails-768x555.jpg 768w, https:\/\/aesthe.ch\/wp-content\/uploads\/2016\/04\/istock-nails-553x400.jpg 553w, https:\/\/aesthe.ch\/wp-content\/uploads\/2016\/04\/istock-nails-166x120.jpg 166w, https:\/\/aesthe.ch\/wp-content\/uploads\/2016\/04\/istock-nails-120x87.jpg 120w\" sizes=\"(max-width: 600px) 100vw, 600px\" \/><\/p>\n<\/div>\n<p><strong>Warum<\/strong><\/p>\n<ul>\n<li>Gepflegte H\u00e4nde und F\u00fcsse sind ein Ausdruck von Vollkommenheit.<\/li>\n<li>Professionelle Manik\u00fcre und Pedik\u00fcre machen den Unterschied<\/li>\n<li>F\u00fcr dauerhafte Perfektion ohne t\u00e4gliche Sorgen<\/li>\n<\/ul>\n<p><strong>Wie<\/strong><\/p>\n<ul>\n<li>Wir\u00a0benutzen nur Produkte bester Qualit\u00e4t<\/li>\n<li>Shellack ist ein Nagellack, welcher auf Ihren Naturnagel aufgetragen und geh\u00e4rtet wird \u2013 der Unterschied zwischen Shellack und normalem Nagellack ist, dass Shellack viel h\u00e4rter und widerstandsf\u00e4higer ist. Verglichen mit Acryln\u00e4gel, besch\u00e4digt Shellack den Naturnagel nicht.<\/li>\n<li>Shellack\u00a0Manik\u00fcre und Pedik\u00fcre ist dauerhafter<\/li>\n<li>Aesthe\u00a0hat f\u00fcr Dich\u00a0die popul\u00e4rsten Farben von 2018 ausgew\u00e4hlt<\/li>\n<li>Du kannst sich zwischen einer Nude &#8211; (ohne Lack) oder Shellack-Behandlung\u00a0entscheiden.<\/li>\n<\/ul>\n<p><strong>Nach der Behandlung\u00a0<\/strong><\/p>\n<p>Nach der Behandlung sind Sie bereit um Ihre neuen N\u00e4gel zu pr\u00e4sentieren. Der Shellack wird unter einer UV Lampe ausgeh\u00e4rtet. Das verleiht ein nat\u00fcrliches Aussehen und sichert dauerhafte perfekte N\u00e4gel ohne Sorgen.<\/p>\n<p>Bei jeder Behandlung bekommen Sie ein Glas\u00a0Prosecco, um Ihnen die Zeit bei uns noch angenehmer zu machen.<\/p>\n<p>Nach\u00a010 Behandlungen geht die 11.te Behandlung auf uns.<\/p>\n<p><strong><strong>DAS kleine EXTRA f\u00fcr Dich<\/strong><\/strong><\/p>\n<p class=\"p1\"><span class=\"s1\">Mit jede<\/span><span class=\"s2\">r<\/span><span class=\"s1\"> Behandlung bekommen Sie ein Glas\u00a0Prosecco, <\/span><span class=\"s3\">um Ihre<\/span><span class=\"s1\"> Zeit zu geniessen.<\/span><\/p>\n<p class=\"p2\"><span class=\"s4\">Nach\u00a010 Behandlungen, <\/span><span class=\"s1\">geht die\u00a011-te auf uns.<\/span><\/p>\n<p class=\"font_7\">\n<p><\/p>","protected":false},"excerpt":{"rendered":"<p>Warum Gepflegte H\u00e4nde und F\u00fcsse sind ein Ausdruck von Vollkommenheit. Professionelle Manik\u00fcre und Pedik\u00fcre machen den Unterschied F\u00fcr dauerhafte Perfektion ohne t\u00e4gliche Sorgen Wie Wir\u00a0benutzen&#8230;<\/p>\n","protected":false},"author":2,"featured_media":0,"parent":75,"menu_order":0,"comment_status":"closed","ping_status":"closed","template":"","meta":{"_mi_skip_tracking":false},"yoast_head":"<!-- This site is optimized with the Yoast SEO plugin v19.10 - https:\/\/yoast.com\/wordpress\/plugins\/seo\/ -->\n<title>Manicure and Pedicure | Aesthe<\/title>\n<meta name=\"description\" content=\"Professional manicure and pedicure, Well groomed hands and feet are reflections of perfection.\" \/>\n<meta name=\"robots\" content=\"index, follow, max-snippet:-1, max-image-preview:large, max-video-preview:-1\" \/>\n<link rel=\"canonical\" href=\"https:\/\/aesthe.ch\/treatments\/manicure-pedicure\/\" \/>\n<meta property=\"og:locale\" content=\"de_DE\" \/>\n<meta property=\"og:type\" content=\"article\" \/>\n<meta property=\"og:title\" content=\"Manicure and Pedicure | Aesthe\" \/>\n<meta property=\"og:description\" content=\"Professional manicure and pedicure, Well groomed hands and feet are reflections of perfection.\" \/>\n<meta property=\"og:url\" content=\"https:\/\/aesthe.ch\/treatments\/manicure-pedicure\/\" \/>\n<meta property=\"og:site_name\" content=\"Aesthe\" \/>\n<meta property=\"article:publisher\" content=\"https:\/\/www.facebook.com\/pages\/Aesthech\/233269250128188?ref=ts&amp;amp%3bamp%3bamp%3bfref=ts\" \/>\n<meta property=\"article:modified_time\" content=\"2018-12-12T01:19:10+00:00\" \/>\n<meta property=\"og:image\" content=\"https:\/\/aesthe.ch\/wp-content\/uploads\/2016\/04\/istock-nails-1024x740.jpg\" \/>\n<meta name=\"twitter:label1\" content=\"Gesch\u00e4tzte Lesezeit\" \/>\n\t<meta name=\"twitter:data1\" content=\"2\u00a0Minuten\" \/>\n<script type=\"application\/ld+json\" class=\"yoast-schema-graph\">{\"@context\":\"https:\/\/schema.org\",\"@graph\":[{\"@type\":\"WebPage\",\"@id\":\"https:\/\/aesthe.ch\/treatments\/manicure-pedicure\/\",\"url\":\"https:\/\/aesthe.ch\/treatments\/manicure-pedicure\/\",\"name\":\"Manicure and Pedicure | Aesthe\",\"isPartOf\":{\"@id\":\"https:\/\/aesthe.ch\/de\/#website\"},\"datePublished\":\"2016-04-27T10:18:25+00:00\",\"dateModified\":\"2018-12-12T01:19:10+00:00\",\"description\":\"Professional manicure and pedicure, Well groomed hands and feet are reflections of perfection.\",\"breadcrumb\":{\"@id\":\"https:\/\/aesthe.ch\/treatments\/manicure-pedicure\/#breadcrumb\"},\"inLanguage\":\"de\",\"potentialAction\":[{\"@type\":\"ReadAction\",\"target\":[\"https:\/\/aesthe.ch\/treatments\/manicure-pedicure\/\"]}]},{\"@type\":\"BreadcrumbList\",\"@id\":\"https:\/\/aesthe.ch\/treatments\/manicure-pedicure\/#breadcrumb\",\"itemListElement\":[{\"@type\":\"ListItem\",\"position\":1,\"name\":\"Startseite\",\"item\":\"https:\/\/aesthe.ch\/de\/\"},{\"@type\":\"ListItem\",\"position\":2,\"name\":\"BEHANDLUNGEN\",\"item\":\"https:\/\/aesthe.ch\/de\/treatments\/\"},{\"@type\":\"ListItem\",\"position\":3,\"name\":\"Aesthe Manicure &#038; Pedicure\"}]},{\"@type\":\"WebSite\",\"@id\":\"https:\/\/aesthe.ch\/de\/#website\",\"url\":\"https:\/\/aesthe.ch\/de\/\",\"name\":\"Aesthe\",\"description\":\"\",\"potentialAction\":[{\"@type\":\"SearchAction\",\"target\":{\"@type\":\"EntryPoint\",\"urlTemplate\":\"https:\/\/aesthe.ch\/de\/?s={search_term_string}\"},\"query-input\":\"required name=search_term_string\"}],\"inLanguage\":\"de\"}]}<\/script>\n<!-- \/ Yoast SEO plugin. -->","yoast_head_json":{"title":"Manicure and Pedicure | Aesthe","description":"Professional manicure and pedicure, Well groomed hands and feet are reflections of perfection.","robots":{"index":"index","follow":"follow","max-snippet":"max-snippet:-1","max-image-preview":"max-image-preview:large","max-video-preview":"max-video-preview:-1"},"canonical":"https:\/\/aesthe.ch\/treatments\/manicure-pedicure\/","og_locale":"de_DE","og_type":"article","og_title":"Manicure and Pedicure | Aesthe","og_description":"Professional manicure and pedicure, Well groomed hands and feet are reflections of perfection.","og_url":"https:\/\/aesthe.ch\/treatments\/manicure-pedicure\/","og_site_name":"Aesthe","article_publisher":"https:\/\/www.facebook.com\/pages\/Aesthech\/233269250128188?ref=ts&amp%3bamp%3bamp%3bfref=ts","article_modified_time":"2018-12-12T01:19:10+00:00","og_image":[{"url":"https:\/\/aesthe.ch\/wp-content\/uploads\/2016\/04\/istock-nails-1024x740.jpg"}],"twitter_misc":{"Gesch\u00e4tzte Lesezeit":"2\u00a0Minuten"},"schema":{"@context":"https:\/\/schema.org","@graph":[{"@type":"WebPage","@id":"https:\/\/aesthe.ch\/treatments\/manicure-pedicure\/","url":"https:\/\/aesthe.ch\/treatments\/manicure-pedicure\/","name":"Manicure and Pedicure | Aesthe","isPartOf":{"@id":"https:\/\/aesthe.ch\/de\/#website"},"datePublished":"2016-04-27T10:18:25+00:00","dateModified":"2018-12-12T01:19:10+00:00","description":"Professional manicure and pedicure, Well groomed hands and feet are reflections of perfection.","breadcrumb":{"@id":"https:\/\/aesthe.ch\/treatments\/manicure-pedicure\/#breadcrumb"},"inLanguage":"de","potentialAction":[{"@type":"ReadAction","target":["https:\/\/aesthe.ch\/treatments\/manicure-pedicure\/"]}]},{"@type":"BreadcrumbList","@id":"https:\/\/aesthe.ch\/treatments\/manicure-pedicure\/#breadcrumb","itemListElement":[{"@type":"ListItem","position":1,"name":"Startseite","item":"https:\/\/aesthe.ch\/de\/"},{"@type":"ListItem","position":2,"name":"BEHANDLUNGEN","item":"https:\/\/aesthe.ch\/de\/treatments\/"},{"@type":"ListItem","position":3,"name":"Aesthe Manicure &#038; Pedicure"}]},{"@type":"WebSite","@id":"https:\/\/aesthe.ch\/de\/#website","url":"https:\/\/aesthe.ch\/de\/","name":"Aesthe","description":"","potentialAction":[{"@type":"SearchAction","target":{"@type":"EntryPoint","urlTemplate":"https:\/\/aesthe.ch\/de\/?s={search_term_string}"},"query-input":"required name=search_term_string"}],"inLanguage":"de"}]}},"_links":{"self":[{"href":"https:\/\/aesthe.ch\/de\/wp-json\/wp\/v2\/pages\/2097"}],"collection":[{"href":"https:\/\/aesthe.ch\/de\/wp-json\/wp\/v2\/pages"}],"about":[{"href":"https:\/\/aesthe.ch\/de\/wp-json\/wp\/v2\/types\/page"}],"author":[{"embeddable":true,"href":"https:\/\/aesthe.ch\/de\/wp-json\/wp\/v2\/users\/2"}],"replies":[{"embeddable":true,"href":"https:\/\/aesthe.ch\/de\/wp-json\/wp\/v2\/comments?post=2097"}],"version-history":[{"count":21,"href":"https:\/\/aesthe.ch\/de\/wp-json\/wp\/v2\/pages\/2097\/revisions"}],"predecessor-version":[{"id":3291,"href":"https:\/\/aesthe.ch\/de\/wp-json\/wp\/v2\/pages\/2097\/revisions\/3291"}],"up":[{"embeddable":true,"href":"https:\/\/aesthe.ch\/de\/wp-json\/wp\/v2\/pages\/75"}],"wp:attachment":[{"href":"https:\/\/aesthe.ch\/de\/wp-json\/wp\/v2\/media?parent=2097"}],"curies":[{"name":"wp","href":"https:\/\/api.w.org\/{rel}","templated":true}]}}