{"id":2054,"date":"2016-04-11T17:48:00","date_gmt":"2016-04-11T15:48:00","guid":{"rendered":"https:\/\/aesthe.ch\/?page_id=2054"},"modified":"2016-05-10T19:21:00","modified_gmt":"2016-05-10T17:21:00","slug":"eyelash-extensions","status":"publish","type":"page","link":"https:\/\/aesthe.ch\/de\/treatments\/eyelash-extensions\/","title":{"rendered":"Wimpernverl\u00e4ngerung mit Einzelhaarwimpern"},"content":{"rendered":"<p><\/p>\n<div class=\"image-content\"><img decoding=\"async\" loading=\"lazy\" class=\"alignright wp-image-2061\" src=\"https:\/\/aesthe.ch\/wp-content\/uploads\/2016\/04\/iStock_000038237040_Large-1-300x240.jpg\" alt=\"Woman eye with long eyelashes. Eyelash extension\" width=\"600\" height=\"480\" srcset=\"https:\/\/aesthe.ch\/wp-content\/uploads\/2016\/04\/iStock_000038237040_Large-1-300x240.jpg 300w, https:\/\/aesthe.ch\/wp-content\/uploads\/2016\/04\/iStock_000038237040_Large-1-768x614.jpg 768w, https:\/\/aesthe.ch\/wp-content\/uploads\/2016\/04\/iStock_000038237040_Large-1-1024x819.jpg 1024w, https:\/\/aesthe.ch\/wp-content\/uploads\/2016\/04\/iStock_000038237040_Large-1-500x400.jpg 500w, https:\/\/aesthe.ch\/wp-content\/uploads\/2016\/04\/iStock_000038237040_Large-1-150x120.jpg 150w, https:\/\/aesthe.ch\/wp-content\/uploads\/2016\/04\/iStock_000038237040_Large-1-120x96.jpg 120w\" sizes=\"(max-width: 600px) 100vw, 600px\" \/><\/div>\n<p><strong>Warum<\/strong><\/p>\n<ul>\n<li><span lang=\"DE-CH\">Wimpernverl\u00e4ngerung\u00a0unterstreicht Ihre nat\u00fcrlichen Vorz\u00fcge und spart Ihre Zeit<\/span><\/li>\n<li>Gute Gef\u00fchl, rund um die Uhr gepflegt auszusehen und die ganze Sommer geniessen mit immer perfekt Wimpern!<\/li>\n<li>Fur eine zeitlos Sch\u00f6nheit die keine Zeit braucht<\/li>\n<li>Besonders gesch\u00e4tzt bei die\n<ul>\n<li><span lang=\"DE-CH\">Die Wert auf ein gepflegtes Aussehen legen<\/span><\/li>\n<li><span lang=\"DE-CH\">Die Zeit sparen wollen<\/span><\/li>\n<\/ul>\n<\/li>\n<\/ul>\n<p><strong>Wie<\/strong><\/p>\n<ul>\n<li>Wir verwenden die 1 zu 1 Technik welche zu perfekten und langanhaltendend und nat\u00fcrlichen Ergebnissen f\u00fchrt \u2013 Auf jedes Deiner\u00a0Wimpernhaare wird verdoppelt<\/li>\n<li>Unsere qualitativ hochwertigen Extensions und Leim garantieren beste Resultate<\/li>\n<\/ul>\n<p><strong>Nach der Behandlung<\/strong><\/p>\n<p>Nach der Behandlung bist Du bereit f\u00fcr den Tag. In den ersten 24 Stunden solltest Du intensiven Kontakt mit Wasser und Schwei\u00df vermeiden. Der Leim braucht 24 Stunden um vollst\u00e4ndig zu trocknen. Alle 2-4 Wochen solltest Du wieder zum Auff\u00fcllen vorbeikommen.<\/p>\n<p class=\"font_7\"><strong>DAS kleine EXTRA f\u00fcr Dich<\/strong><\/p>\n<p class=\"font_7\">Wimpernb\u00fcrstchen &amp; Augenpflegepads w\u00e4hrend Behandlung\u00a0inklusive.<\/p>\n<p><span lang=\"DE-CH\">\u00a0<\/span><\/p>","protected":false},"excerpt":{"rendered":"<p>Warum Wimpernverl\u00e4ngerung\u00a0unterstreicht Ihre nat\u00fcrlichen Vorz\u00fcge und spart Ihre Zeit Gute Gef\u00fchl, rund um die Uhr gepflegt auszusehen und die ganze Sommer geniessen mit immer perfekt&#8230;<\/p>\n","protected":false},"author":2,"featured_media":2055,"parent":75,"menu_order":0,"comment_status":"closed","ping_status":"closed","template":"","meta":{"_mi_skip_tracking":false},"yoast_head":"<!-- This site is optimized with the Yoast SEO plugin v19.10 - https:\/\/yoast.com\/wordpress\/plugins\/seo\/ -->\n<title>Eyelash Extensions | Aesthe<\/title>\n<meta name=\"description\" content=\"Eyelash extensions emphasise your natural beauty and spares your time. Fully natural look!\" \/>\n<meta name=\"robots\" content=\"index, follow, max-snippet:-1, max-image-preview:large, max-video-preview:-1\" \/>\n<link rel=\"canonical\" href=\"https:\/\/aesthe.ch\/treatments\/eyelash-extensions\/\" \/>\n<meta property=\"og:locale\" content=\"de_DE\" \/>\n<meta property=\"og:type\" content=\"article\" \/>\n<meta property=\"og:title\" content=\"Eyelash Extensions | Aesthe\" \/>\n<meta property=\"og:description\" content=\"Eyelash extensions emphasise your natural beauty and spares your time. Fully natural look!\" \/>\n<meta property=\"og:url\" content=\"https:\/\/aesthe.ch\/treatments\/eyelash-extensions\/\" \/>\n<meta property=\"og:site_name\" content=\"Aesthe\" \/>\n<meta property=\"article:publisher\" content=\"https:\/\/www.facebook.com\/pages\/Aesthech\/233269250128188?ref=ts&amp;amp%3bamp%3bamp%3bfref=ts\" \/>\n<meta property=\"article:modified_time\" content=\"2016-05-10T17:21:00+00:00\" \/>\n<meta property=\"og:image\" content=\"https:\/\/aesthe.ch\/wp-content\/uploads\/2016\/04\/iStock_000038237040_Large-1024x819.jpg\" \/>\n\t<meta property=\"og:image:width\" content=\"1024\" \/>\n\t<meta property=\"og:image:height\" content=\"819\" \/>\n\t<meta property=\"og:image:type\" content=\"image\/jpeg\" \/>\n<meta name=\"twitter:label1\" content=\"Gesch\u00e4tzte Lesezeit\" \/>\n\t<meta name=\"twitter:data1\" content=\"2\u00a0Minuten\" \/>\n<script type=\"application\/ld+json\" class=\"yoast-schema-graph\">{\"@context\":\"https:\/\/schema.org\",\"@graph\":[{\"@type\":\"WebPage\",\"@id\":\"https:\/\/aesthe.ch\/treatments\/eyelash-extensions\/\",\"url\":\"https:\/\/aesthe.ch\/treatments\/eyelash-extensions\/\",\"name\":\"Eyelash Extensions | Aesthe\",\"isPartOf\":{\"@id\":\"https:\/\/aesthe.ch\/de\/#website\"},\"datePublished\":\"2016-04-11T15:48:00+00:00\",\"dateModified\":\"2016-05-10T17:21:00+00:00\",\"description\":\"Eyelash extensions emphasise your natural beauty and spares your time. Fully natural look!\",\"breadcrumb\":{\"@id\":\"https:\/\/aesthe.ch\/treatments\/eyelash-extensions\/#breadcrumb\"},\"inLanguage\":\"de\",\"potentialAction\":[{\"@type\":\"ReadAction\",\"target\":[\"https:\/\/aesthe.ch\/treatments\/eyelash-extensions\/\"]}]},{\"@type\":\"BreadcrumbList\",\"@id\":\"https:\/\/aesthe.ch\/treatments\/eyelash-extensions\/#breadcrumb\",\"itemListElement\":[{\"@type\":\"ListItem\",\"position\":1,\"name\":\"Startseite\",\"item\":\"https:\/\/aesthe.ch\/de\/\"},{\"@type\":\"ListItem\",\"position\":2,\"name\":\"BEHANDLUNGEN\",\"item\":\"https:\/\/aesthe.ch\/de\/treatments\/\"},{\"@type\":\"ListItem\",\"position\":3,\"name\":\"Eyelash extensions\"}]},{\"@type\":\"WebSite\",\"@id\":\"https:\/\/aesthe.ch\/de\/#website\",\"url\":\"https:\/\/aesthe.ch\/de\/\",\"name\":\"Aesthe\",\"description\":\"\",\"potentialAction\":[{\"@type\":\"SearchAction\",\"target\":{\"@type\":\"EntryPoint\",\"urlTemplate\":\"https:\/\/aesthe.ch\/de\/?s={search_term_string}\"},\"query-input\":\"required name=search_term_string\"}],\"inLanguage\":\"de\"}]}<\/script>\n<!-- \/ Yoast SEO plugin. -->","yoast_head_json":{"title":"Eyelash Extensions | Aesthe","description":"Eyelash extensions emphasise your natural beauty and spares your time. Fully natural look!","robots":{"index":"index","follow":"follow","max-snippet":"max-snippet:-1","max-image-preview":"max-image-preview:large","max-video-preview":"max-video-preview:-1"},"canonical":"https:\/\/aesthe.ch\/treatments\/eyelash-extensions\/","og_locale":"de_DE","og_type":"article","og_title":"Eyelash Extensions | Aesthe","og_description":"Eyelash extensions emphasise your natural beauty and spares your time. Fully natural look!","og_url":"https:\/\/aesthe.ch\/treatments\/eyelash-extensions\/","og_site_name":"Aesthe","article_publisher":"https:\/\/www.facebook.com\/pages\/Aesthech\/233269250128188?ref=ts&amp%3bamp%3bamp%3bfref=ts","article_modified_time":"2016-05-10T17:21:00+00:00","og_image":[{"width":1024,"height":819,"url":"https:\/\/aesthe.ch\/wp-content\/uploads\/2016\/04\/iStock_000038237040_Large-1024x819.jpg","type":"image\/jpeg"}],"twitter_misc":{"Gesch\u00e4tzte Lesezeit":"2\u00a0Minuten"},"schema":{"@context":"https:\/\/schema.org","@graph":[{"@type":"WebPage","@id":"https:\/\/aesthe.ch\/treatments\/eyelash-extensions\/","url":"https:\/\/aesthe.ch\/treatments\/eyelash-extensions\/","name":"Eyelash Extensions | Aesthe","isPartOf":{"@id":"https:\/\/aesthe.ch\/de\/#website"},"datePublished":"2016-04-11T15:48:00+00:00","dateModified":"2016-05-10T17:21:00+00:00","description":"Eyelash extensions emphasise your natural beauty and spares your time. Fully natural look!","breadcrumb":{"@id":"https:\/\/aesthe.ch\/treatments\/eyelash-extensions\/#breadcrumb"},"inLanguage":"de","potentialAction":[{"@type":"ReadAction","target":["https:\/\/aesthe.ch\/treatments\/eyelash-extensions\/"]}]},{"@type":"BreadcrumbList","@id":"https:\/\/aesthe.ch\/treatments\/eyelash-extensions\/#breadcrumb","itemListElement":[{"@type":"ListItem","position":1,"name":"Startseite","item":"https:\/\/aesthe.ch\/de\/"},{"@type":"ListItem","position":2,"name":"BEHANDLUNGEN","item":"https:\/\/aesthe.ch\/de\/treatments\/"},{"@type":"ListItem","position":3,"name":"Eyelash extensions"}]},{"@type":"WebSite","@id":"https:\/\/aesthe.ch\/de\/#website","url":"https:\/\/aesthe.ch\/de\/","name":"Aesthe","description":"","potentialAction":[{"@type":"SearchAction","target":{"@type":"EntryPoint","urlTemplate":"https:\/\/aesthe.ch\/de\/?s={search_term_string}"},"query-input":"required name=search_term_string"}],"inLanguage":"de"}]}},"_links":{"self":[{"href":"https:\/\/aesthe.ch\/de\/wp-json\/wp\/v2\/pages\/2054"}],"collection":[{"href":"https:\/\/aesthe.ch\/de\/wp-json\/wp\/v2\/pages"}],"about":[{"href":"https:\/\/aesthe.ch\/de\/wp-json\/wp\/v2\/types\/page"}],"author":[{"embeddable":true,"href":"https:\/\/aesthe.ch\/de\/wp-json\/wp\/v2\/users\/2"}],"replies":[{"embeddable":true,"href":"https:\/\/aesthe.ch\/de\/wp-json\/wp\/v2\/comments?post=2054"}],"version-history":[{"count":28,"href":"https:\/\/aesthe.ch\/de\/wp-json\/wp\/v2\/pages\/2054\/revisions"}],"predecessor-version":[{"id":2276,"href":"https:\/\/aesthe.ch\/de\/wp-json\/wp\/v2\/pages\/2054\/revisions\/2276"}],"up":[{"embeddable":true,"href":"https:\/\/aesthe.ch\/de\/wp-json\/wp\/v2\/pages\/75"}],"wp:featuredmedia":[{"embeddable":true,"href":"https:\/\/aesthe.ch\/de\/wp-json\/wp\/v2\/media\/2055"}],"wp:attachment":[{"href":"https:\/\/aesthe.ch\/de\/wp-json\/wp\/v2\/media?parent=2054"}],"curies":[{"name":"wp","href":"https:\/\/api.w.org\/{rel}","templated":true}]}}