{"id":124,"date":"2014-02-24T07:21:49","date_gmt":"2014-02-24T05:21:49","guid":{"rendered":"https:\/\/aesthe.ch\/?page_id=124"},"modified":"2016-07-08T20:32:59","modified_gmt":"2016-07-08T18:32:59","slug":"anti-cellulite","status":"publish","type":"page","link":"https:\/\/aesthe.ch\/de\/treatments\/body-treatments\/anti-cellulite\/","title":{"rendered":"ANTI CELLULITE BEHANDLUNG"},"content":{"rendered":"<p><\/p>\n<h1 style=\"text-align: center;\"><img decoding=\"async\" loading=\"lazy\" class=\"alignnone wp-image-2595 size-full\" style=\"float: right;\" src=\"https:\/\/aesthe.ch\/wp-content\/uploads\/2014\/02\/anticellulite.png\" width=\"827\" height=\"1125\" srcset=\"https:\/\/aesthe.ch\/wp-content\/uploads\/2014\/02\/anticellulite.png 827w, https:\/\/aesthe.ch\/wp-content\/uploads\/2014\/02\/anticellulite-221x300.png 221w, https:\/\/aesthe.ch\/wp-content\/uploads\/2014\/02\/anticellulite-768x1045.png 768w, https:\/\/aesthe.ch\/wp-content\/uploads\/2014\/02\/anticellulite-753x1024.png 753w, https:\/\/aesthe.ch\/wp-content\/uploads\/2014\/02\/anticellulite-294x400.png 294w, https:\/\/aesthe.ch\/wp-content\/uploads\/2014\/02\/anticellulite-88x120.png 88w\" sizes=\"(max-width: 827px) 100vw, 827px\" \/><\/h1>\n<h1 style=\"text-align: center;\"><\/h1>\n<h1 style=\"text-align: center;\"><\/h1>\n<h1 style=\"text-align: center;\"><\/h1>\n<h1 style=\"text-align: center;\">ENDLICH SCHLUSS MIT CELLULITE<\/h1>\n<h1 style=\"text-align: center;\"><strong>SOMMER HAMMER AKTION<\/strong><\/h1>\n<h3 style=\"text-align: center;\">Kauf 2 Behandlungen + Bekomm 1 gratis<\/h3>\n<p style=\"text-align: center;\">500\u00a0CHF statt 750 CHF<\/p>\n<p style=\"text-align: center;\">250 CHF sparen<\/p>\n<p>&nbsp;<\/p>\n<h3 style=\"text-align: center;\">Kauf 5 Behandlungen + Bekommv 2 gratis<\/h3>\n<p style=\"text-align: center;\">1250 CHF statt 1750 CHF<\/p>\n<p style=\"text-align: center;\">500 CHF sparen<\/p>\n<h3 style=\"text-align: center;\">Nimm eine Freundin mit &#8211; Kauf 1 Behandlung + Bekomm 1\u00a0Gratis<\/h3>\n<p style=\"text-align: center;\">250 CHF statt 500 CHF<\/p>\n<p style=\"text-align: center;\"><strong>Warum?<\/strong><\/p>\n<p style=\"text-align: center;\">\u00dcber 90% der Frauen und 10% der M\u00e4nner leiden unter Cellulite.<br \/>\nDie unsch\u00f6ne Orangenhaut ist das visuelle Ergebnis einer ungleichm\u00e4ssigen Verteilung des Fettgewebes unter der Hautoberfl\u00e4che.<\/p>\n<p style=\"text-align: center;\">Cellulite ist keine schwerwiegende Erkrankung, jedoch empfinden es die meisten Menschen als ein kosmetisches Problem unserer Sch\u00f6nheitsideale.<\/p>\n<p style=\"text-align: center;\"><strong>Behandlung Ablauf<\/strong><br \/>\nDiese Behandlung ist eine Kombination von\u00a0Akustische Stosswelle\u00a0Therapie\u00a0(15-20 Min), Lymphatische Drainage (30 Min) und Radiofreqenze Therapie mit straffende Extract\u00a0(15-20 Min). Mehr wissen? <a href=\"https:\/\/aesthe.ch\/die-wissenschaft-dahinter\/\">Schau hier.<\/a><\/p>\n<p style=\"text-align: center;\"><strong>Wo<\/strong><br \/>\nF\u00fcr alle K\u00f6rperzonen mit Cellulite &#8211; f\u00fcr alle Cellulite Stadiums &#8211; I., II. und III.<\/p>\n<p style=\"text-align: center;\"><strong>Ergebnisse<\/strong><br \/>\nSichtbare und dauerhafte Ergebnisse bereits schon nach ersten\u00a0Behandlungen.<\/p>\n<p style=\"text-align: center;\">EINFACH PROBIEREN<\/p>\n<p style=\"text-align: center;\"><strong>Buch das\u00a0Angebot hier<\/strong><\/p>\n<p style=\"text-align: center;\">Je fr\u00fcher, desto besser<\/p>\n<p style=\"text-align: center;\">Sommer ist kurz<\/p>\n<p class=\"angebot-btn\"><a href=\"#\"><span style=\"color: #fff;\">ANGEBOT ONLINE BUCHEN<\/span><\/a><\/p>\n<p><\/p>","protected":false},"excerpt":{"rendered":"<p>ENDLICH SCHLUSS MIT CELLULITE SOMMER HAMMER AKTION Kauf 2 Behandlungen + Bekomm 1 gratis 500\u00a0CHF statt 750 CHF 250 CHF sparen &nbsp; Kauf 5 Behandlungen&#8230;<\/p>\n","protected":false},"author":2,"featured_media":0,"parent":94,"menu_order":0,"comment_status":"open","ping_status":"closed","template":"","meta":{"_mi_skip_tracking":false},"yoast_head":"<!-- This site is optimized with the Yoast SEO plugin v19.10 - https:\/\/yoast.com\/wordpress\/plugins\/seo\/ -->\n<title>Anti Cellulite Treatment | Aesthe<\/title>\n<meta name=\"description\" content=\"The anti cellulite treatment is using the latest scientific methods to give you the perfect, firm skin to enhance the natural beauty of your body.\" \/>\n<meta name=\"robots\" content=\"index, follow, max-snippet:-1, max-image-preview:large, max-video-preview:-1\" \/>\n<link rel=\"canonical\" href=\"https:\/\/aesthe.ch\/treatments\/body-treatments\/anti-cellulite\/\" \/>\n<meta property=\"og:locale\" content=\"de_DE\" \/>\n<meta property=\"og:type\" content=\"article\" \/>\n<meta property=\"og:title\" content=\"Anti Cellulite Treatment | Aesthe\" \/>\n<meta property=\"og:description\" content=\"The anti cellulite treatment is using the latest scientific methods to give you the perfect, firm skin to enhance the natural beauty of your body.\" \/>\n<meta property=\"og:url\" content=\"https:\/\/aesthe.ch\/treatments\/body-treatments\/anti-cellulite\/\" \/>\n<meta property=\"og:site_name\" content=\"Aesthe\" \/>\n<meta property=\"article:publisher\" content=\"https:\/\/www.facebook.com\/pages\/Aesthech\/233269250128188?ref=ts&amp;amp%3bamp%3bamp%3bfref=ts\" \/>\n<meta property=\"article:modified_time\" content=\"2016-07-08T18:32:59+00:00\" \/>\n<meta property=\"og:image\" content=\"https:\/\/aesthe.ch\/wp-content\/uploads\/2014\/02\/web-body-treatments-anti-cellulitis.jpg\" \/>\n<meta name=\"twitter:label1\" content=\"Gesch\u00e4tzte Lesezeit\" \/>\n\t<meta name=\"twitter:data1\" content=\"2\u00a0Minuten\" \/>\n<script type=\"application\/ld+json\" class=\"yoast-schema-graph\">{\"@context\":\"https:\/\/schema.org\",\"@graph\":[{\"@type\":\"WebPage\",\"@id\":\"https:\/\/aesthe.ch\/treatments\/body-treatments\/anti-cellulite\/\",\"url\":\"https:\/\/aesthe.ch\/treatments\/body-treatments\/anti-cellulite\/\",\"name\":\"Anti Cellulite Treatment | Aesthe\",\"isPartOf\":{\"@id\":\"https:\/\/aesthe.ch\/de\/#website\"},\"datePublished\":\"2014-02-24T05:21:49+00:00\",\"dateModified\":\"2016-07-08T18:32:59+00:00\",\"description\":\"The anti cellulite treatment is using the latest scientific methods to give you the perfect, firm skin to enhance the natural beauty of your body.\",\"breadcrumb\":{\"@id\":\"https:\/\/aesthe.ch\/treatments\/body-treatments\/anti-cellulite\/#breadcrumb\"},\"inLanguage\":\"de\",\"potentialAction\":[{\"@type\":\"ReadAction\",\"target\":[\"https:\/\/aesthe.ch\/treatments\/body-treatments\/anti-cellulite\/\"]}]},{\"@type\":\"BreadcrumbList\",\"@id\":\"https:\/\/aesthe.ch\/treatments\/body-treatments\/anti-cellulite\/#breadcrumb\",\"itemListElement\":[{\"@type\":\"ListItem\",\"position\":1,\"name\":\"Startseite\",\"item\":\"https:\/\/aesthe.ch\/de\/\"},{\"@type\":\"ListItem\",\"position\":2,\"name\":\"BEHANDLUNGEN\",\"item\":\"https:\/\/aesthe.ch\/de\/treatments\/\"},{\"@type\":\"ListItem\",\"position\":3,\"name\":\"BODY TREATMENTS\",\"item\":\"https:\/\/aesthe.ch\/treatments\/body-treatments\/\"},{\"@type\":\"ListItem\",\"position\":4,\"name\":\"Anti-cellulite treatment\"}]},{\"@type\":\"WebSite\",\"@id\":\"https:\/\/aesthe.ch\/de\/#website\",\"url\":\"https:\/\/aesthe.ch\/de\/\",\"name\":\"Aesthe\",\"description\":\"\",\"potentialAction\":[{\"@type\":\"SearchAction\",\"target\":{\"@type\":\"EntryPoint\",\"urlTemplate\":\"https:\/\/aesthe.ch\/de\/?s={search_term_string}\"},\"query-input\":\"required name=search_term_string\"}],\"inLanguage\":\"de\"}]}<\/script>\n<!-- \/ Yoast SEO plugin. -->","yoast_head_json":{"title":"Anti Cellulite Treatment | Aesthe","description":"The anti cellulite treatment is using the latest scientific methods to give you the perfect, firm skin to enhance the natural beauty of your body.","robots":{"index":"index","follow":"follow","max-snippet":"max-snippet:-1","max-image-preview":"max-image-preview:large","max-video-preview":"max-video-preview:-1"},"canonical":"https:\/\/aesthe.ch\/treatments\/body-treatments\/anti-cellulite\/","og_locale":"de_DE","og_type":"article","og_title":"Anti Cellulite Treatment | Aesthe","og_description":"The anti cellulite treatment is using the latest scientific methods to give you the perfect, firm skin to enhance the natural beauty of your body.","og_url":"https:\/\/aesthe.ch\/treatments\/body-treatments\/anti-cellulite\/","og_site_name":"Aesthe","article_publisher":"https:\/\/www.facebook.com\/pages\/Aesthech\/233269250128188?ref=ts&amp%3bamp%3bamp%3bfref=ts","article_modified_time":"2016-07-08T18:32:59+00:00","og_image":[{"url":"https:\/\/aesthe.ch\/wp-content\/uploads\/2014\/02\/web-body-treatments-anti-cellulitis.jpg"}],"twitter_misc":{"Gesch\u00e4tzte Lesezeit":"2\u00a0Minuten"},"schema":{"@context":"https:\/\/schema.org","@graph":[{"@type":"WebPage","@id":"https:\/\/aesthe.ch\/treatments\/body-treatments\/anti-cellulite\/","url":"https:\/\/aesthe.ch\/treatments\/body-treatments\/anti-cellulite\/","name":"Anti Cellulite Treatment | Aesthe","isPartOf":{"@id":"https:\/\/aesthe.ch\/de\/#website"},"datePublished":"2014-02-24T05:21:49+00:00","dateModified":"2016-07-08T18:32:59+00:00","description":"The anti cellulite treatment is using the latest scientific methods to give you the perfect, firm skin to enhance the natural beauty of your body.","breadcrumb":{"@id":"https:\/\/aesthe.ch\/treatments\/body-treatments\/anti-cellulite\/#breadcrumb"},"inLanguage":"de","potentialAction":[{"@type":"ReadAction","target":["https:\/\/aesthe.ch\/treatments\/body-treatments\/anti-cellulite\/"]}]},{"@type":"BreadcrumbList","@id":"https:\/\/aesthe.ch\/treatments\/body-treatments\/anti-cellulite\/#breadcrumb","itemListElement":[{"@type":"ListItem","position":1,"name":"Startseite","item":"https:\/\/aesthe.ch\/de\/"},{"@type":"ListItem","position":2,"name":"BEHANDLUNGEN","item":"https:\/\/aesthe.ch\/de\/treatments\/"},{"@type":"ListItem","position":3,"name":"BODY TREATMENTS","item":"https:\/\/aesthe.ch\/treatments\/body-treatments\/"},{"@type":"ListItem","position":4,"name":"Anti-cellulite treatment"}]},{"@type":"WebSite","@id":"https:\/\/aesthe.ch\/de\/#website","url":"https:\/\/aesthe.ch\/de\/","name":"Aesthe","description":"","potentialAction":[{"@type":"SearchAction","target":{"@type":"EntryPoint","urlTemplate":"https:\/\/aesthe.ch\/de\/?s={search_term_string}"},"query-input":"required name=search_term_string"}],"inLanguage":"de"}]}},"_links":{"self":[{"href":"https:\/\/aesthe.ch\/de\/wp-json\/wp\/v2\/pages\/124"}],"collection":[{"href":"https:\/\/aesthe.ch\/de\/wp-json\/wp\/v2\/pages"}],"about":[{"href":"https:\/\/aesthe.ch\/de\/wp-json\/wp\/v2\/types\/page"}],"author":[{"embeddable":true,"href":"https:\/\/aesthe.ch\/de\/wp-json\/wp\/v2\/users\/2"}],"replies":[{"embeddable":true,"href":"https:\/\/aesthe.ch\/de\/wp-json\/wp\/v2\/comments?post=124"}],"version-history":[{"count":50,"href":"https:\/\/aesthe.ch\/de\/wp-json\/wp\/v2\/pages\/124\/revisions"}],"predecessor-version":[{"id":2619,"href":"https:\/\/aesthe.ch\/de\/wp-json\/wp\/v2\/pages\/124\/revisions\/2619"}],"up":[{"embeddable":true,"href":"https:\/\/aesthe.ch\/de\/wp-json\/wp\/v2\/pages\/94"}],"wp:attachment":[{"href":"https:\/\/aesthe.ch\/de\/wp-json\/wp\/v2\/media?parent=124"}],"curies":[{"name":"wp","href":"https:\/\/api.w.org\/{rel}","templated":true}]}}